{"id":733,"date":"2019-10-30T06:15:34","date_gmt":"2019-10-30T06:15:34","guid":{"rendered":"https:\/\/seeco.es\/?post_type=product&#038;p=733"},"modified":"2025-09-17T05:28:00","modified_gmt":"2025-09-17T05:28:00","slug":"miembro-numerario-de-seeco","status":"publish","type":"product","link":"https:\/\/seeco.es\/en\/curso-ecografia\/miembro-numerario-de-seeco\/","title":{"rendered":"Full Member of SEECO"},"content":{"rendered":"<blockquote>\n<p class=\"NormalWeb2\">The application for membership will be reviewed by the Board of Directors of the Spanish Society of Ultrasound, which will verify that the applicant meets the requirements to acquire Member status.<\/p>\n<\/blockquote>\n<p style=\"text-align: center;\">DOWNLOAD AND SEND THE FOLLOWING REGISTRATION APPLICATION<br \/>\n<strong>ESSENTIAL REQUIREMENT<\/strong><br \/>\nSend by email or post<\/p>\n<div  class='avia-button-wrap av-11kf1-b39a80c11732b7b6bca7e197d8f4d0f6-wrap avia-button-center  avia-builder-el-0  el_before_av_hr  avia-builder-el-first'><a href='https:\/\/seeco.es\/wp-content\/uploads\/2022\/04\/SolicitudInscripcionSEECO.pdf'  class='avia-button av-11kf1-b39a80c11732b7b6bca7e197d8f4d0f6 av-link-btn avia-icon_select-yes-left-icon avia-size-large avia-position-center av-icon-on-hover avia-color-theme-color'  target=\"_blank\"  rel=\"noopener noreferrer\" title=\"REGISTRATION APPLICATION\" aria-label=\"REGISTRATION APPLICATION\"><span class='avia_button_icon avia_button_icon_left avia-iconfont avia-font-entypo-fontello' data-av_icon='\ue836' data-av_iconfont='entypo-fontello' ><\/span><span class='avia_iconbox_title' >REGISTRATION APPLICATION<\/span><\/a><\/div>\n\n<style type=\"text\/css\" data-created_by=\"avia_inline_auto\" id=\"style-css-av-fvy2l-3e9a464d91957bff0aea357344dfd568\">\n#top .hr.hr-invisible.av-fvy2l-3e9a464d91957bff0aea357344dfd568{\nheight:30px;\n}\n<\/style>\n<div  class='hr av-fvy2l-3e9a464d91957bff0aea357344dfd568 hr-invisible  avia-builder-el-1  el_after_av_button  avia-builder-el-last'><span class='hr-inner'><span class=\"hr-inner-style\"><\/span><\/span><\/div>\n<p class=\"NormalWeb2\">If the decision of the Board of Directors is in favour of the application, the decision must be ratified by the General Assembly by a two-thirds majority. Otherwise, the decision of the Board of Directors may be challenged before the General Assembly.<\/p>\n<p class=\"NormalWeb2\">Once approved by the General Assembly, membership in the Association and access to all the benefits derived from such status will be effective upon payment of the corresponding fee.<\/p>","protected":false},"excerpt":{"rendered":"<p>La solicitud de ingreso ser\u00e1 examinada por la Junta Directiva de la Sociedad Espa\u00f1ola de Ecograf\u00eda, que comprobar\u00e1 el cumplimiento de los requisitos por parte del solicitante para adquirir la condici\u00f3n de Miembro. DESCARGAR Y ENVIAR LA SIGUIENTE SOLICITUD DE INSCRIPCI\u00d3N REQUISITO IMPRESCINDIBLE Enviar por email o correo postal Si la decisi\u00f3n de la Junta [&hellip;]<\/p>\n","protected":false},"featured_media":2714,"template":"","meta":[],"product_brand":[],"product_cat":[34],"product_tag":[],"class_list":{"0":"post-733","1":"product","2":"type-product","3":"status-publish","4":"has-post-thumbnail","6":"product_cat-socio-seeco","8":"first","9":"instock","10":"sold-individually","11":"taxable","12":"shipping-taxable","13":"purchasable","14":"product-type-simple"},"yoast_head":"<!-- This site is optimized with the Yoast SEO plugin v27.4 - https:\/\/yoast.com\/product\/yoast-seo-wordpress\/ -->\n<title>Miembro Numerario de SEECO - SEECO<\/title>\n<meta name=\"robots\" content=\"index, follow, max-snippet:-1, max-image-preview:large, max-video-preview:-1\" \/>\n<link rel=\"canonical\" href=\"https:\/\/seeco.es\/en\/curso-ecografia\/miembro-numerario-de-seeco\/\" \/>\n<meta property=\"og:locale\" content=\"en_GB\" \/>\n<meta property=\"og:type\" content=\"article\" \/>\n<meta property=\"og:title\" content=\"Miembro Numerario de SEECO - SEECO\" \/>\n<meta property=\"og:description\" content=\"La solicitud de ingreso ser\u00e1 examinada por la Junta Directiva de la Sociedad Espa\u00f1ola de Ecograf\u00eda, que comprobar\u00e1 el cumplimiento de los requisitos por parte del solicitante para adquirir la condici\u00f3n de Miembro. DESCARGAR Y ENVIAR LA SIGUIENTE SOLICITUD DE INSCRIPCI\u00d3N REQUISITO IMPRESCINDIBLE Enviar por email o correo postal Si la decisi\u00f3n de la Junta [&hellip;]\" \/>\n<meta property=\"og:url\" content=\"https:\/\/seeco.es\/en\/curso-ecografia\/miembro-numerario-de-seeco\/\" \/>\n<meta property=\"og:site_name\" content=\"SEECO\" \/>\n<meta property=\"article:modified_time\" content=\"2025-09-17T05:28:00+00:00\" \/>\n<meta property=\"og:image\" content=\"https:\/\/seeco.es\/wp-content\/uploads\/2025\/05\/SEECO-Sociedad-Espanola-de-Ecografia-VI.jpg\" \/>\n\t<meta property=\"og:image:width\" content=\"1100\" \/>\n\t<meta property=\"og:image:height\" content=\"825\" \/>\n\t<meta property=\"og:image:type\" content=\"image\/jpeg\" \/>\n<meta name=\"twitter:card\" content=\"summary_large_image\" \/>\n<meta name=\"twitter:label1\" content=\"Estimated reading time\" \/>\n\t<meta name=\"twitter:data1\" content=\"1 minute\" \/>\n<script type=\"application\/ld+json\" class=\"yoast-schema-graph\">{\"@context\":\"https:\\\/\\\/schema.org\",\"@graph\":[{\"@type\":\"WebPage\",\"@id\":\"https:\\\/\\\/seeco.es\\\/curso-ecografia\\\/miembro-numerario-de-seeco\\\/\",\"url\":\"https:\\\/\\\/seeco.es\\\/curso-ecografia\\\/miembro-numerario-de-seeco\\\/\",\"name\":\"Miembro Numerario de SEECO - SEECO\",\"isPartOf\":{\"@id\":\"https:\\\/\\\/seeco.es\\\/#website\"},\"primaryImageOfPage\":{\"@id\":\"https:\\\/\\\/seeco.es\\\/curso-ecografia\\\/miembro-numerario-de-seeco\\\/#primaryimage\"},\"image\":{\"@id\":\"https:\\\/\\\/seeco.es\\\/curso-ecografia\\\/miembro-numerario-de-seeco\\\/#primaryimage\"},\"thumbnailUrl\":\"https:\\\/\\\/seeco.es\\\/wp-content\\\/uploads\\\/2025\\\/05\\\/SEECO-Sociedad-Espanola-de-Ecografia-VI.jpg\",\"datePublished\":\"2019-10-30T06:15:34+00:00\",\"dateModified\":\"2025-09-17T05:28:00+00:00\",\"breadcrumb\":{\"@id\":\"https:\\\/\\\/seeco.es\\\/curso-ecografia\\\/miembro-numerario-de-seeco\\\/#breadcrumb\"},\"inLanguage\":\"en-GB\",\"potentialAction\":[{\"@type\":\"ReadAction\",\"target\":[\"https:\\\/\\\/seeco.es\\\/curso-ecografia\\\/miembro-numerario-de-seeco\\\/\"]}]},{\"@type\":\"ImageObject\",\"inLanguage\":\"en-GB\",\"@id\":\"https:\\\/\\\/seeco.es\\\/curso-ecografia\\\/miembro-numerario-de-seeco\\\/#primaryimage\",\"url\":\"https:\\\/\\\/seeco.es\\\/wp-content\\\/uploads\\\/2025\\\/05\\\/SEECO-Sociedad-Espanola-de-Ecografia-VI.jpg\",\"contentUrl\":\"https:\\\/\\\/seeco.es\\\/wp-content\\\/uploads\\\/2025\\\/05\\\/SEECO-Sociedad-Espanola-de-Ecografia-VI.jpg\",\"width\":1100,\"height\":825,\"caption\":\"Hazte socio (SEECO)\"},{\"@type\":\"BreadcrumbList\",\"@id\":\"https:\\\/\\\/seeco.es\\\/curso-ecografia\\\/miembro-numerario-de-seeco\\\/#breadcrumb\",\"itemListElement\":[{\"@type\":\"ListItem\",\"position\":1,\"name\":\"Portada\",\"item\":\"https:\\\/\\\/seeco.es\\\/seeco\\\/\"},{\"@type\":\"ListItem\",\"position\":2,\"name\":\"Tienda\",\"item\":\"https:\\\/\\\/seeco.es\\\/en\\\/tienda\\\/\"},{\"@type\":\"ListItem\",\"position\":3,\"name\":\"Miembro Numerario de SEECO\"}]},{\"@type\":\"WebSite\",\"@id\":\"https:\\\/\\\/seeco.es\\\/#website\",\"url\":\"https:\\\/\\\/seeco.es\\\/\",\"name\":\"SEECO\",\"description\":\"Sociedad Espa\u00f1ola de Ecograf\u00eda\",\"potentialAction\":[{\"@type\":\"SearchAction\",\"target\":{\"@type\":\"EntryPoint\",\"urlTemplate\":\"https:\\\/\\\/seeco.es\\\/?s={search_term_string}\"},\"query-input\":{\"@type\":\"PropertyValueSpecification\",\"valueRequired\":true,\"valueName\":\"search_term_string\"}}],\"inLanguage\":\"en-GB\"}]}<\/script>\n<!-- \/ Yoast SEO plugin. -->","yoast_head_json":{"title":"Full Member of SEECO - SEECO","robots":{"index":"index","follow":"follow","max-snippet":"max-snippet:-1","max-image-preview":"max-image-preview:large","max-video-preview":"max-video-preview:-1"},"canonical":"https:\/\/seeco.es\/en\/curso-ecografia\/miembro-numerario-de-seeco\/","og_locale":"en_GB","og_type":"article","og_title":"Miembro Numerario de SEECO - SEECO","og_description":"La solicitud de ingreso ser\u00e1 examinada por la Junta Directiva de la Sociedad Espa\u00f1ola de Ecograf\u00eda, que comprobar\u00e1 el cumplimiento de los requisitos por parte del solicitante para adquirir la condici\u00f3n de Miembro. DESCARGAR Y ENVIAR LA SIGUIENTE SOLICITUD DE INSCRIPCI\u00d3N REQUISITO IMPRESCINDIBLE Enviar por email o correo postal Si la decisi\u00f3n de la Junta [&hellip;]","og_url":"https:\/\/seeco.es\/en\/curso-ecografia\/miembro-numerario-de-seeco\/","og_site_name":"SEECO","article_modified_time":"2025-09-17T05:28:00+00:00","og_image":[{"width":1100,"height":825,"url":"https:\/\/seeco.es\/wp-content\/uploads\/2025\/05\/SEECO-Sociedad-Espanola-de-Ecografia-VI.jpg","type":"image\/jpeg"}],"twitter_card":"summary_large_image","twitter_misc":{"Estimated reading time":"1 minute"},"schema":{"@context":"https:\/\/schema.org","@graph":[{"@type":"WebPage","@id":"https:\/\/seeco.es\/curso-ecografia\/miembro-numerario-de-seeco\/","url":"https:\/\/seeco.es\/curso-ecografia\/miembro-numerario-de-seeco\/","name":"Full Member of SEECO - SEECO","isPartOf":{"@id":"https:\/\/seeco.es\/#website"},"primaryImageOfPage":{"@id":"https:\/\/seeco.es\/curso-ecografia\/miembro-numerario-de-seeco\/#primaryimage"},"image":{"@id":"https:\/\/seeco.es\/curso-ecografia\/miembro-numerario-de-seeco\/#primaryimage"},"thumbnailUrl":"https:\/\/seeco.es\/wp-content\/uploads\/2025\/05\/SEECO-Sociedad-Espanola-de-Ecografia-VI.jpg","datePublished":"2019-10-30T06:15:34+00:00","dateModified":"2025-09-17T05:28:00+00:00","breadcrumb":{"@id":"https:\/\/seeco.es\/curso-ecografia\/miembro-numerario-de-seeco\/#breadcrumb"},"inLanguage":"en-GB","potentialAction":[{"@type":"ReadAction","target":["https:\/\/seeco.es\/curso-ecografia\/miembro-numerario-de-seeco\/"]}]},{"@type":"ImageObject","inLanguage":"en-GB","@id":"https:\/\/seeco.es\/curso-ecografia\/miembro-numerario-de-seeco\/#primaryimage","url":"https:\/\/seeco.es\/wp-content\/uploads\/2025\/05\/SEECO-Sociedad-Espanola-de-Ecografia-VI.jpg","contentUrl":"https:\/\/seeco.es\/wp-content\/uploads\/2025\/05\/SEECO-Sociedad-Espanola-de-Ecografia-VI.jpg","width":1100,"height":825,"caption":"Hazte socio (SEECO)"},{"@type":"BreadcrumbList","@id":"https:\/\/seeco.es\/curso-ecografia\/miembro-numerario-de-seeco\/#breadcrumb","itemListElement":[{"@type":"ListItem","position":1,"name":"Portada","item":"https:\/\/seeco.es\/seeco\/"},{"@type":"ListItem","position":2,"name":"Tienda","item":"https:\/\/seeco.es\/en\/tienda\/"},{"@type":"ListItem","position":3,"name":"Miembro Numerario de SEECO"}]},{"@type":"WebSite","@id":"https:\/\/seeco.es\/#website","url":"https:\/\/seeco.es\/","name":"SEECO","description":"Spanish Society of Ultrasound","potentialAction":[{"@type":"SearchAction","target":{"@type":"EntryPoint","urlTemplate":"https:\/\/seeco.es\/?s={search_term_string}"},"query-input":{"@type":"PropertyValueSpecification","valueRequired":true,"valueName":"search_term_string"}}],"inLanguage":"en-GB"}]}},"_links":{"self":[{"href":"https:\/\/seeco.es\/en\/wp-json\/wp\/v2\/product\/733","targetHints":{"allow":["GET"]}}],"collection":[{"href":"https:\/\/seeco.es\/en\/wp-json\/wp\/v2\/product"}],"about":[{"href":"https:\/\/seeco.es\/en\/wp-json\/wp\/v2\/types\/product"}],"wp:featuredmedia":[{"embeddable":true,"href":"https:\/\/seeco.es\/en\/wp-json\/wp\/v2\/media\/2714"}],"wp:attachment":[{"href":"https:\/\/seeco.es\/en\/wp-json\/wp\/v2\/media?parent=733"}],"wp:term":[{"taxonomy":"product_brand","embeddable":true,"href":"https:\/\/seeco.es\/en\/wp-json\/wp\/v2\/product_brand?post=733"},{"taxonomy":"product_cat","embeddable":true,"href":"https:\/\/seeco.es\/en\/wp-json\/wp\/v2\/product_cat?post=733"},{"taxonomy":"product_tag","embeddable":true,"href":"https:\/\/seeco.es\/en\/wp-json\/wp\/v2\/product_tag?post=733"}],"curies":[{"name":"wp","href":"https:\/\/api.w.org\/{rel}","templated":true}]}}