{"id":3757,"date":"2025-11-06T16:43:04","date_gmt":"2025-11-06T16:43:04","guid":{"rendered":"https:\/\/seeco.es\/?post_type=product&#038;p=3757"},"modified":"2025-12-31T08:47:47","modified_gmt":"2025-12-31T08:47:47","slug":"acreditacion-en-composicion-corporal-mediante-ecografia","status":"publish","type":"product","link":"https:\/\/seeco.es\/en\/curso-ecografia\/acreditacion-en-composicion-corporal-mediante-ecografia\/","title":{"rendered":"Acreditaci\u00f3n en composici\u00f3n corporal mediante ecograf\u00eda"},"content":{"rendered":"<h2 style=\"text-align: left;\">Acreditaci\u00f3n en composici\u00f3n corporal mediante ecograf\u00eda<\/h2>\n<h3>30 de enero en Barcelona<\/h3>\n<p><a href=\"https:\/\/seeco.es\/wp-content\/uploads\/2025\/11\/04-CondicionesAcreditacionCompoCorporal-1.pdf\" target=\"_blank\" rel=\"noopener\">CONDICIONES ACREDITACI\u00d3N<\/a><\/p>\n<p class=\"p1\"><span class=\"s1\">Technical Secretariat: <\/span><b>Spanish Society of Ultrasound<\/b><\/p>\n<ul>\n<li class=\"p3\"><span class=\"s4\"><b>Phone: <a href=\"tel:+34 655 694 698\">+34 655 694 698<\/a> <\/b><\/span><\/li>\n<li class=\"p3\"><span class=\"s5\"><b>E-mail: <\/b><\/span><a href=\"mailto:secretariatecnica@seeco.es\"><span class=\"s5\"><b>secretariatecnica@seeco.es<\/b><\/span><\/a><\/li>\n<\/ul>\n<p>&nbsp;<\/p>","protected":false},"excerpt":{"rendered":"<p style=\"text-align: center;\">El 30 de enero de 2026<br \/>\nBARCELONA<\/p>","protected":false},"featured_media":3841,"template":"","meta":[],"product_brand":[],"product_cat":[77],"product_tag":[],"class_list":{"0":"post-3757","1":"product","2":"type-product","3":"status-publish","4":"has-post-thumbnail","6":"product_cat-actividades-realizadas","8":"first","9":"instock","10":"sold-individually","11":"taxable","12":"shipping-taxable","13":"product-type-simple"},"yoast_head":"<!-- This site is optimized with the Yoast SEO plugin v27.5 - https:\/\/yoast.com\/product\/yoast-seo-wordpress\/ -->\n<title>Acreditaci\u00f3n en composici\u00f3n corporal mediante ecograf\u00eda<\/title>\n<meta name=\"description\" content=\"DIRIGIDO A Licenciados en medicina y cirug\u00eda, nutricionistas y profesionales que trabajen en el \u00e1mbito de la nutrici\u00f3n, endocrinolog\u00eda y riesgo cardiovascular.\" \/>\n<meta name=\"robots\" content=\"index, follow, max-snippet:-1, max-image-preview:large, max-video-preview:-1\" \/>\n<link rel=\"canonical\" href=\"https:\/\/seeco.es\/en\/curso-ecografia\/acreditacion-en-composicion-corporal-mediante-ecografia\/\" \/>\n<meta property=\"og:locale\" content=\"en_GB\" \/>\n<meta property=\"og:type\" content=\"article\" \/>\n<meta property=\"og:title\" content=\"Acreditaci\u00f3n en composici\u00f3n corporal mediante ecograf\u00eda\" \/>\n<meta property=\"og:description\" content=\"DIRIGIDO A Licenciados en medicina y cirug\u00eda, nutricionistas y profesionales que trabajen en el \u00e1mbito de la nutrici\u00f3n, endocrinolog\u00eda y riesgo cardiovascular.\" \/>\n<meta property=\"og:url\" content=\"https:\/\/seeco.es\/en\/curso-ecografia\/acreditacion-en-composicion-corporal-mediante-ecografia\/\" \/>\n<meta property=\"og:site_name\" content=\"SEECO\" \/>\n<meta property=\"article:modified_time\" content=\"2025-12-31T08:47:47+00:00\" \/>\n<meta property=\"og:image\" content=\"https:\/\/seeco.es\/wp-content\/uploads\/2025\/11\/04-WebComposicionCorporalAcreditacion26-600x600-1.jpg\" \/>\n\t<meta property=\"og:image:width\" content=\"600\" \/>\n\t<meta property=\"og:image:height\" content=\"600\" \/>\n\t<meta property=\"og:image:type\" content=\"image\/jpeg\" \/>\n<meta name=\"twitter:card\" content=\"summary_large_image\" \/>\n<meta name=\"twitter:label1\" content=\"Estimated reading time\" \/>\n\t<meta name=\"twitter:data1\" content=\"1 minute\" \/>\n<script type=\"application\/ld+json\" class=\"yoast-schema-graph\">{\"@context\":\"https:\\\/\\\/schema.org\",\"@graph\":[{\"@type\":\"WebPage\",\"@id\":\"https:\\\/\\\/seeco.es\\\/curso-ecografia\\\/acreditacion-en-composicion-corporal-mediante-ecografia\\\/\",\"url\":\"https:\\\/\\\/seeco.es\\\/curso-ecografia\\\/acreditacion-en-composicion-corporal-mediante-ecografia\\\/\",\"name\":\"Acreditaci\u00f3n en composici\u00f3n corporal mediante ecograf\u00eda\",\"isPartOf\":{\"@id\":\"https:\\\/\\\/seeco.es\\\/#website\"},\"primaryImageOfPage\":{\"@id\":\"https:\\\/\\\/seeco.es\\\/curso-ecografia\\\/acreditacion-en-composicion-corporal-mediante-ecografia\\\/#primaryimage\"},\"image\":{\"@id\":\"https:\\\/\\\/seeco.es\\\/curso-ecografia\\\/acreditacion-en-composicion-corporal-mediante-ecografia\\\/#primaryimage\"},\"thumbnailUrl\":\"https:\\\/\\\/seeco.es\\\/wp-content\\\/uploads\\\/2025\\\/11\\\/04-WebComposicionCorporalAcreditacion26-600x600-1.jpg\",\"datePublished\":\"2025-11-06T16:43:04+00:00\",\"dateModified\":\"2025-12-31T08:47:47+00:00\",\"description\":\"DIRIGIDO A Licenciados en medicina y cirug\u00eda, nutricionistas y profesionales que trabajen en el \u00e1mbito de la nutrici\u00f3n, endocrinolog\u00eda y riesgo cardiovascular.\",\"breadcrumb\":{\"@id\":\"https:\\\/\\\/seeco.es\\\/curso-ecografia\\\/acreditacion-en-composicion-corporal-mediante-ecografia\\\/#breadcrumb\"},\"inLanguage\":\"en-GB\",\"potentialAction\":[{\"@type\":\"ReadAction\",\"target\":[\"https:\\\/\\\/seeco.es\\\/curso-ecografia\\\/acreditacion-en-composicion-corporal-mediante-ecografia\\\/\"]}]},{\"@type\":\"ImageObject\",\"inLanguage\":\"en-GB\",\"@id\":\"https:\\\/\\\/seeco.es\\\/curso-ecografia\\\/acreditacion-en-composicion-corporal-mediante-ecografia\\\/#primaryimage\",\"url\":\"https:\\\/\\\/seeco.es\\\/wp-content\\\/uploads\\\/2025\\\/11\\\/04-WebComposicionCorporalAcreditacion26-600x600-1.jpg\",\"contentUrl\":\"https:\\\/\\\/seeco.es\\\/wp-content\\\/uploads\\\/2025\\\/11\\\/04-WebComposicionCorporalAcreditacion26-600x600-1.jpg\",\"width\":600,\"height\":600,\"caption\":\"Acreditaci\u00f3n en composici\u00f3n corporal mediante ecograf\u00eda\"},{\"@type\":\"BreadcrumbList\",\"@id\":\"https:\\\/\\\/seeco.es\\\/curso-ecografia\\\/acreditacion-en-composicion-corporal-mediante-ecografia\\\/#breadcrumb\",\"itemListElement\":[{\"@type\":\"ListItem\",\"position\":1,\"name\":\"Portada\",\"item\":\"https:\\\/\\\/seeco.es\\\/seeco\\\/\"},{\"@type\":\"ListItem\",\"position\":2,\"name\":\"Tienda\",\"item\":\"https:\\\/\\\/seeco.es\\\/en\\\/tienda\\\/\"},{\"@type\":\"ListItem\",\"position\":3,\"name\":\"Acreditaci\u00f3n en composici\u00f3n corporal mediante ecograf\u00eda\"}]},{\"@type\":\"WebSite\",\"@id\":\"https:\\\/\\\/seeco.es\\\/#website\",\"url\":\"https:\\\/\\\/seeco.es\\\/\",\"name\":\"SEECO\",\"description\":\"Sociedad Espa\u00f1ola de Ecograf\u00eda\",\"potentialAction\":[{\"@type\":\"SearchAction\",\"target\":{\"@type\":\"EntryPoint\",\"urlTemplate\":\"https:\\\/\\\/seeco.es\\\/?s={search_term_string}\"},\"query-input\":{\"@type\":\"PropertyValueSpecification\",\"valueRequired\":true,\"valueName\":\"search_term_string\"}}],\"inLanguage\":\"en-GB\"}]}<\/script>\n<!-- \/ Yoast SEO plugin. -->","yoast_head_json":{"title":"Acreditaci\u00f3n en composici\u00f3n corporal mediante ecograf\u00eda","description":"DIRIGIDO A Licenciados en medicina y cirug\u00eda, nutricionistas y profesionales que trabajen en el \u00e1mbito de la nutrici\u00f3n, endocrinolog\u00eda y riesgo cardiovascular.","robots":{"index":"index","follow":"follow","max-snippet":"max-snippet:-1","max-image-preview":"max-image-preview:large","max-video-preview":"max-video-preview:-1"},"canonical":"https:\/\/seeco.es\/en\/curso-ecografia\/acreditacion-en-composicion-corporal-mediante-ecografia\/","og_locale":"en_GB","og_type":"article","og_title":"Acreditaci\u00f3n en composici\u00f3n corporal mediante ecograf\u00eda","og_description":"DIRIGIDO A Licenciados en medicina y cirug\u00eda, nutricionistas y profesionales que trabajen en el \u00e1mbito de la nutrici\u00f3n, endocrinolog\u00eda y riesgo cardiovascular.","og_url":"https:\/\/seeco.es\/en\/curso-ecografia\/acreditacion-en-composicion-corporal-mediante-ecografia\/","og_site_name":"SEECO","article_modified_time":"2025-12-31T08:47:47+00:00","og_image":[{"width":600,"height":600,"url":"https:\/\/seeco.es\/wp-content\/uploads\/2025\/11\/04-WebComposicionCorporalAcreditacion26-600x600-1.jpg","type":"image\/jpeg"}],"twitter_card":"summary_large_image","twitter_misc":{"Estimated reading time":"1 minute"},"schema":{"@context":"https:\/\/schema.org","@graph":[{"@type":"WebPage","@id":"https:\/\/seeco.es\/curso-ecografia\/acreditacion-en-composicion-corporal-mediante-ecografia\/","url":"https:\/\/seeco.es\/curso-ecografia\/acreditacion-en-composicion-corporal-mediante-ecografia\/","name":"Acreditaci\u00f3n en composici\u00f3n corporal mediante ecograf\u00eda","isPartOf":{"@id":"https:\/\/seeco.es\/#website"},"primaryImageOfPage":{"@id":"https:\/\/seeco.es\/curso-ecografia\/acreditacion-en-composicion-corporal-mediante-ecografia\/#primaryimage"},"image":{"@id":"https:\/\/seeco.es\/curso-ecografia\/acreditacion-en-composicion-corporal-mediante-ecografia\/#primaryimage"},"thumbnailUrl":"https:\/\/seeco.es\/wp-content\/uploads\/2025\/11\/04-WebComposicionCorporalAcreditacion26-600x600-1.jpg","datePublished":"2025-11-06T16:43:04+00:00","dateModified":"2025-12-31T08:47:47+00:00","description":"DIRIGIDO A Licenciados en medicina y cirug\u00eda, nutricionistas y profesionales que trabajen en el \u00e1mbito de la nutrici\u00f3n, endocrinolog\u00eda y riesgo cardiovascular.","breadcrumb":{"@id":"https:\/\/seeco.es\/curso-ecografia\/acreditacion-en-composicion-corporal-mediante-ecografia\/#breadcrumb"},"inLanguage":"en-GB","potentialAction":[{"@type":"ReadAction","target":["https:\/\/seeco.es\/curso-ecografia\/acreditacion-en-composicion-corporal-mediante-ecografia\/"]}]},{"@type":"ImageObject","inLanguage":"en-GB","@id":"https:\/\/seeco.es\/curso-ecografia\/acreditacion-en-composicion-corporal-mediante-ecografia\/#primaryimage","url":"https:\/\/seeco.es\/wp-content\/uploads\/2025\/11\/04-WebComposicionCorporalAcreditacion26-600x600-1.jpg","contentUrl":"https:\/\/seeco.es\/wp-content\/uploads\/2025\/11\/04-WebComposicionCorporalAcreditacion26-600x600-1.jpg","width":600,"height":600,"caption":"Acreditaci\u00f3n en composici\u00f3n corporal mediante ecograf\u00eda"},{"@type":"BreadcrumbList","@id":"https:\/\/seeco.es\/curso-ecografia\/acreditacion-en-composicion-corporal-mediante-ecografia\/#breadcrumb","itemListElement":[{"@type":"ListItem","position":1,"name":"Portada","item":"https:\/\/seeco.es\/seeco\/"},{"@type":"ListItem","position":2,"name":"Tienda","item":"https:\/\/seeco.es\/en\/tienda\/"},{"@type":"ListItem","position":3,"name":"Acreditaci\u00f3n en composici\u00f3n corporal mediante ecograf\u00eda"}]},{"@type":"WebSite","@id":"https:\/\/seeco.es\/#website","url":"https:\/\/seeco.es\/","name":"SEECO","description":"Spanish Society of Ultrasound","potentialAction":[{"@type":"SearchAction","target":{"@type":"EntryPoint","urlTemplate":"https:\/\/seeco.es\/?s={search_term_string}"},"query-input":{"@type":"PropertyValueSpecification","valueRequired":true,"valueName":"search_term_string"}}],"inLanguage":"en-GB"}]}},"_links":{"self":[{"href":"https:\/\/seeco.es\/en\/wp-json\/wp\/v2\/product\/3757","targetHints":{"allow":["GET"]}}],"collection":[{"href":"https:\/\/seeco.es\/en\/wp-json\/wp\/v2\/product"}],"about":[{"href":"https:\/\/seeco.es\/en\/wp-json\/wp\/v2\/types\/product"}],"wp:featuredmedia":[{"embeddable":true,"href":"https:\/\/seeco.es\/en\/wp-json\/wp\/v2\/media\/3841"}],"wp:attachment":[{"href":"https:\/\/seeco.es\/en\/wp-json\/wp\/v2\/media?parent=3757"}],"wp:term":[{"taxonomy":"product_brand","embeddable":true,"href":"https:\/\/seeco.es\/en\/wp-json\/wp\/v2\/product_brand?post=3757"},{"taxonomy":"product_cat","embeddable":true,"href":"https:\/\/seeco.es\/en\/wp-json\/wp\/v2\/product_cat?post=3757"},{"taxonomy":"product_tag","embeddable":true,"href":"https:\/\/seeco.es\/en\/wp-json\/wp\/v2\/product_tag?post=3757"}],"curies":[{"name":"wp","href":"https:\/\/api.w.org\/{rel}","templated":true}]}}