{"id":3505,"date":"2024-11-22T15:04:27","date_gmt":"2024-11-22T15:04:27","guid":{"rendered":"https:\/\/seeco.es\/?post_type=product&#038;p=3505"},"modified":"2025-09-19T10:49:09","modified_gmt":"2025-09-19T10:49:09","slug":"ii-curso-hibrido-de-ecografia-musculoesqueletica-lesiones-de-hombro","status":"publish","type":"product","link":"https:\/\/seeco.es\/en\/curso-ecografia\/ii-curso-hibrido-de-ecografia-musculoesqueletica-lesiones-de-hombro\/","title":{"rendered":"II Curso H\u00edbrido de Ecograf\u00eda Musculoesquel\u00e9tica, Lesiones de Hombro"},"content":{"rendered":"<h2 style=\"text-align: left;\">II Curso H\u00edbrido de Ecograf\u00eda Musculoesquel\u00e9tica, Lesiones de Hombro<\/h2>\n<p><a href=\"https:\/\/fenincodigoetico.org\/eventos\/ii-curso-hibrido-de-ecografia-musculoesqueletica-lesiones-de-hombro\/\"><strong>COURSE VALIDATED BY FENIN<\/strong><\/a><\/p>\n<p><a href=\"http:\/\/grafismoautoedicion.com\/Pdf\/04-CursoHibridoHombro24.pdf\" target=\"_blank\" rel=\"noopener\">PROGRAM DETAILS<\/a><\/p>\n<p style=\"text-align: left;\">Registration includes attendance at sessions, coffee breaks and a working lunch.<\/p>\n<p class=\"p1\"><span class=\"s1\">Technical Secretariat: <\/span><b>Spanish Society of Ultrasound<\/b><\/p>\n<ul>\n<li class=\"p3\"><span class=\"s4\"><b>Phone: <a href=\"tel:+34 655 694 698\">+34 655 694 698<\/a> <\/b><\/span><\/li>\n<li class=\"p3\"><span class=\"s5\"><b>E-mail: <\/b><\/span><a href=\"mailto:secretariatecnica@seeco.es\"><span class=\"s5\"><b>secretariatecnica@seeco.es<\/b><\/span><\/a><\/li>\n<\/ul>\n<p>&nbsp;<\/p>","protected":false},"excerpt":{"rendered":"<p style=\"text-align: center;\">22 de noviembre de 2024<br \/>\nMADRID<\/p>","protected":false},"featured_media":3495,"template":"","meta":[],"product_brand":[],"product_cat":[77],"product_tag":[],"class_list":{"0":"post-3505","1":"product","2":"type-product","3":"status-publish","4":"has-post-thumbnail","6":"product_cat-actividades-realizadas","8":"first","9":"outofstock","10":"virtual","11":"sold-individually","12":"taxable","13":"product-type-simple"},"yoast_head":"<!-- This site is optimized with the Yoast SEO plugin v27.5 - https:\/\/yoast.com\/product\/yoast-seo-wordpress\/ -->\n<title>Curso de Ecograf\u00eda Cl\u00ednica Abdominal Pedi\u00e1trica<\/title>\n<meta name=\"description\" content=\"Ecograf\u00eda Cl\u00ednica Abdominal Pedi\u00e1trica. 5 de abril de 2025 en Madrid, organizado por SEECO. Todos los detalles del curso, AQU\u00cd!!!\" \/>\n<meta name=\"robots\" content=\"index, follow, max-snippet:-1, max-image-preview:large, max-video-preview:-1\" \/>\n<link rel=\"canonical\" href=\"https:\/\/seeco.es\/en\/curso-ecografia\/ii-curso-hibrido-de-ecografia-musculoesqueletica-lesiones-de-hombro\/\" \/>\n<meta property=\"og:locale\" content=\"en_GB\" \/>\n<meta property=\"og:type\" content=\"article\" \/>\n<meta property=\"og:title\" content=\"Curso de Ecograf\u00eda Cl\u00ednica Abdominal Pedi\u00e1trica\" \/>\n<meta property=\"og:description\" content=\"Ecograf\u00eda Cl\u00ednica Abdominal Pedi\u00e1trica. 5 de abril de 2025 en Madrid, organizado por SEECO. Todos los detalles del curso, AQU\u00cd!!!\" \/>\n<meta property=\"og:url\" content=\"https:\/\/seeco.es\/en\/curso-ecografia\/ii-curso-hibrido-de-ecografia-musculoesqueletica-lesiones-de-hombro\/\" \/>\n<meta property=\"og:site_name\" content=\"SEECO\" \/>\n<meta property=\"article:modified_time\" content=\"2025-09-19T10:49:09+00:00\" \/>\n<meta property=\"og:image\" content=\"https:\/\/seeco.es\/wp-content\/uploads\/2025\/09\/04-CursoHibridoHombro24-600x600-1.jpg\" \/>\n\t<meta property=\"og:image:width\" content=\"600\" \/>\n\t<meta property=\"og:image:height\" content=\"600\" \/>\n\t<meta property=\"og:image:type\" content=\"image\/jpeg\" \/>\n<meta name=\"twitter:card\" content=\"summary_large_image\" \/>\n<meta name=\"twitter:label1\" content=\"Estimated reading time\" \/>\n\t<meta name=\"twitter:data1\" content=\"1 minute\" \/>\n<script type=\"application\/ld+json\" class=\"yoast-schema-graph\">{\"@context\":\"https:\\\/\\\/schema.org\",\"@graph\":[{\"@type\":\"WebPage\",\"@id\":\"https:\\\/\\\/seeco.es\\\/curso-ecografia\\\/ii-curso-hibrido-de-ecografia-musculoesqueletica-lesiones-de-hombro\\\/\",\"url\":\"https:\\\/\\\/seeco.es\\\/curso-ecografia\\\/ii-curso-hibrido-de-ecografia-musculoesqueletica-lesiones-de-hombro\\\/\",\"name\":\"Curso de Ecograf\u00eda Cl\u00ednica Abdominal Pedi\u00e1trica\",\"isPartOf\":{\"@id\":\"https:\\\/\\\/seeco.es\\\/#website\"},\"primaryImageOfPage\":{\"@id\":\"https:\\\/\\\/seeco.es\\\/curso-ecografia\\\/ii-curso-hibrido-de-ecografia-musculoesqueletica-lesiones-de-hombro\\\/#primaryimage\"},\"image\":{\"@id\":\"https:\\\/\\\/seeco.es\\\/curso-ecografia\\\/ii-curso-hibrido-de-ecografia-musculoesqueletica-lesiones-de-hombro\\\/#primaryimage\"},\"thumbnailUrl\":\"https:\\\/\\\/seeco.es\\\/wp-content\\\/uploads\\\/2025\\\/09\\\/04-CursoHibridoHombro24-600x600-1.jpg\",\"datePublished\":\"2024-11-22T15:04:27+00:00\",\"dateModified\":\"2025-09-19T10:49:09+00:00\",\"description\":\"Ecograf\u00eda Cl\u00ednica Abdominal Pedi\u00e1trica. 5 de abril de 2025 en Madrid, organizado por SEECO. Todos los detalles del curso, AQU\u00cd!!!\",\"breadcrumb\":{\"@id\":\"https:\\\/\\\/seeco.es\\\/curso-ecografia\\\/ii-curso-hibrido-de-ecografia-musculoesqueletica-lesiones-de-hombro\\\/#breadcrumb\"},\"inLanguage\":\"en-GB\",\"potentialAction\":[{\"@type\":\"ReadAction\",\"target\":[\"https:\\\/\\\/seeco.es\\\/curso-ecografia\\\/ii-curso-hibrido-de-ecografia-musculoesqueletica-lesiones-de-hombro\\\/\"]}]},{\"@type\":\"ImageObject\",\"inLanguage\":\"en-GB\",\"@id\":\"https:\\\/\\\/seeco.es\\\/curso-ecografia\\\/ii-curso-hibrido-de-ecografia-musculoesqueletica-lesiones-de-hombro\\\/#primaryimage\",\"url\":\"https:\\\/\\\/seeco.es\\\/wp-content\\\/uploads\\\/2025\\\/09\\\/04-CursoHibridoHombro24-600x600-1.jpg\",\"contentUrl\":\"https:\\\/\\\/seeco.es\\\/wp-content\\\/uploads\\\/2025\\\/09\\\/04-CursoHibridoHombro24-600x600-1.jpg\",\"width\":600,\"height\":600,\"caption\":\"II Curso H\u00edbrido de Ecograf\u00eda Musculoesquel\u00e9tica, Lesiones de Hombro\"},{\"@type\":\"BreadcrumbList\",\"@id\":\"https:\\\/\\\/seeco.es\\\/curso-ecografia\\\/ii-curso-hibrido-de-ecografia-musculoesqueletica-lesiones-de-hombro\\\/#breadcrumb\",\"itemListElement\":[{\"@type\":\"ListItem\",\"position\":1,\"name\":\"Portada\",\"item\":\"https:\\\/\\\/seeco.es\\\/seeco\\\/\"},{\"@type\":\"ListItem\",\"position\":2,\"name\":\"Tienda\",\"item\":\"https:\\\/\\\/seeco.es\\\/en\\\/tienda\\\/\"},{\"@type\":\"ListItem\",\"position\":3,\"name\":\"II Curso H\u00edbrido de Ecograf\u00eda Musculoesquel\u00e9tica, Lesiones de Hombro\"}]},{\"@type\":\"WebSite\",\"@id\":\"https:\\\/\\\/seeco.es\\\/#website\",\"url\":\"https:\\\/\\\/seeco.es\\\/\",\"name\":\"SEECO\",\"description\":\"Sociedad Espa\u00f1ola de Ecograf\u00eda\",\"potentialAction\":[{\"@type\":\"SearchAction\",\"target\":{\"@type\":\"EntryPoint\",\"urlTemplate\":\"https:\\\/\\\/seeco.es\\\/?s={search_term_string}\"},\"query-input\":{\"@type\":\"PropertyValueSpecification\",\"valueRequired\":true,\"valueName\":\"search_term_string\"}}],\"inLanguage\":\"en-GB\"}]}<\/script>\n<!-- \/ Yoast SEO plugin. -->","yoast_head_json":{"title":"Pediatric Abdominal Clinical Ultrasound Course","description":"Pediatric Abdominal Clinical Ultrasound. April 5, 2025 in Madrid, organized by SEECO. All the details of the course, HERE!!!","robots":{"index":"index","follow":"follow","max-snippet":"max-snippet:-1","max-image-preview":"max-image-preview:large","max-video-preview":"max-video-preview:-1"},"canonical":"https:\/\/seeco.es\/en\/curso-ecografia\/ii-curso-hibrido-de-ecografia-musculoesqueletica-lesiones-de-hombro\/","og_locale":"en_GB","og_type":"article","og_title":"Curso de Ecograf\u00eda Cl\u00ednica Abdominal Pedi\u00e1trica","og_description":"Ecograf\u00eda Cl\u00ednica Abdominal Pedi\u00e1trica. 5 de abril de 2025 en Madrid, organizado por SEECO. Todos los detalles del curso, AQU\u00cd!!!","og_url":"https:\/\/seeco.es\/en\/curso-ecografia\/ii-curso-hibrido-de-ecografia-musculoesqueletica-lesiones-de-hombro\/","og_site_name":"SEECO","article_modified_time":"2025-09-19T10:49:09+00:00","og_image":[{"width":600,"height":600,"url":"https:\/\/seeco.es\/wp-content\/uploads\/2025\/09\/04-CursoHibridoHombro24-600x600-1.jpg","type":"image\/jpeg"}],"twitter_card":"summary_large_image","twitter_misc":{"Estimated reading time":"1 minute"},"schema":{"@context":"https:\/\/schema.org","@graph":[{"@type":"WebPage","@id":"https:\/\/seeco.es\/curso-ecografia\/ii-curso-hibrido-de-ecografia-musculoesqueletica-lesiones-de-hombro\/","url":"https:\/\/seeco.es\/curso-ecografia\/ii-curso-hibrido-de-ecografia-musculoesqueletica-lesiones-de-hombro\/","name":"Pediatric Abdominal Clinical Ultrasound Course","isPartOf":{"@id":"https:\/\/seeco.es\/#website"},"primaryImageOfPage":{"@id":"https:\/\/seeco.es\/curso-ecografia\/ii-curso-hibrido-de-ecografia-musculoesqueletica-lesiones-de-hombro\/#primaryimage"},"image":{"@id":"https:\/\/seeco.es\/curso-ecografia\/ii-curso-hibrido-de-ecografia-musculoesqueletica-lesiones-de-hombro\/#primaryimage"},"thumbnailUrl":"https:\/\/seeco.es\/wp-content\/uploads\/2025\/09\/04-CursoHibridoHombro24-600x600-1.jpg","datePublished":"2024-11-22T15:04:27+00:00","dateModified":"2025-09-19T10:49:09+00:00","description":"Pediatric Abdominal Clinical Ultrasound. April 5, 2025 in Madrid, organized by SEECO. All the details of the course, HERE!!!","breadcrumb":{"@id":"https:\/\/seeco.es\/curso-ecografia\/ii-curso-hibrido-de-ecografia-musculoesqueletica-lesiones-de-hombro\/#breadcrumb"},"inLanguage":"en-GB","potentialAction":[{"@type":"ReadAction","target":["https:\/\/seeco.es\/curso-ecografia\/ii-curso-hibrido-de-ecografia-musculoesqueletica-lesiones-de-hombro\/"]}]},{"@type":"ImageObject","inLanguage":"en-GB","@id":"https:\/\/seeco.es\/curso-ecografia\/ii-curso-hibrido-de-ecografia-musculoesqueletica-lesiones-de-hombro\/#primaryimage","url":"https:\/\/seeco.es\/wp-content\/uploads\/2025\/09\/04-CursoHibridoHombro24-600x600-1.jpg","contentUrl":"https:\/\/seeco.es\/wp-content\/uploads\/2025\/09\/04-CursoHibridoHombro24-600x600-1.jpg","width":600,"height":600,"caption":"II Curso H\u00edbrido de Ecograf\u00eda Musculoesquel\u00e9tica, Lesiones de Hombro"},{"@type":"BreadcrumbList","@id":"https:\/\/seeco.es\/curso-ecografia\/ii-curso-hibrido-de-ecografia-musculoesqueletica-lesiones-de-hombro\/#breadcrumb","itemListElement":[{"@type":"ListItem","position":1,"name":"Portada","item":"https:\/\/seeco.es\/seeco\/"},{"@type":"ListItem","position":2,"name":"Tienda","item":"https:\/\/seeco.es\/en\/tienda\/"},{"@type":"ListItem","position":3,"name":"II Curso H\u00edbrido de Ecograf\u00eda Musculoesquel\u00e9tica, Lesiones de Hombro"}]},{"@type":"WebSite","@id":"https:\/\/seeco.es\/#website","url":"https:\/\/seeco.es\/","name":"SEECO","description":"Spanish Society of Ultrasound","potentialAction":[{"@type":"SearchAction","target":{"@type":"EntryPoint","urlTemplate":"https:\/\/seeco.es\/?s={search_term_string}"},"query-input":{"@type":"PropertyValueSpecification","valueRequired":true,"valueName":"search_term_string"}}],"inLanguage":"en-GB"}]}},"_links":{"self":[{"href":"https:\/\/seeco.es\/en\/wp-json\/wp\/v2\/product\/3505","targetHints":{"allow":["GET"]}}],"collection":[{"href":"https:\/\/seeco.es\/en\/wp-json\/wp\/v2\/product"}],"about":[{"href":"https:\/\/seeco.es\/en\/wp-json\/wp\/v2\/types\/product"}],"wp:featuredmedia":[{"embeddable":true,"href":"https:\/\/seeco.es\/en\/wp-json\/wp\/v2\/media\/3495"}],"wp:attachment":[{"href":"https:\/\/seeco.es\/en\/wp-json\/wp\/v2\/media?parent=3505"}],"wp:term":[{"taxonomy":"product_brand","embeddable":true,"href":"https:\/\/seeco.es\/en\/wp-json\/wp\/v2\/product_brand?post=3505"},{"taxonomy":"product_cat","embeddable":true,"href":"https:\/\/seeco.es\/en\/wp-json\/wp\/v2\/product_cat?post=3505"},{"taxonomy":"product_tag","embeddable":true,"href":"https:\/\/seeco.es\/en\/wp-json\/wp\/v2\/product_tag?post=3505"}],"curies":[{"name":"wp","href":"https:\/\/api.w.org\/{rel}","templated":true}]}}