{"id":3413,"date":"2025-09-01T20:56:03","date_gmt":"2025-09-01T20:56:03","guid":{"rendered":"https:\/\/seeco.es\/?post_type=product&#038;p=3413"},"modified":"2025-11-22T06:37:29","modified_gmt":"2025-11-22T06:37:29","slug":"ecografia-doppler","status":"publish","type":"product","link":"https:\/\/seeco.es\/en\/curso-ecografia\/ecografia-doppler\/","title":{"rendered":"I Curso Te\u00f3rico Pr\u00e1ctico de Ecograf\u00eda Doppler"},"content":{"rendered":"<h2 style=\"text-align: left;\"><span data-mce-type=\"bookmark\" style=\"display: inline-block; width: 0px; overflow: hidden; line-height: 0;\" class=\"mce_SELRES_start\"><\/span>I Curso Te\u00f3rico Pr\u00e1ctico de Ecograf\u00eda Doppler<\/h2>\n<p><strong>Registration fees:<\/strong><\/p>\n<ul>\n<li><strong>CURSO B\u00c1SICO<\/strong> (principios f\u00edsicos y t\u00e9cnicos) (d\u00eda 13-11-2025) 7:00 horas te\u00f3rico-pr\u00e1ctico: 605,00 \u20ac<\/li>\n<li><strong>CURSO AVANZADO<\/strong>:\u00a0 (d\u00edas 14 y 15-11-2025) 15:00 horas te\u00f3rico-pr\u00e1ctico: 1.149,50 \u20ac<\/li>\n<li><strong>COMPLETE COURSE<\/strong>:\u00a0 (d\u00edas 13, 14 y 15-11-2025) 22:00 horas te\u00f3rico-pr\u00e1ctico: 1.579,05 \u20ac<\/li>\n<\/ul>\n<p style=\"text-align: left;\"><a href=\"https:\/\/seeco.es\/wp-content\/uploads\/2025\/10\/Curso-de-Ecografia-Doopler-2025.pdf\" target=\"_blank\" rel=\"noopener\">All the details of the course, HERE!!!<\/a><\/p>\n<p><strong>Discount<\/strong> from 5% for SEECO partners.<br \/>\nRegistration includes attendance at sessions, coffee breaks and a working lunch.<br \/>\nTechnical Secretariat: <b>Spanish Society of Ultrasound<\/b><\/p>\n<ul>\n<li><b>Phone: <a href=\"tel:+34 655 694 698\">+34 655 694 698<\/a> <\/b><\/li>\n<li><b>E-mail: <\/b><a href=\"mailto:secretariatecnica@seeco.es\"><b>secretariatecnica@seeco.es<\/b><\/a><\/li>\n<\/ul>\n<p><strong>Note<\/strong><br \/>\nLa realizaci\u00f3n de este Curso queda supeditada a una demanda m\u00ednima de 15 asistentes. <strong>Plazas limitadas<\/strong>.<br \/>\nSe entregar\u00e1 certificado de asistencia al Curso avalado por S.E.ECO. (miembro de EFSUMB) de 12:30 horas de formaci\u00f3n te\u00f3rica.<\/p>","protected":false},"excerpt":{"rendered":"<p style=\"text-align: center;\">Desde el 13 hasta el 15 de noviembre 2025<br \/>\nMADRID<\/p>","protected":false},"featured_media":3344,"template":"","meta":[],"product_brand":[],"product_cat":[77],"product_tag":[],"class_list":{"0":"post-3413","1":"product","2":"type-product","3":"status-publish","4":"has-post-thumbnail","6":"product_cat-actividades-realizadas","8":"first","9":"instock","10":"sold-individually","11":"taxable","12":"shipping-taxable","13":"product-type-variable"},"yoast_head":"<!-- This site is optimized with the Yoast SEO plugin v27.4 - https:\/\/yoast.com\/product\/yoast-seo-wordpress\/ -->\n<title>I Curso Te\u00f3rico Pr\u00e1ctico de Ecograf\u00eda Doppler<\/title>\n<meta name=\"description\" content=\"I Curso Te\u00f3rico Pr\u00e1ctico de Ecograf\u00eda Doppler con diferentes niveles: b\u00e1sico, avanzado y completo. No dejes escapar esta oportunida \u00fanica!!!\" \/>\n<meta name=\"robots\" content=\"index, follow, max-snippet:-1, max-image-preview:large, max-video-preview:-1\" \/>\n<link rel=\"canonical\" href=\"https:\/\/seeco.es\/en\/curso-ecografia\/ecografia-doppler\/\" \/>\n<meta property=\"og:locale\" content=\"en_GB\" \/>\n<meta property=\"og:type\" content=\"article\" \/>\n<meta property=\"og:title\" content=\"I Curso Te\u00f3rico Pr\u00e1ctico de Ecograf\u00eda Doppler\" \/>\n<meta property=\"og:description\" content=\"I Curso Te\u00f3rico Pr\u00e1ctico de Ecograf\u00eda Doppler con diferentes niveles: b\u00e1sico, avanzado y completo. No dejes escapar esta oportunida \u00fanica!!!\" \/>\n<meta property=\"og:url\" content=\"https:\/\/seeco.es\/en\/curso-ecografia\/ecografia-doppler\/\" \/>\n<meta property=\"og:site_name\" content=\"SEECO\" \/>\n<meta property=\"article:modified_time\" content=\"2025-11-22T06:37:29+00:00\" \/>\n<meta property=\"og:image\" content=\"https:\/\/seeco.es\/wp-content\/uploads\/2025\/09\/04-Doppler25-600x600-1.jpg\" \/>\n\t<meta property=\"og:image:width\" content=\"600\" \/>\n\t<meta property=\"og:image:height\" content=\"600\" \/>\n\t<meta property=\"og:image:type\" content=\"image\/jpeg\" \/>\n<meta name=\"twitter:card\" content=\"summary_large_image\" \/>\n<meta name=\"twitter:label1\" content=\"Estimated reading time\" \/>\n\t<meta name=\"twitter:data1\" content=\"1 minute\" \/>\n<script type=\"application\/ld+json\" class=\"yoast-schema-graph\">{\"@context\":\"https:\\\/\\\/schema.org\",\"@graph\":[{\"@type\":\"WebPage\",\"@id\":\"https:\\\/\\\/seeco.es\\\/curso-ecografia\\\/ecografia-doppler\\\/\",\"url\":\"https:\\\/\\\/seeco.es\\\/curso-ecografia\\\/ecografia-doppler\\\/\",\"name\":\"I Curso Te\u00f3rico Pr\u00e1ctico de Ecograf\u00eda Doppler\",\"isPartOf\":{\"@id\":\"https:\\\/\\\/seeco.es\\\/#website\"},\"primaryImageOfPage\":{\"@id\":\"https:\\\/\\\/seeco.es\\\/curso-ecografia\\\/ecografia-doppler\\\/#primaryimage\"},\"image\":{\"@id\":\"https:\\\/\\\/seeco.es\\\/curso-ecografia\\\/ecografia-doppler\\\/#primaryimage\"},\"thumbnailUrl\":\"https:\\\/\\\/seeco.es\\\/wp-content\\\/uploads\\\/2025\\\/09\\\/04-Doppler25-600x600-1.jpg\",\"datePublished\":\"2025-09-01T20:56:03+00:00\",\"dateModified\":\"2025-11-22T06:37:29+00:00\",\"description\":\"I Curso Te\u00f3rico Pr\u00e1ctico de Ecograf\u00eda Doppler con diferentes niveles: b\u00e1sico, avanzado y completo. No dejes escapar esta oportunida \u00fanica!!!\",\"breadcrumb\":{\"@id\":\"https:\\\/\\\/seeco.es\\\/curso-ecografia\\\/ecografia-doppler\\\/#breadcrumb\"},\"inLanguage\":\"en-GB\",\"potentialAction\":[{\"@type\":\"ReadAction\",\"target\":[\"https:\\\/\\\/seeco.es\\\/curso-ecografia\\\/ecografia-doppler\\\/\"]}]},{\"@type\":\"ImageObject\",\"inLanguage\":\"en-GB\",\"@id\":\"https:\\\/\\\/seeco.es\\\/curso-ecografia\\\/ecografia-doppler\\\/#primaryimage\",\"url\":\"https:\\\/\\\/seeco.es\\\/wp-content\\\/uploads\\\/2025\\\/09\\\/04-Doppler25-600x600-1.jpg\",\"contentUrl\":\"https:\\\/\\\/seeco.es\\\/wp-content\\\/uploads\\\/2025\\\/09\\\/04-Doppler25-600x600-1.jpg\",\"width\":600,\"height\":600,\"caption\":\"I Curso Te\u00f3rico Pr\u00e1ctico de Ecograf\u00eda Doppler\"},{\"@type\":\"BreadcrumbList\",\"@id\":\"https:\\\/\\\/seeco.es\\\/curso-ecografia\\\/ecografia-doppler\\\/#breadcrumb\",\"itemListElement\":[{\"@type\":\"ListItem\",\"position\":1,\"name\":\"Portada\",\"item\":\"https:\\\/\\\/seeco.es\\\/seeco\\\/\"},{\"@type\":\"ListItem\",\"position\":2,\"name\":\"Tienda\",\"item\":\"https:\\\/\\\/seeco.es\\\/en\\\/tienda\\\/\"},{\"@type\":\"ListItem\",\"position\":3,\"name\":\"I Curso Te\u00f3rico Pr\u00e1ctico de Ecograf\u00eda Doppler\"}]},{\"@type\":\"WebSite\",\"@id\":\"https:\\\/\\\/seeco.es\\\/#website\",\"url\":\"https:\\\/\\\/seeco.es\\\/\",\"name\":\"SEECO\",\"description\":\"Sociedad Espa\u00f1ola de Ecograf\u00eda\",\"potentialAction\":[{\"@type\":\"SearchAction\",\"target\":{\"@type\":\"EntryPoint\",\"urlTemplate\":\"https:\\\/\\\/seeco.es\\\/?s={search_term_string}\"},\"query-input\":{\"@type\":\"PropertyValueSpecification\",\"valueRequired\":true,\"valueName\":\"search_term_string\"}}],\"inLanguage\":\"en-GB\"}]}<\/script>\n<!-- \/ Yoast SEO plugin. -->","yoast_head_json":{"title":"I Curso Te\u00f3rico Pr\u00e1ctico de Ecograf\u00eda Doppler","description":"I Curso Te\u00f3rico Pr\u00e1ctico de Ecograf\u00eda Doppler con diferentes niveles: b\u00e1sico, avanzado y completo. No dejes escapar esta oportunida \u00fanica!!!","robots":{"index":"index","follow":"follow","max-snippet":"max-snippet:-1","max-image-preview":"max-image-preview:large","max-video-preview":"max-video-preview:-1"},"canonical":"https:\/\/seeco.es\/en\/curso-ecografia\/ecografia-doppler\/","og_locale":"en_GB","og_type":"article","og_title":"I Curso Te\u00f3rico Pr\u00e1ctico de Ecograf\u00eda Doppler","og_description":"I Curso Te\u00f3rico Pr\u00e1ctico de Ecograf\u00eda Doppler con diferentes niveles: b\u00e1sico, avanzado y completo. No dejes escapar esta oportunida \u00fanica!!!","og_url":"https:\/\/seeco.es\/en\/curso-ecografia\/ecografia-doppler\/","og_site_name":"SEECO","article_modified_time":"2025-11-22T06:37:29+00:00","og_image":[{"width":600,"height":600,"url":"https:\/\/seeco.es\/wp-content\/uploads\/2025\/09\/04-Doppler25-600x600-1.jpg","type":"image\/jpeg"}],"twitter_card":"summary_large_image","twitter_misc":{"Estimated reading time":"1 minute"},"schema":{"@context":"https:\/\/schema.org","@graph":[{"@type":"WebPage","@id":"https:\/\/seeco.es\/curso-ecografia\/ecografia-doppler\/","url":"https:\/\/seeco.es\/curso-ecografia\/ecografia-doppler\/","name":"I Curso Te\u00f3rico Pr\u00e1ctico de Ecograf\u00eda Doppler","isPartOf":{"@id":"https:\/\/seeco.es\/#website"},"primaryImageOfPage":{"@id":"https:\/\/seeco.es\/curso-ecografia\/ecografia-doppler\/#primaryimage"},"image":{"@id":"https:\/\/seeco.es\/curso-ecografia\/ecografia-doppler\/#primaryimage"},"thumbnailUrl":"https:\/\/seeco.es\/wp-content\/uploads\/2025\/09\/04-Doppler25-600x600-1.jpg","datePublished":"2025-09-01T20:56:03+00:00","dateModified":"2025-11-22T06:37:29+00:00","description":"I Curso Te\u00f3rico Pr\u00e1ctico de Ecograf\u00eda Doppler con diferentes niveles: b\u00e1sico, avanzado y completo. No dejes escapar esta oportunida \u00fanica!!!","breadcrumb":{"@id":"https:\/\/seeco.es\/curso-ecografia\/ecografia-doppler\/#breadcrumb"},"inLanguage":"en-GB","potentialAction":[{"@type":"ReadAction","target":["https:\/\/seeco.es\/curso-ecografia\/ecografia-doppler\/"]}]},{"@type":"ImageObject","inLanguage":"en-GB","@id":"https:\/\/seeco.es\/curso-ecografia\/ecografia-doppler\/#primaryimage","url":"https:\/\/seeco.es\/wp-content\/uploads\/2025\/09\/04-Doppler25-600x600-1.jpg","contentUrl":"https:\/\/seeco.es\/wp-content\/uploads\/2025\/09\/04-Doppler25-600x600-1.jpg","width":600,"height":600,"caption":"I Curso Te\u00f3rico Pr\u00e1ctico de Ecograf\u00eda Doppler"},{"@type":"BreadcrumbList","@id":"https:\/\/seeco.es\/curso-ecografia\/ecografia-doppler\/#breadcrumb","itemListElement":[{"@type":"ListItem","position":1,"name":"Portada","item":"https:\/\/seeco.es\/seeco\/"},{"@type":"ListItem","position":2,"name":"Tienda","item":"https:\/\/seeco.es\/en\/tienda\/"},{"@type":"ListItem","position":3,"name":"I Curso Te\u00f3rico Pr\u00e1ctico de Ecograf\u00eda Doppler"}]},{"@type":"WebSite","@id":"https:\/\/seeco.es\/#website","url":"https:\/\/seeco.es\/","name":"SEECO","description":"Spanish Society of Ultrasound","potentialAction":[{"@type":"SearchAction","target":{"@type":"EntryPoint","urlTemplate":"https:\/\/seeco.es\/?s={search_term_string}"},"query-input":{"@type":"PropertyValueSpecification","valueRequired":true,"valueName":"search_term_string"}}],"inLanguage":"en-GB"}]}},"_links":{"self":[{"href":"https:\/\/seeco.es\/en\/wp-json\/wp\/v2\/product\/3413","targetHints":{"allow":["GET"]}}],"collection":[{"href":"https:\/\/seeco.es\/en\/wp-json\/wp\/v2\/product"}],"about":[{"href":"https:\/\/seeco.es\/en\/wp-json\/wp\/v2\/types\/product"}],"wp:featuredmedia":[{"embeddable":true,"href":"https:\/\/seeco.es\/en\/wp-json\/wp\/v2\/media\/3344"}],"wp:attachment":[{"href":"https:\/\/seeco.es\/en\/wp-json\/wp\/v2\/media?parent=3413"}],"wp:term":[{"taxonomy":"product_brand","embeddable":true,"href":"https:\/\/seeco.es\/en\/wp-json\/wp\/v2\/product_brand?post=3413"},{"taxonomy":"product_cat","embeddable":true,"href":"https:\/\/seeco.es\/en\/wp-json\/wp\/v2\/product_cat?post=3413"},{"taxonomy":"product_tag","embeddable":true,"href":"https:\/\/seeco.es\/en\/wp-json\/wp\/v2\/product_tag?post=3413"}],"curies":[{"name":"wp","href":"https:\/\/api.w.org\/{rel}","templated":true}]}}