{"id":3353,"date":"2025-09-08T12:24:42","date_gmt":"2025-09-08T12:24:42","guid":{"rendered":"https:\/\/seeco.es\/?post_type=product&#038;p=3353"},"modified":"2025-11-07T13:52:29","modified_gmt":"2025-11-07T13:52:29","slug":"acreditacion-seeco-ecografia-de-mano-y-muneca-nivel-i","status":"publish","type":"product","link":"https:\/\/seeco.es\/en\/curso-ecografia\/acreditacion-seeco-ecografia-de-mano-y-muneca-nivel-i\/","title":{"rendered":"Acreditaci\u00f3n SEECO Ecograf\u00eda de Mano y Mu\u00f1eca Nivel I"},"content":{"rendered":"<p>Acreditaci\u00f3n SEECO Ecograf\u00eda de Mano y Mu\u00f1eca Nivel I<\/p>\n<p><a href=\"https:\/\/seeco.es\/wp-content\/uploads\/2025\/11\/04-CondicionesAcreditacionManoMuneca.pdf\" target=\"_blank\" rel=\"noopener\">Ver Condiciones<\/a><\/p>\n<p class=\"p1\"><span class=\"s1\">Technical Secretariat:\u00a0<\/span><b>Spanish Society of Ultrasound<\/b><\/p>\n<ul>\n<li class=\"p3\"><span class=\"s4\"><b>Phone:\u00a0<a href=\"tel:+34 655 694 698\">+34 655 694 698<\/a><\/b><\/span><\/li>\n<li class=\"p3\"><span class=\"s5\"><b>E-mail:\u00a0<\/b><\/span><a href=\"mailto:secretariatecnica@seeco.es\"><span class=\"s5\"><b>secretariatecnica@seeco.es<\/b><\/span><\/a><\/li>\n<\/ul>\n<p>&nbsp;<\/p>","protected":false},"excerpt":{"rendered":"<p>Acreditaci\u00f3n SEECO Ecograf\u00eda de Mano y Mu\u00f1eca Nivel I Ver Condiciones Secretar\u00eda T\u00e9cnica:\u00a0Sociedad Espa\u00f1ola de Ecograf\u00eda Tel\u00e9fono:\u00a0+34 655 694 698 Email:\u00a0secretariatecnica@seeco.es &nbsp;<\/p>","protected":false},"featured_media":3549,"template":"","meta":[],"product_brand":[],"product_cat":[77],"product_tag":[74],"class_list":{"0":"post-3353","1":"product","2":"type-product","3":"status-publish","4":"has-post-thumbnail","6":"product_cat-actividades-realizadas","7":"product_tag-curso-ecografia-mano-y-muneca","9":"first","10":"instock","11":"virtual","12":"sold-individually","13":"taxable","14":"purchasable","15":"product-type-simple"},"yoast_head":"<!-- This site is optimized with the Yoast SEO plugin v27.4 - https:\/\/yoast.com\/product\/yoast-seo-wordpress\/ -->\n<title>Acreditaci\u00f3n Ecograf\u00eda de Mano y Mu\u00f1eca Nivel I<\/title>\n<meta name=\"description\" content=\"Acreditaci\u00f3n Ecograf\u00eda de Mano y Mu\u00f1eca Nivel I de la SEECO (Sociedad Espa\u00f1ola de Ecograf\u00eda)\" \/>\n<meta name=\"robots\" content=\"index, follow, max-snippet:-1, max-image-preview:large, max-video-preview:-1\" \/>\n<link rel=\"canonical\" href=\"https:\/\/seeco.es\/en\/curso-ecografia\/acreditacion-seeco-ecografia-de-mano-y-muneca-nivel-i\/\" \/>\n<meta property=\"og:locale\" content=\"en_GB\" \/>\n<meta property=\"og:type\" content=\"article\" \/>\n<meta property=\"og:title\" content=\"Acreditaci\u00f3n Ecograf\u00eda de Mano y Mu\u00f1eca Nivel I\" \/>\n<meta property=\"og:description\" content=\"Acreditaci\u00f3n Ecograf\u00eda de Mano y Mu\u00f1eca Nivel I de la SEECO (Sociedad Espa\u00f1ola de Ecograf\u00eda)\" \/>\n<meta property=\"og:url\" content=\"https:\/\/seeco.es\/en\/curso-ecografia\/acreditacion-seeco-ecografia-de-mano-y-muneca-nivel-i\/\" \/>\n<meta property=\"og:site_name\" content=\"SEECO\" \/>\n<meta property=\"article:modified_time\" content=\"2025-11-07T13:52:29+00:00\" \/>\n<meta property=\"og:image\" content=\"https:\/\/seeco.es\/wp-content\/uploads\/2025\/06\/04-ManoMunecaAcreditacion1-25-600x600-1.jpg\" \/>\n\t<meta property=\"og:image:width\" content=\"600\" \/>\n\t<meta property=\"og:image:height\" content=\"600\" \/>\n\t<meta property=\"og:image:type\" content=\"image\/jpeg\" \/>\n<meta name=\"twitter:card\" content=\"summary_large_image\" \/>\n<meta name=\"twitter:label1\" content=\"Estimated reading time\" \/>\n\t<meta name=\"twitter:data1\" content=\"1 minute\" \/>\n<script type=\"application\/ld+json\" class=\"yoast-schema-graph\">{\"@context\":\"https:\\\/\\\/schema.org\",\"@graph\":[{\"@type\":\"WebPage\",\"@id\":\"https:\\\/\\\/seeco.es\\\/curso-ecografia\\\/acreditacion-seeco-ecografia-de-mano-y-muneca-nivel-i\\\/\",\"url\":\"https:\\\/\\\/seeco.es\\\/curso-ecografia\\\/acreditacion-seeco-ecografia-de-mano-y-muneca-nivel-i\\\/\",\"name\":\"Acreditaci\u00f3n Ecograf\u00eda de Mano y Mu\u00f1eca Nivel I\",\"isPartOf\":{\"@id\":\"https:\\\/\\\/seeco.es\\\/#website\"},\"primaryImageOfPage\":{\"@id\":\"https:\\\/\\\/seeco.es\\\/curso-ecografia\\\/acreditacion-seeco-ecografia-de-mano-y-muneca-nivel-i\\\/#primaryimage\"},\"image\":{\"@id\":\"https:\\\/\\\/seeco.es\\\/curso-ecografia\\\/acreditacion-seeco-ecografia-de-mano-y-muneca-nivel-i\\\/#primaryimage\"},\"thumbnailUrl\":\"https:\\\/\\\/seeco.es\\\/wp-content\\\/uploads\\\/2025\\\/06\\\/04-ManoMunecaAcreditacion1-25-600x600-1.jpg\",\"datePublished\":\"2025-09-08T12:24:42+00:00\",\"dateModified\":\"2025-11-07T13:52:29+00:00\",\"description\":\"Acreditaci\u00f3n Ecograf\u00eda de Mano y Mu\u00f1eca Nivel I de la SEECO (Sociedad Espa\u00f1ola de Ecograf\u00eda)\",\"breadcrumb\":{\"@id\":\"https:\\\/\\\/seeco.es\\\/curso-ecografia\\\/acreditacion-seeco-ecografia-de-mano-y-muneca-nivel-i\\\/#breadcrumb\"},\"inLanguage\":\"en-GB\",\"potentialAction\":[{\"@type\":\"ReadAction\",\"target\":[\"https:\\\/\\\/seeco.es\\\/curso-ecografia\\\/acreditacion-seeco-ecografia-de-mano-y-muneca-nivel-i\\\/\"]}]},{\"@type\":\"ImageObject\",\"inLanguage\":\"en-GB\",\"@id\":\"https:\\\/\\\/seeco.es\\\/curso-ecografia\\\/acreditacion-seeco-ecografia-de-mano-y-muneca-nivel-i\\\/#primaryimage\",\"url\":\"https:\\\/\\\/seeco.es\\\/wp-content\\\/uploads\\\/2025\\\/06\\\/04-ManoMunecaAcreditacion1-25-600x600-1.jpg\",\"contentUrl\":\"https:\\\/\\\/seeco.es\\\/wp-content\\\/uploads\\\/2025\\\/06\\\/04-ManoMunecaAcreditacion1-25-600x600-1.jpg\",\"width\":600,\"height\":600,\"caption\":\"Curso H\u00edbrido de Mano y Mu\u00f1eca (NIVEL I)\"},{\"@type\":\"BreadcrumbList\",\"@id\":\"https:\\\/\\\/seeco.es\\\/curso-ecografia\\\/acreditacion-seeco-ecografia-de-mano-y-muneca-nivel-i\\\/#breadcrumb\",\"itemListElement\":[{\"@type\":\"ListItem\",\"position\":1,\"name\":\"Portada\",\"item\":\"https:\\\/\\\/seeco.es\\\/seeco\\\/\"},{\"@type\":\"ListItem\",\"position\":2,\"name\":\"Tienda\",\"item\":\"https:\\\/\\\/seeco.es\\\/en\\\/tienda\\\/\"},{\"@type\":\"ListItem\",\"position\":3,\"name\":\"Acreditaci\u00f3n SEECO Ecograf\u00eda de Mano y Mu\u00f1eca Nivel I\"}]},{\"@type\":\"WebSite\",\"@id\":\"https:\\\/\\\/seeco.es\\\/#website\",\"url\":\"https:\\\/\\\/seeco.es\\\/\",\"name\":\"SEECO\",\"description\":\"Sociedad Espa\u00f1ola de Ecograf\u00eda\",\"potentialAction\":[{\"@type\":\"SearchAction\",\"target\":{\"@type\":\"EntryPoint\",\"urlTemplate\":\"https:\\\/\\\/seeco.es\\\/?s={search_term_string}\"},\"query-input\":{\"@type\":\"PropertyValueSpecification\",\"valueRequired\":true,\"valueName\":\"search_term_string\"}}],\"inLanguage\":\"en-GB\"}]}<\/script>\n<!-- \/ Yoast SEO plugin. -->","yoast_head_json":{"title":"Acreditaci\u00f3n Ecograf\u00eda de Mano y Mu\u00f1eca Nivel I","description":"Acreditaci\u00f3n Ecograf\u00eda de Mano y Mu\u00f1eca Nivel I de la SEECO (Sociedad Espa\u00f1ola de Ecograf\u00eda)","robots":{"index":"index","follow":"follow","max-snippet":"max-snippet:-1","max-image-preview":"max-image-preview:large","max-video-preview":"max-video-preview:-1"},"canonical":"https:\/\/seeco.es\/en\/curso-ecografia\/acreditacion-seeco-ecografia-de-mano-y-muneca-nivel-i\/","og_locale":"en_GB","og_type":"article","og_title":"Acreditaci\u00f3n Ecograf\u00eda de Mano y Mu\u00f1eca Nivel I","og_description":"Acreditaci\u00f3n Ecograf\u00eda de Mano y Mu\u00f1eca Nivel I de la SEECO (Sociedad Espa\u00f1ola de Ecograf\u00eda)","og_url":"https:\/\/seeco.es\/en\/curso-ecografia\/acreditacion-seeco-ecografia-de-mano-y-muneca-nivel-i\/","og_site_name":"SEECO","article_modified_time":"2025-11-07T13:52:29+00:00","og_image":[{"width":600,"height":600,"url":"https:\/\/seeco.es\/wp-content\/uploads\/2025\/06\/04-ManoMunecaAcreditacion1-25-600x600-1.jpg","type":"image\/jpeg"}],"twitter_card":"summary_large_image","twitter_misc":{"Estimated reading time":"1 minute"},"schema":{"@context":"https:\/\/schema.org","@graph":[{"@type":"WebPage","@id":"https:\/\/seeco.es\/curso-ecografia\/acreditacion-seeco-ecografia-de-mano-y-muneca-nivel-i\/","url":"https:\/\/seeco.es\/curso-ecografia\/acreditacion-seeco-ecografia-de-mano-y-muneca-nivel-i\/","name":"Acreditaci\u00f3n Ecograf\u00eda de Mano y Mu\u00f1eca Nivel I","isPartOf":{"@id":"https:\/\/seeco.es\/#website"},"primaryImageOfPage":{"@id":"https:\/\/seeco.es\/curso-ecografia\/acreditacion-seeco-ecografia-de-mano-y-muneca-nivel-i\/#primaryimage"},"image":{"@id":"https:\/\/seeco.es\/curso-ecografia\/acreditacion-seeco-ecografia-de-mano-y-muneca-nivel-i\/#primaryimage"},"thumbnailUrl":"https:\/\/seeco.es\/wp-content\/uploads\/2025\/06\/04-ManoMunecaAcreditacion1-25-600x600-1.jpg","datePublished":"2025-09-08T12:24:42+00:00","dateModified":"2025-11-07T13:52:29+00:00","description":"Acreditaci\u00f3n Ecograf\u00eda de Mano y Mu\u00f1eca Nivel I de la SEECO (Sociedad Espa\u00f1ola de Ecograf\u00eda)","breadcrumb":{"@id":"https:\/\/seeco.es\/curso-ecografia\/acreditacion-seeco-ecografia-de-mano-y-muneca-nivel-i\/#breadcrumb"},"inLanguage":"en-GB","potentialAction":[{"@type":"ReadAction","target":["https:\/\/seeco.es\/curso-ecografia\/acreditacion-seeco-ecografia-de-mano-y-muneca-nivel-i\/"]}]},{"@type":"ImageObject","inLanguage":"en-GB","@id":"https:\/\/seeco.es\/curso-ecografia\/acreditacion-seeco-ecografia-de-mano-y-muneca-nivel-i\/#primaryimage","url":"https:\/\/seeco.es\/wp-content\/uploads\/2025\/06\/04-ManoMunecaAcreditacion1-25-600x600-1.jpg","contentUrl":"https:\/\/seeco.es\/wp-content\/uploads\/2025\/06\/04-ManoMunecaAcreditacion1-25-600x600-1.jpg","width":600,"height":600,"caption":"Curso H\u00edbrido de Mano y Mu\u00f1eca (NIVEL I)"},{"@type":"BreadcrumbList","@id":"https:\/\/seeco.es\/curso-ecografia\/acreditacion-seeco-ecografia-de-mano-y-muneca-nivel-i\/#breadcrumb","itemListElement":[{"@type":"ListItem","position":1,"name":"Portada","item":"https:\/\/seeco.es\/seeco\/"},{"@type":"ListItem","position":2,"name":"Tienda","item":"https:\/\/seeco.es\/en\/tienda\/"},{"@type":"ListItem","position":3,"name":"Acreditaci\u00f3n SEECO Ecograf\u00eda de Mano y Mu\u00f1eca Nivel I"}]},{"@type":"WebSite","@id":"https:\/\/seeco.es\/#website","url":"https:\/\/seeco.es\/","name":"SEECO","description":"Spanish Society of Ultrasound","potentialAction":[{"@type":"SearchAction","target":{"@type":"EntryPoint","urlTemplate":"https:\/\/seeco.es\/?s={search_term_string}"},"query-input":{"@type":"PropertyValueSpecification","valueRequired":true,"valueName":"search_term_string"}}],"inLanguage":"en-GB"}]}},"_links":{"self":[{"href":"https:\/\/seeco.es\/en\/wp-json\/wp\/v2\/product\/3353","targetHints":{"allow":["GET"]}}],"collection":[{"href":"https:\/\/seeco.es\/en\/wp-json\/wp\/v2\/product"}],"about":[{"href":"https:\/\/seeco.es\/en\/wp-json\/wp\/v2\/types\/product"}],"wp:featuredmedia":[{"embeddable":true,"href":"https:\/\/seeco.es\/en\/wp-json\/wp\/v2\/media\/3549"}],"wp:attachment":[{"href":"https:\/\/seeco.es\/en\/wp-json\/wp\/v2\/media?parent=3353"}],"wp:term":[{"taxonomy":"product_brand","embeddable":true,"href":"https:\/\/seeco.es\/en\/wp-json\/wp\/v2\/product_brand?post=3353"},{"taxonomy":"product_cat","embeddable":true,"href":"https:\/\/seeco.es\/en\/wp-json\/wp\/v2\/product_cat?post=3353"},{"taxonomy":"product_tag","embeddable":true,"href":"https:\/\/seeco.es\/en\/wp-json\/wp\/v2\/product_tag?post=3353"}],"curies":[{"name":"wp","href":"https:\/\/api.w.org\/{rel}","templated":true}]}}