{"id":3332,"date":"2025-09-09T09:38:37","date_gmt":"2025-09-09T09:38:37","guid":{"rendered":"https:\/\/seeco.es\/?post_type=product&#038;p=3332"},"modified":"2026-02-03T12:51:05","modified_gmt":"2026-02-03T12:51:05","slug":"curso-hibrido-de-mano-y-muneca-nivel-i-practico","status":"publish","type":"product","link":"https:\/\/seeco.es\/en\/curso-ecografia\/curso-hibrido-de-mano-y-muneca-nivel-i-practico\/","title":{"rendered":"Curso H\u00edbrido de Mano y Mu\u00f1eca (NIVEL I). PR\u00c1CTICO"},"content":{"rendered":"<h4>Presentaci\u00f3n del Dr. Jim\u00e9nez y Dr. Ferreira<\/h4>\n<h3 style=\"padding: 56.25% 0 0 0; position: relative;\"><iframe style=\"position: absolute; top: 0; left: 0; width: 100%; height: 100%;\" title=\"Video introduccion\" src=\"https:\/\/player.vimeo.com\/video\/1090393593?title=0&amp;byline=0&amp;portrait=0&amp;badge=0&amp;autopause=0&amp;player_id=0&amp;app_id=58479\" frameborder=\"0\"><\/iframe><\/h3>\n<blockquote><p>Tras completar la <a href=\"https:\/\/seeco.es\/en\/curso-ecografia\/iv-curso-hibrido-de-mano-y-muneca-nivel-i\/\" target=\"_blank\" rel=\"noopener\">fase te\u00f3rica online<\/a>, llega el momento de poner en acci\u00f3n todo lo aprendido. El <strong>m\u00f3dulo pr\u00e1ctico<\/strong> de este curso est\u00e1 dise\u00f1ado para que consolides tus conocimientos y adquieras confianza en la exploraci\u00f3n ecogr\u00e1fica de mano y mu\u00f1eca.<\/p><\/blockquote>\n<p style=\"text-align: center;\"><a href=\"https:\/\/seeco.es\/en\/curso-ecografia\/curso-hibrido-de-mano-y-muneca-nivel-i-teorico\/\" target=\"_blank\" rel=\"noopener\">Desde aqu\u00ed puedes consultar toda la informaci\u00f3n sobre el Curso H\u00edbrido Te\u00f3rico de Ecograf\u00eda de Mano y Mu\u00f1eca (Nivel I)<\/a><\/p>\n<p><img loading=\"lazy\" decoding=\"async\" class=\"wp-image-3548 size-medium aligncenter\" title=\"Curso H\u00edbrido de Mano y Mu\u00f1eca (NIVEL I) - TE\u00d3RICO\" src=\"https:\/\/seeco.es\/wp-content\/uploads\/2025\/06\/04-ManoMunecaPractico1-25-600x600-1-300x300.jpg\" alt=\"Curso H\u00edbrido de Mano y Mu\u00f1eca (NIVEL I)\" width=\"300\" height=\"300\" srcset=\"https:\/\/seeco.es\/wp-content\/uploads\/2025\/06\/04-ManoMunecaPractico1-25-600x600-1-300x300.jpg 300w, https:\/\/seeco.es\/wp-content\/uploads\/2025\/06\/04-ManoMunecaPractico1-25-600x600-1-80x80.jpg 80w, https:\/\/seeco.es\/wp-content\/uploads\/2025\/06\/04-ManoMunecaPractico1-25-600x600-1-12x12.jpg 12w, https:\/\/seeco.es\/wp-content\/uploads\/2025\/06\/04-ManoMunecaPractico1-25-600x600-1-36x36.jpg 36w, https:\/\/seeco.es\/wp-content\/uploads\/2025\/06\/04-ManoMunecaPractico1-25-600x600-1-180x180.jpg 180w, https:\/\/seeco.es\/wp-content\/uploads\/2025\/06\/04-ManoMunecaPractico1-25-600x600-1-120x120.jpg 120w, https:\/\/seeco.es\/wp-content\/uploads\/2025\/06\/04-ManoMunecaPractico1-25-600x600-1-450x450.jpg 450w, https:\/\/seeco.es\/wp-content\/uploads\/2025\/06\/04-ManoMunecaPractico1-25-600x600-1-100x100.jpg 100w, https:\/\/seeco.es\/wp-content\/uploads\/2025\/06\/04-ManoMunecaPractico1-25-600x600-1.jpg 600w\" sizes=\"auto, (max-width: 300px) 100vw, 300px\" \/><\/p>\n<p>La pr\u00e1ctica se desarrolla en <strong>Madrid<\/strong> a lo largo de <strong>8 horas intensivas<\/strong>, distribuidas en <strong>dos sesiones (ma\u00f1ana y tarde)<\/strong>. Durante este tiempo, repasaremos de forma estructurada todos los conceptos trabajados en la parte online y los llevaremos a la pr\u00e1ctica con la ayuda de tutores especializados.<\/p>\n<p>Fechas: <strong>29 de mayo 2026<\/strong> and <strong>6 de noviembre 2026<\/strong><br \/>\nLugar: <strong>GE HealthCare<\/strong><br \/>\nC. Gobelas, 35-37, Moncloa &#8211; Aravaca, 28023 Madrid<br \/>\n<a href=\"https:\/\/maps.app.goo.gl\/Ka3miSXJuD1tb3Bq7\" target=\"_blank\" rel=\"noopener\">https:\/\/maps.app.goo.gl\/Ka3miSXJuD1tb3Bq7<\/a><\/p>\n<p>Para que la experiencia sea lo m\u00e1s completa posible, trabajaremos con <strong>equipos de ecograf\u00eda de \u00faltima generaci\u00f3n<\/strong>, que te permitir\u00e1n familiarizarte con la tecnolog\u00eda m\u00e1s avanzada y obtener im\u00e1genes de la m\u00e1xima calidad.<\/p>\n<p>Nuestro objetivo es que salgas de esta jornada con:<\/p>\n<ul>\n<li>Mayor seguridad en la realizaci\u00f3n de exploraciones ecogr\u00e1ficas b\u00e1sicas demano y mu\u00f1eca.<\/li>\n<li>Capacidad de trasladar la teor\u00eda al entorno cl\u00ednico.<\/li>\n<li>Una experiencia pr\u00e1ctica directa que complemente y refuerce tuformaci\u00f3n.<\/li>\n<\/ul>\n<p>El m\u00f3dulo pr\u00e1ctico es la pieza clave que transforma la teor\u00eda en habilidad real.<\/p>\n<p><strong>PRECIO CURSO PRESENCIAL Y ACREDITACI\u00d3N:<\/strong><\/p>\n<ul>\n<li>Curso presencial No Socio SEECO: 544,50 \u20ac (IVA inc.)<\/li>\n<li>Curso presencial Socio SEECO: 517,28 \u20ac (IVA inc.)<\/li>\n<li><a href=\"https:\/\/seeco.es\/en\/curso-ecografia\/acreditacion-seeco-ecografia-de-mano-y-muneca-nivel-i\/\" target=\"_blank\" rel=\"noopener\">Acreditaci\u00f3n SEECO Ecograf\u00eda de Mano y Mu\u00f1eca Nivel 1<\/a>: 302,50 \u20ac (IVA inc.)<\/li>\n<\/ul>\n<p class=\"p1\"><span class=\"s1\">Technical Secretariat:\u00a0<\/span><b>Spanish Society of Ultrasound<\/b><\/p>\n<ul>\n<li class=\"p3\"><span class=\"s4\"><b>Phone:\u00a0<a href=\"tel:+34 655 694 698\">+34 655 694 698<\/a><\/b><\/span><\/li>\n<li class=\"p3\"><span class=\"s5\"><b>E-mail:\u00a0<\/b><\/span><a href=\"mailto:secretariatecnica@seeco.es\"><span class=\"s5\"><b>secretariatecnica@seeco.es<\/b><\/span><\/a><\/li>\n<\/ul>","protected":false},"excerpt":{"rendered":"<p>Presentaci\u00f3n del Dr. Jim\u00e9nez y Dr. Ferreira Tras completar la fase te\u00f3rica online, llega el momento de poner en acci\u00f3n todo lo aprendido. El m\u00f3dulo pr\u00e1ctico de este curso est\u00e1 dise\u00f1ado para que consolides tus conocimientos y adquieras confianza en la exploraci\u00f3n ecogr\u00e1fica de mano y mu\u00f1eca. Desde aqu\u00ed puedes consultar toda la informaci\u00f3n sobre [&hellip;]<\/p>\n","protected":false},"featured_media":3548,"template":"","meta":[],"product_brand":[],"product_cat":[75],"product_tag":[74],"class_list":{"0":"post-3332","1":"product","2":"type-product","3":"status-publish","4":"has-post-thumbnail","6":"product_cat-cursos-hibridos","7":"product_tag-curso-ecografia-mano-y-muneca","9":"first","10":"instock","11":"sold-individually","12":"taxable","13":"shipping-taxable","14":"purchasable","15":"product-type-variable"},"yoast_head":"<!-- This site is optimized with the Yoast SEO plugin v27.4 - https:\/\/yoast.com\/product\/yoast-seo-wordpress\/ -->\n<title>IV Curso H\u00edbrido de Mano y Mu\u00f1eca (NIVEL I) - M\u00f3dulo Pr\u00e1ctico<\/title>\n<meta name=\"description\" content=\"IV Curso H\u00edbrido de Mano y Mu\u00f1eca (NIVEL I) - M\u00f3dulo Pr\u00e1ctico. El m\u00f3dulo pr\u00e1ctico de este curso est\u00e1 dise\u00f1ado para que consolidestus conocimientos y adquieras confianza en la exploraci\u00f3n ecogr\u00e1fica de mano ymu\u00f1eca.\" \/>\n<meta name=\"robots\" content=\"index, follow, max-snippet:-1, max-image-preview:large, max-video-preview:-1\" \/>\n<link rel=\"canonical\" href=\"https:\/\/seeco.es\/en\/curso-ecografia\/curso-hibrido-de-mano-y-muneca-nivel-i-practico\/\" \/>\n<meta property=\"og:locale\" content=\"en_GB\" \/>\n<meta property=\"og:type\" content=\"article\" \/>\n<meta property=\"og:title\" content=\"IV Curso H\u00edbrido de Mano y Mu\u00f1eca (NIVEL I) - M\u00f3dulo Pr\u00e1ctico\" \/>\n<meta property=\"og:description\" content=\"IV Curso H\u00edbrido de Mano y Mu\u00f1eca (NIVEL I) - M\u00f3dulo Pr\u00e1ctico. El m\u00f3dulo pr\u00e1ctico de este curso est\u00e1 dise\u00f1ado para que consolidestus conocimientos y adquieras confianza en la exploraci\u00f3n ecogr\u00e1fica de mano ymu\u00f1eca.\" \/>\n<meta property=\"og:url\" content=\"https:\/\/seeco.es\/en\/curso-ecografia\/curso-hibrido-de-mano-y-muneca-nivel-i-practico\/\" \/>\n<meta property=\"og:site_name\" content=\"SEECO\" \/>\n<meta property=\"article:modified_time\" content=\"2026-02-03T12:51:05+00:00\" \/>\n<meta property=\"og:image\" content=\"https:\/\/seeco.es\/wp-content\/uploads\/2025\/06\/04-ManoMunecaPractico1-25-600x600-1.jpg\" \/>\n\t<meta property=\"og:image:width\" content=\"600\" \/>\n\t<meta property=\"og:image:height\" content=\"600\" \/>\n\t<meta property=\"og:image:type\" content=\"image\/jpeg\" \/>\n<meta name=\"twitter:card\" content=\"summary_large_image\" \/>\n<meta name=\"twitter:label1\" content=\"Estimated reading time\" \/>\n\t<meta name=\"twitter:data1\" content=\"2 minutes\" \/>\n<script type=\"application\/ld+json\" class=\"yoast-schema-graph\">{\"@context\":\"https:\\\/\\\/schema.org\",\"@graph\":[{\"@type\":\"WebPage\",\"@id\":\"https:\\\/\\\/seeco.es\\\/curso-ecografia\\\/curso-hibrido-de-mano-y-muneca-nivel-i-practico\\\/\",\"url\":\"https:\\\/\\\/seeco.es\\\/curso-ecografia\\\/curso-hibrido-de-mano-y-muneca-nivel-i-practico\\\/\",\"name\":\"IV Curso H\u00edbrido de Mano y Mu\u00f1eca (NIVEL I) - M\u00f3dulo Pr\u00e1ctico\",\"isPartOf\":{\"@id\":\"https:\\\/\\\/seeco.es\\\/#website\"},\"primaryImageOfPage\":{\"@id\":\"https:\\\/\\\/seeco.es\\\/curso-ecografia\\\/curso-hibrido-de-mano-y-muneca-nivel-i-practico\\\/#primaryimage\"},\"image\":{\"@id\":\"https:\\\/\\\/seeco.es\\\/curso-ecografia\\\/curso-hibrido-de-mano-y-muneca-nivel-i-practico\\\/#primaryimage\"},\"thumbnailUrl\":\"https:\\\/\\\/seeco.es\\\/wp-content\\\/uploads\\\/2025\\\/06\\\/04-ManoMunecaPractico1-25-600x600-1.jpg\",\"datePublished\":\"2025-09-09T09:38:37+00:00\",\"dateModified\":\"2026-02-03T12:51:05+00:00\",\"description\":\"IV Curso H\u00edbrido de Mano y Mu\u00f1eca (NIVEL I) - M\u00f3dulo Pr\u00e1ctico. El m\u00f3dulo pr\u00e1ctico de este curso est\u00e1 dise\u00f1ado para que consolidestus conocimientos y adquieras confianza en la exploraci\u00f3n ecogr\u00e1fica de mano ymu\u00f1eca.\",\"breadcrumb\":{\"@id\":\"https:\\\/\\\/seeco.es\\\/curso-ecografia\\\/curso-hibrido-de-mano-y-muneca-nivel-i-practico\\\/#breadcrumb\"},\"inLanguage\":\"en-GB\",\"potentialAction\":[{\"@type\":\"ReadAction\",\"target\":[\"https:\\\/\\\/seeco.es\\\/curso-ecografia\\\/curso-hibrido-de-mano-y-muneca-nivel-i-practico\\\/\"]}]},{\"@type\":\"ImageObject\",\"inLanguage\":\"en-GB\",\"@id\":\"https:\\\/\\\/seeco.es\\\/curso-ecografia\\\/curso-hibrido-de-mano-y-muneca-nivel-i-practico\\\/#primaryimage\",\"url\":\"https:\\\/\\\/seeco.es\\\/wp-content\\\/uploads\\\/2025\\\/06\\\/04-ManoMunecaPractico1-25-600x600-1.jpg\",\"contentUrl\":\"https:\\\/\\\/seeco.es\\\/wp-content\\\/uploads\\\/2025\\\/06\\\/04-ManoMunecaPractico1-25-600x600-1.jpg\",\"width\":600,\"height\":600,\"caption\":\"Curso H\u00edbrido de Mano y Mu\u00f1eca (NIVEL I)\"},{\"@type\":\"BreadcrumbList\",\"@id\":\"https:\\\/\\\/seeco.es\\\/curso-ecografia\\\/curso-hibrido-de-mano-y-muneca-nivel-i-practico\\\/#breadcrumb\",\"itemListElement\":[{\"@type\":\"ListItem\",\"position\":1,\"name\":\"Portada\",\"item\":\"https:\\\/\\\/seeco.es\\\/seeco\\\/\"},{\"@type\":\"ListItem\",\"position\":2,\"name\":\"Tienda\",\"item\":\"https:\\\/\\\/seeco.es\\\/en\\\/tienda\\\/\"},{\"@type\":\"ListItem\",\"position\":3,\"name\":\"Curso H\u00edbrido de Mano y Mu\u00f1eca (NIVEL I). PR\u00c1CTICO\"}]},{\"@type\":\"WebSite\",\"@id\":\"https:\\\/\\\/seeco.es\\\/#website\",\"url\":\"https:\\\/\\\/seeco.es\\\/\",\"name\":\"SEECO\",\"description\":\"Sociedad Espa\u00f1ola de Ecograf\u00eda\",\"potentialAction\":[{\"@type\":\"SearchAction\",\"target\":{\"@type\":\"EntryPoint\",\"urlTemplate\":\"https:\\\/\\\/seeco.es\\\/?s={search_term_string}\"},\"query-input\":{\"@type\":\"PropertyValueSpecification\",\"valueRequired\":true,\"valueName\":\"search_term_string\"}}],\"inLanguage\":\"en-GB\"}]}<\/script>\n<!-- \/ Yoast SEO plugin. -->","yoast_head_json":{"title":"IV Curso H\u00edbrido de Mano y Mu\u00f1eca (NIVEL I) - M\u00f3dulo Pr\u00e1ctico","description":"IV Curso H\u00edbrido de Mano y Mu\u00f1eca (NIVEL I) - M\u00f3dulo Pr\u00e1ctico. El m\u00f3dulo pr\u00e1ctico de este curso est\u00e1 dise\u00f1ado para que consolidestus conocimientos y adquieras confianza en la exploraci\u00f3n ecogr\u00e1fica de mano ymu\u00f1eca.","robots":{"index":"index","follow":"follow","max-snippet":"max-snippet:-1","max-image-preview":"max-image-preview:large","max-video-preview":"max-video-preview:-1"},"canonical":"https:\/\/seeco.es\/en\/curso-ecografia\/curso-hibrido-de-mano-y-muneca-nivel-i-practico\/","og_locale":"en_GB","og_type":"article","og_title":"IV Curso H\u00edbrido de Mano y Mu\u00f1eca (NIVEL I) - M\u00f3dulo Pr\u00e1ctico","og_description":"IV Curso H\u00edbrido de Mano y Mu\u00f1eca (NIVEL I) - M\u00f3dulo Pr\u00e1ctico. El m\u00f3dulo pr\u00e1ctico de este curso est\u00e1 dise\u00f1ado para que consolidestus conocimientos y adquieras confianza en la exploraci\u00f3n ecogr\u00e1fica de mano ymu\u00f1eca.","og_url":"https:\/\/seeco.es\/en\/curso-ecografia\/curso-hibrido-de-mano-y-muneca-nivel-i-practico\/","og_site_name":"SEECO","article_modified_time":"2026-02-03T12:51:05+00:00","og_image":[{"width":600,"height":600,"url":"https:\/\/seeco.es\/wp-content\/uploads\/2025\/06\/04-ManoMunecaPractico1-25-600x600-1.jpg","type":"image\/jpeg"}],"twitter_card":"summary_large_image","twitter_misc":{"Estimated reading time":"2 minutes"},"schema":{"@context":"https:\/\/schema.org","@graph":[{"@type":"WebPage","@id":"https:\/\/seeco.es\/curso-ecografia\/curso-hibrido-de-mano-y-muneca-nivel-i-practico\/","url":"https:\/\/seeco.es\/curso-ecografia\/curso-hibrido-de-mano-y-muneca-nivel-i-practico\/","name":"IV Curso H\u00edbrido de Mano y Mu\u00f1eca (NIVEL I) - M\u00f3dulo Pr\u00e1ctico","isPartOf":{"@id":"https:\/\/seeco.es\/#website"},"primaryImageOfPage":{"@id":"https:\/\/seeco.es\/curso-ecografia\/curso-hibrido-de-mano-y-muneca-nivel-i-practico\/#primaryimage"},"image":{"@id":"https:\/\/seeco.es\/curso-ecografia\/curso-hibrido-de-mano-y-muneca-nivel-i-practico\/#primaryimage"},"thumbnailUrl":"https:\/\/seeco.es\/wp-content\/uploads\/2025\/06\/04-ManoMunecaPractico1-25-600x600-1.jpg","datePublished":"2025-09-09T09:38:37+00:00","dateModified":"2026-02-03T12:51:05+00:00","description":"IV Curso H\u00edbrido de Mano y Mu\u00f1eca (NIVEL I) - M\u00f3dulo Pr\u00e1ctico. El m\u00f3dulo pr\u00e1ctico de este curso est\u00e1 dise\u00f1ado para que consolidestus conocimientos y adquieras confianza en la exploraci\u00f3n ecogr\u00e1fica de mano ymu\u00f1eca.","breadcrumb":{"@id":"https:\/\/seeco.es\/curso-ecografia\/curso-hibrido-de-mano-y-muneca-nivel-i-practico\/#breadcrumb"},"inLanguage":"en-GB","potentialAction":[{"@type":"ReadAction","target":["https:\/\/seeco.es\/curso-ecografia\/curso-hibrido-de-mano-y-muneca-nivel-i-practico\/"]}]},{"@type":"ImageObject","inLanguage":"en-GB","@id":"https:\/\/seeco.es\/curso-ecografia\/curso-hibrido-de-mano-y-muneca-nivel-i-practico\/#primaryimage","url":"https:\/\/seeco.es\/wp-content\/uploads\/2025\/06\/04-ManoMunecaPractico1-25-600x600-1.jpg","contentUrl":"https:\/\/seeco.es\/wp-content\/uploads\/2025\/06\/04-ManoMunecaPractico1-25-600x600-1.jpg","width":600,"height":600,"caption":"Curso H\u00edbrido de Mano y Mu\u00f1eca (NIVEL I)"},{"@type":"BreadcrumbList","@id":"https:\/\/seeco.es\/curso-ecografia\/curso-hibrido-de-mano-y-muneca-nivel-i-practico\/#breadcrumb","itemListElement":[{"@type":"ListItem","position":1,"name":"Portada","item":"https:\/\/seeco.es\/seeco\/"},{"@type":"ListItem","position":2,"name":"Tienda","item":"https:\/\/seeco.es\/en\/tienda\/"},{"@type":"ListItem","position":3,"name":"Curso H\u00edbrido de Mano y Mu\u00f1eca (NIVEL I). PR\u00c1CTICO"}]},{"@type":"WebSite","@id":"https:\/\/seeco.es\/#website","url":"https:\/\/seeco.es\/","name":"SEECO","description":"Spanish Society of Ultrasound","potentialAction":[{"@type":"SearchAction","target":{"@type":"EntryPoint","urlTemplate":"https:\/\/seeco.es\/?s={search_term_string}"},"query-input":{"@type":"PropertyValueSpecification","valueRequired":true,"valueName":"search_term_string"}}],"inLanguage":"en-GB"}]}},"_links":{"self":[{"href":"https:\/\/seeco.es\/en\/wp-json\/wp\/v2\/product\/3332","targetHints":{"allow":["GET"]}}],"collection":[{"href":"https:\/\/seeco.es\/en\/wp-json\/wp\/v2\/product"}],"about":[{"href":"https:\/\/seeco.es\/en\/wp-json\/wp\/v2\/types\/product"}],"wp:featuredmedia":[{"embeddable":true,"href":"https:\/\/seeco.es\/en\/wp-json\/wp\/v2\/media\/3548"}],"wp:attachment":[{"href":"https:\/\/seeco.es\/en\/wp-json\/wp\/v2\/media?parent=3332"}],"wp:term":[{"taxonomy":"product_brand","embeddable":true,"href":"https:\/\/seeco.es\/en\/wp-json\/wp\/v2\/product_brand?post=3332"},{"taxonomy":"product_cat","embeddable":true,"href":"https:\/\/seeco.es\/en\/wp-json\/wp\/v2\/product_cat?post=3332"},{"taxonomy":"product_tag","embeddable":true,"href":"https:\/\/seeco.es\/en\/wp-json\/wp\/v2\/product_tag?post=3332"}],"curies":[{"name":"wp","href":"https:\/\/api.w.org\/{rel}","templated":true}]}}