{"id":3031,"date":"2025-09-10T09:17:14","date_gmt":"2025-09-10T09:17:14","guid":{"rendered":"https:\/\/seeco.es\/?post_type=product&#038;p=3031"},"modified":"2026-02-03T12:50:52","modified_gmt":"2026-02-03T12:50:52","slug":"curso-hibrido-de-mano-y-muneca-nivel-i-teorico","status":"publish","type":"product","link":"https:\/\/seeco.es\/en\/curso-ecografia\/curso-hibrido-de-mano-y-muneca-nivel-i-teorico\/","title":{"rendered":"Curso H\u00edbrido de Mano y Mu\u00f1eca (NIVEL I). TE\u00d3RICO"},"content":{"rendered":"<h2>\u00bfQuieres dar tus primeros pasos en la ecograf\u00eda musculoesquel\u00e9tica aplicada a la mano y la mu\u00f1eca?<\/h2>\n<blockquote><p>Este curso h\u00edbrido est\u00e1 dise\u00f1ado para que aprendas de forma <strong>sencilla, pr\u00e1ctica y progresiva<\/strong>, combinando la flexibilidad del aprendizaje online con la experiencia directa de la pr\u00e1ctica presencial.<\/p><\/blockquote>\n<h4>Presentaci\u00f3n del Dr. Jim\u00e9nez y Dr. Ferreira<\/h4>\n<h3 style=\"padding: 56.25% 0 0 0; position: relative;\"><iframe style=\"position: absolute; top: 0; left: 0; width: 100%; height: 100%;\" title=\"Video introduccion\" src=\"https:\/\/player.vimeo.com\/video\/1090393593?title=0&amp;byline=0&amp;portrait=0&amp;badge=0&amp;autopause=0&amp;player_id=0&amp;app_id=58479\" frameborder=\"0\"><\/iframe><\/h3>\n<h2><\/h2>\n<p>El programa se organiza en <strong>tres m\u00f3dulos te\u00f3ricos online<\/strong>, con casi 180 min de contenido te\u00f3rico as\u00ed como videos explicativos, que podr\u00e1s realizar a tu ritmo. Al terminar cada m\u00f3dulo encontrar\u00e1s un cuestionario breve, necesario para seguir avanzando. \u00a1As\u00ed ir\u00e1s consolidando paso a paso lo aprendido!<\/p>\n<p><strong>Desde aqu\u00ed podr\u00e1s <a href=\"https:\/\/seeco.es\/wp-content\/uploads\/2025\/09\/PROGRAMA-CURSO-HIBRIDO-DE-MANO-Y-MUNECA-NIVEL-I.pdf\" target=\"_blank\" rel=\"noopener\">descargar el programa del curso h\u00edbrido te\u00f3rico<\/a><\/strong><\/p>\n<p>Cuando completes los tres m\u00f3dulos, obtendr\u00e1s autom\u00e1ticamente <strong>tu certificado de finalizaci\u00f3n de la parte te\u00f3rica<\/strong>.<\/p>\n<p><strong>Y aqu\u00ed viene lo mejor: con este certificado podr\u00e1s tener acceso a la <a href=\"https:\/\/seeco.es\/en\/curso-ecografia\/iv-curso-hibrido-de-mano-y-muneca-nivel-i-modulo-practico\/\" target=\"_blank\" rel=\"noopener\"><strong>fase pr\u00e1ctica presencial<\/strong><\/a>, <\/strong>que celebramos en dos convocatorias al a\u00f1o, donde podr\u00e1s aplicar todo lo aprendido con la gu\u00eda de especialistas (se adquiere de forma independiente, ver m\u00e1s informaci\u00f3n aqu\u00ed).<\/p>\n<p style=\"text-align: center;\"><a href=\"https:\/\/seeco.es\/en\/curso-ecografia\/curso-hibrido-de-mano-y-muneca-nivel-i-practico\/\" target=\"_blank\" rel=\"noopener\">Desde aqu\u00ed puedes consultar toda la informaci\u00f3n sobre el Curso H\u00edbrido Pr\u00e1ctico de Ecograf\u00eda de Mano y Mu\u00f1eca (Nivel I)<\/a><\/p>\n<p><img loading=\"lazy\" decoding=\"async\" class=\"wp-image-3547 size-medium aligncenter\" title=\"Curso H\u00edbrido de Mano y Mu\u00f1eca (NIVEL I) - TE\u00d3RICO\" src=\"https:\/\/seeco.es\/wp-content\/uploads\/2025\/06\/04-ManoMunecaTeorico1-25-600x600-1-300x300.jpg\" alt=\"Curso H\u00edbrido de Mano y Mu\u00f1eca (NIVEL I)\" width=\"300\" height=\"300\" srcset=\"https:\/\/seeco.es\/wp-content\/uploads\/2025\/06\/04-ManoMunecaTeorico1-25-600x600-1-300x300.jpg 300w, https:\/\/seeco.es\/wp-content\/uploads\/2025\/06\/04-ManoMunecaTeorico1-25-600x600-1-80x80.jpg 80w, https:\/\/seeco.es\/wp-content\/uploads\/2025\/06\/04-ManoMunecaTeorico1-25-600x600-1-12x12.jpg 12w, https:\/\/seeco.es\/wp-content\/uploads\/2025\/06\/04-ManoMunecaTeorico1-25-600x600-1-36x36.jpg 36w, https:\/\/seeco.es\/wp-content\/uploads\/2025\/06\/04-ManoMunecaTeorico1-25-600x600-1-180x180.jpg 180w, https:\/\/seeco.es\/wp-content\/uploads\/2025\/06\/04-ManoMunecaTeorico1-25-600x600-1-120x120.jpg 120w, https:\/\/seeco.es\/wp-content\/uploads\/2025\/06\/04-ManoMunecaTeorico1-25-600x600-1-450x450.jpg 450w, https:\/\/seeco.es\/wp-content\/uploads\/2025\/06\/04-ManoMunecaTeorico1-25-600x600-1-100x100.jpg 100w, https:\/\/seeco.es\/wp-content\/uploads\/2025\/06\/04-ManoMunecaTeorico1-25-600x600-1.jpg 600w\" sizes=\"auto, (max-width: 300px) 100vw, 300px\" \/><\/p>\n<p>Con este formato h\u00edbrido queremos ofrecerte lo mejor de ambos mundos:<\/p>\n<ul>\n<li><strong>Flexibilidad online<\/strong> para asimilar la teor\u00eda a tu ritmo.<\/li>\n<li><strong>Entrenamiento pr\u00e1ctico<\/strong> en un entorno real para que ganes confianza en el uso de la ecograf\u00eda en mano y mu\u00f1eca.<\/li>\n<\/ul>\n<p>\u00a1Empieza tu camino en la ecograf\u00eda de forma clara, estructurada y motivadora!<\/p>\n<p><strong>PRECIO CURSO TEORICO:<\/strong><\/p>\n<ul>\n<li>Curso online No Socio SEECO: 423,50 \u20ac (IVA inc.)<\/li>\n<li>Curso online Socio SEECO: 402,33 \u20ac (IVA inc)<\/li>\n<\/ul>\n<p class=\"p1\"><span class=\"s1\">Technical Secretariat:\u00a0<\/span><b>Spanish Society of Ultrasound<\/b><\/p>\n<ul>\n<li class=\"p3\"><span class=\"s4\"><b>Phone:\u00a0<a href=\"tel:+34 655 694 698\">+34 655 694 698<\/a><\/b><\/span><\/li>\n<li class=\"p3\"><span class=\"s5\"><b>E-mail:\u00a0<\/b><\/span><a href=\"mailto:secretariatecnica@seeco.es\"><span class=\"s5\"><b>secretariatecnica@seeco.es<\/b><\/span><\/a><\/li>\n<\/ul>","protected":false},"excerpt":{"rendered":"<p>\u00bfQuieres dar tus primeros pasos en la ecograf\u00eda musculoesquel\u00e9tica aplicada a la mano y la mu\u00f1eca? Este curso h\u00edbrido est\u00e1 dise\u00f1ado para que aprendas de forma sencilla, pr\u00e1ctica y progresiva, combinando la flexibilidad del aprendizaje online con la experiencia directa de la pr\u00e1ctica presencial. Presentaci\u00f3n del Dr. Jim\u00e9nez y Dr. Ferreira El programa se organiza [&hellip;]<\/p>\n","protected":false},"featured_media":3547,"template":"","meta":[],"product_brand":[],"product_cat":[75],"product_tag":[74],"class_list":{"0":"post-3031","1":"product","2":"type-product","3":"status-publish","4":"has-post-thumbnail","6":"product_cat-cursos-hibridos","7":"product_tag-curso-ecografia-mano-y-muneca","9":"first","10":"instock","11":"sold-individually","12":"taxable","13":"shipping-taxable","14":"purchasable","15":"product-type-variable"},"yoast_head":"<!-- This site is optimized with the Yoast SEO plugin v27.4 - https:\/\/yoast.com\/product\/yoast-seo-wordpress\/ -->\n<title>Curso H\u00edbrido de Mano y Mu\u00f1eca (NIVEL I). TE\u00d3RICO . SEECO<\/title>\n<meta name=\"description\" content=\"IV Curso H\u00edbrido De Mano Y Mu\u00f1eca Nivel I. Este curso h\u00edbrido est\u00e1 dise\u00f1ado para que aprendas de forma sencilla, pr\u00e1ctica y progresiva, combinando la flexibilidad del aprendizaje online con la experiencia directa de la pr\u00e1ctica presencial.\" \/>\n<meta name=\"robots\" content=\"index, follow, max-snippet:-1, max-image-preview:large, max-video-preview:-1\" \/>\n<link rel=\"canonical\" href=\"https:\/\/seeco.es\/en\/curso-ecografia\/curso-hibrido-de-mano-y-muneca-nivel-i-teorico\/\" \/>\n<meta property=\"og:locale\" content=\"en_GB\" \/>\n<meta property=\"og:type\" content=\"article\" \/>\n<meta property=\"og:title\" content=\"Curso H\u00edbrido de Mano y Mu\u00f1eca (NIVEL I). TE\u00d3RICO . SEECO\" \/>\n<meta property=\"og:description\" content=\"IV Curso H\u00edbrido De Mano Y Mu\u00f1eca Nivel I. Este curso h\u00edbrido est\u00e1 dise\u00f1ado para que aprendas de forma sencilla, pr\u00e1ctica y progresiva, combinando la flexibilidad del aprendizaje online con la experiencia directa de la pr\u00e1ctica presencial.\" \/>\n<meta property=\"og:url\" content=\"https:\/\/seeco.es\/en\/curso-ecografia\/curso-hibrido-de-mano-y-muneca-nivel-i-teorico\/\" \/>\n<meta property=\"og:site_name\" content=\"SEECO\" \/>\n<meta property=\"article:modified_time\" content=\"2026-02-03T12:50:52+00:00\" \/>\n<meta property=\"og:image\" content=\"https:\/\/seeco.es\/wp-content\/uploads\/2025\/06\/04-ManoMunecaTeorico1-25-600x600-1.jpg\" \/>\n\t<meta property=\"og:image:width\" content=\"600\" \/>\n\t<meta property=\"og:image:height\" content=\"600\" \/>\n\t<meta property=\"og:image:type\" content=\"image\/jpeg\" \/>\n<meta name=\"twitter:card\" content=\"summary_large_image\" \/>\n<meta name=\"twitter:label1\" content=\"Estimated reading time\" \/>\n\t<meta name=\"twitter:data1\" content=\"2 minutes\" \/>\n<script type=\"application\/ld+json\" class=\"yoast-schema-graph\">{\"@context\":\"https:\\\/\\\/schema.org\",\"@graph\":[{\"@type\":\"WebPage\",\"@id\":\"https:\\\/\\\/seeco.es\\\/curso-ecografia\\\/curso-hibrido-de-mano-y-muneca-nivel-i-teorico\\\/\",\"url\":\"https:\\\/\\\/seeco.es\\\/curso-ecografia\\\/curso-hibrido-de-mano-y-muneca-nivel-i-teorico\\\/\",\"name\":\"Curso H\u00edbrido de Mano y Mu\u00f1eca (NIVEL I). TE\u00d3RICO . SEECO\",\"isPartOf\":{\"@id\":\"https:\\\/\\\/seeco.es\\\/#website\"},\"primaryImageOfPage\":{\"@id\":\"https:\\\/\\\/seeco.es\\\/curso-ecografia\\\/curso-hibrido-de-mano-y-muneca-nivel-i-teorico\\\/#primaryimage\"},\"image\":{\"@id\":\"https:\\\/\\\/seeco.es\\\/curso-ecografia\\\/curso-hibrido-de-mano-y-muneca-nivel-i-teorico\\\/#primaryimage\"},\"thumbnailUrl\":\"https:\\\/\\\/seeco.es\\\/wp-content\\\/uploads\\\/2025\\\/06\\\/04-ManoMunecaTeorico1-25-600x600-1.jpg\",\"datePublished\":\"2025-09-10T09:17:14+00:00\",\"dateModified\":\"2026-02-03T12:50:52+00:00\",\"description\":\"IV Curso H\u00edbrido De Mano Y Mu\u00f1eca Nivel I. Este curso h\u00edbrido est\u00e1 dise\u00f1ado para que aprendas de forma sencilla, pr\u00e1ctica y progresiva, combinando la flexibilidad del aprendizaje online con la experiencia directa de la pr\u00e1ctica presencial.\",\"breadcrumb\":{\"@id\":\"https:\\\/\\\/seeco.es\\\/curso-ecografia\\\/curso-hibrido-de-mano-y-muneca-nivel-i-teorico\\\/#breadcrumb\"},\"inLanguage\":\"en-GB\",\"potentialAction\":[{\"@type\":\"ReadAction\",\"target\":[\"https:\\\/\\\/seeco.es\\\/curso-ecografia\\\/curso-hibrido-de-mano-y-muneca-nivel-i-teorico\\\/\"]}]},{\"@type\":\"ImageObject\",\"inLanguage\":\"en-GB\",\"@id\":\"https:\\\/\\\/seeco.es\\\/curso-ecografia\\\/curso-hibrido-de-mano-y-muneca-nivel-i-teorico\\\/#primaryimage\",\"url\":\"https:\\\/\\\/seeco.es\\\/wp-content\\\/uploads\\\/2025\\\/06\\\/04-ManoMunecaTeorico1-25-600x600-1.jpg\",\"contentUrl\":\"https:\\\/\\\/seeco.es\\\/wp-content\\\/uploads\\\/2025\\\/06\\\/04-ManoMunecaTeorico1-25-600x600-1.jpg\",\"width\":600,\"height\":600,\"caption\":\"Curso H\u00edbrido de Mano y Mu\u00f1eca (NIVEL I)\"},{\"@type\":\"BreadcrumbList\",\"@id\":\"https:\\\/\\\/seeco.es\\\/curso-ecografia\\\/curso-hibrido-de-mano-y-muneca-nivel-i-teorico\\\/#breadcrumb\",\"itemListElement\":[{\"@type\":\"ListItem\",\"position\":1,\"name\":\"Portada\",\"item\":\"https:\\\/\\\/seeco.es\\\/seeco\\\/\"},{\"@type\":\"ListItem\",\"position\":2,\"name\":\"Tienda\",\"item\":\"https:\\\/\\\/seeco.es\\\/en\\\/tienda\\\/\"},{\"@type\":\"ListItem\",\"position\":3,\"name\":\"Curso H\u00edbrido de Mano y Mu\u00f1eca (NIVEL I). TE\u00d3RICO\"}]},{\"@type\":\"WebSite\",\"@id\":\"https:\\\/\\\/seeco.es\\\/#website\",\"url\":\"https:\\\/\\\/seeco.es\\\/\",\"name\":\"SEECO\",\"description\":\"Sociedad Espa\u00f1ola de Ecograf\u00eda\",\"potentialAction\":[{\"@type\":\"SearchAction\",\"target\":{\"@type\":\"EntryPoint\",\"urlTemplate\":\"https:\\\/\\\/seeco.es\\\/?s={search_term_string}\"},\"query-input\":{\"@type\":\"PropertyValueSpecification\",\"valueRequired\":true,\"valueName\":\"search_term_string\"}}],\"inLanguage\":\"en-GB\"}]}<\/script>\n<!-- \/ Yoast SEO plugin. -->","yoast_head_json":{"title":"Curso H\u00edbrido de Mano y Mu\u00f1eca (NIVEL I). TE\u00d3RICO . SEECO","description":"IV Curso H\u00edbrido De Mano Y Mu\u00f1eca Nivel I. Este curso h\u00edbrido est\u00e1 dise\u00f1ado para que aprendas de forma sencilla, pr\u00e1ctica y progresiva, combinando la flexibilidad del aprendizaje online con la experiencia directa de la pr\u00e1ctica presencial.","robots":{"index":"index","follow":"follow","max-snippet":"max-snippet:-1","max-image-preview":"max-image-preview:large","max-video-preview":"max-video-preview:-1"},"canonical":"https:\/\/seeco.es\/en\/curso-ecografia\/curso-hibrido-de-mano-y-muneca-nivel-i-teorico\/","og_locale":"en_GB","og_type":"article","og_title":"Curso H\u00edbrido de Mano y Mu\u00f1eca (NIVEL I). TE\u00d3RICO . SEECO","og_description":"IV Curso H\u00edbrido De Mano Y Mu\u00f1eca Nivel I. Este curso h\u00edbrido est\u00e1 dise\u00f1ado para que aprendas de forma sencilla, pr\u00e1ctica y progresiva, combinando la flexibilidad del aprendizaje online con la experiencia directa de la pr\u00e1ctica presencial.","og_url":"https:\/\/seeco.es\/en\/curso-ecografia\/curso-hibrido-de-mano-y-muneca-nivel-i-teorico\/","og_site_name":"SEECO","article_modified_time":"2026-02-03T12:50:52+00:00","og_image":[{"width":600,"height":600,"url":"https:\/\/seeco.es\/wp-content\/uploads\/2025\/06\/04-ManoMunecaTeorico1-25-600x600-1.jpg","type":"image\/jpeg"}],"twitter_card":"summary_large_image","twitter_misc":{"Estimated reading time":"2 minutes"},"schema":{"@context":"https:\/\/schema.org","@graph":[{"@type":"WebPage","@id":"https:\/\/seeco.es\/curso-ecografia\/curso-hibrido-de-mano-y-muneca-nivel-i-teorico\/","url":"https:\/\/seeco.es\/curso-ecografia\/curso-hibrido-de-mano-y-muneca-nivel-i-teorico\/","name":"Curso H\u00edbrido de Mano y Mu\u00f1eca (NIVEL I). TE\u00d3RICO . SEECO","isPartOf":{"@id":"https:\/\/seeco.es\/#website"},"primaryImageOfPage":{"@id":"https:\/\/seeco.es\/curso-ecografia\/curso-hibrido-de-mano-y-muneca-nivel-i-teorico\/#primaryimage"},"image":{"@id":"https:\/\/seeco.es\/curso-ecografia\/curso-hibrido-de-mano-y-muneca-nivel-i-teorico\/#primaryimage"},"thumbnailUrl":"https:\/\/seeco.es\/wp-content\/uploads\/2025\/06\/04-ManoMunecaTeorico1-25-600x600-1.jpg","datePublished":"2025-09-10T09:17:14+00:00","dateModified":"2026-02-03T12:50:52+00:00","description":"IV Curso H\u00edbrido De Mano Y Mu\u00f1eca Nivel I. Este curso h\u00edbrido est\u00e1 dise\u00f1ado para que aprendas de forma sencilla, pr\u00e1ctica y progresiva, combinando la flexibilidad del aprendizaje online con la experiencia directa de la pr\u00e1ctica presencial.","breadcrumb":{"@id":"https:\/\/seeco.es\/curso-ecografia\/curso-hibrido-de-mano-y-muneca-nivel-i-teorico\/#breadcrumb"},"inLanguage":"en-GB","potentialAction":[{"@type":"ReadAction","target":["https:\/\/seeco.es\/curso-ecografia\/curso-hibrido-de-mano-y-muneca-nivel-i-teorico\/"]}]},{"@type":"ImageObject","inLanguage":"en-GB","@id":"https:\/\/seeco.es\/curso-ecografia\/curso-hibrido-de-mano-y-muneca-nivel-i-teorico\/#primaryimage","url":"https:\/\/seeco.es\/wp-content\/uploads\/2025\/06\/04-ManoMunecaTeorico1-25-600x600-1.jpg","contentUrl":"https:\/\/seeco.es\/wp-content\/uploads\/2025\/06\/04-ManoMunecaTeorico1-25-600x600-1.jpg","width":600,"height":600,"caption":"Curso H\u00edbrido de Mano y Mu\u00f1eca (NIVEL I)"},{"@type":"BreadcrumbList","@id":"https:\/\/seeco.es\/curso-ecografia\/curso-hibrido-de-mano-y-muneca-nivel-i-teorico\/#breadcrumb","itemListElement":[{"@type":"ListItem","position":1,"name":"Portada","item":"https:\/\/seeco.es\/seeco\/"},{"@type":"ListItem","position":2,"name":"Tienda","item":"https:\/\/seeco.es\/en\/tienda\/"},{"@type":"ListItem","position":3,"name":"Curso H\u00edbrido de Mano y Mu\u00f1eca (NIVEL I). TE\u00d3RICO"}]},{"@type":"WebSite","@id":"https:\/\/seeco.es\/#website","url":"https:\/\/seeco.es\/","name":"SEECO","description":"Spanish Society of Ultrasound","potentialAction":[{"@type":"SearchAction","target":{"@type":"EntryPoint","urlTemplate":"https:\/\/seeco.es\/?s={search_term_string}"},"query-input":{"@type":"PropertyValueSpecification","valueRequired":true,"valueName":"search_term_string"}}],"inLanguage":"en-GB"}]}},"_links":{"self":[{"href":"https:\/\/seeco.es\/en\/wp-json\/wp\/v2\/product\/3031","targetHints":{"allow":["GET"]}}],"collection":[{"href":"https:\/\/seeco.es\/en\/wp-json\/wp\/v2\/product"}],"about":[{"href":"https:\/\/seeco.es\/en\/wp-json\/wp\/v2\/types\/product"}],"wp:featuredmedia":[{"embeddable":true,"href":"https:\/\/seeco.es\/en\/wp-json\/wp\/v2\/media\/3547"}],"wp:attachment":[{"href":"https:\/\/seeco.es\/en\/wp-json\/wp\/v2\/media?parent=3031"}],"wp:term":[{"taxonomy":"product_brand","embeddable":true,"href":"https:\/\/seeco.es\/en\/wp-json\/wp\/v2\/product_brand?post=3031"},{"taxonomy":"product_cat","embeddable":true,"href":"https:\/\/seeco.es\/en\/wp-json\/wp\/v2\/product_cat?post=3031"},{"taxonomy":"product_tag","embeddable":true,"href":"https:\/\/seeco.es\/en\/wp-json\/wp\/v2\/product_tag?post=3031"}],"curies":[{"name":"wp","href":"https:\/\/api.w.org\/{rel}","templated":true}]}}