{"id":1807,"date":"2022-06-01T11:19:24","date_gmt":"2022-06-01T11:19:24","guid":{"rendered":"https:\/\/seeco.es\/?post_type=product&#038;p=1807"},"modified":"2022-06-01T11:43:23","modified_gmt":"2022-06-01T11:43:23","slug":"webinar-ecografia-musculo-esqueletica-miembro-superior","status":"publish","type":"product","link":"https:\/\/seeco.es\/en\/curso-ecografia\/webinar-ecografia-musculo-esqueletica-miembro-superior\/","title":{"rendered":"I Webinar Musculoskeletal Ultrasound: Upper Extremity"},"content":{"rendered":"<h2 class=\"tribe-events-single-event-title summary entry-title\" style=\"text-align: center;\">I Webinar Musculoskeletal Ultrasound: Upper Extremity<\/h2>\n<p style=\"text-align: center;\">Issued on January 29, 2021<\/p>\n<p style=\"text-align: center;\"><strong>OPEN REGISTRATIONS<\/strong><\/p>\n<h3 style=\"text-align: center;\"><del>Price: 35\u20ac<\/del><\/h3>\n<h3 style=\"text-align: center;\">Offer: 28\u20ac<\/h3>\n<p style=\"text-align: center;\"><strong>IMPORTANT:<\/strong><\/p>\n<p style=\"text-align: center;\"><strong>When purchasing the Webinar, we will contact you to provide you with the access data to the Webinar.<\/strong><\/p>\n<p><strong>PROGRAM:<\/strong><\/p>\n<div class=\"page\" title=\"Page 1\">\n<div class=\"layoutArea\">\n<div class=\"column\">\n<ul>\n<li>Application of MSK ultrasound in occupational pathology: Clinical cases.<\/li>\n<li>Differential diagnosis of elbow pain: Not everything is epicondylopathy.<\/li>\n<li>Overuse pathology of the flexor canal: Tenosynovitis and pulley pathology.<\/li>\n<li>Last therapeutic step in painful shoulder: Utility of ultrasound.<\/li>\n<\/ul>\n<\/div>\n<\/div>\n<\/div>\n<p><strong>FACULTY:<\/strong><\/p>\n<div title=\"Page 1\">\n<div>\n<div>\n<div class=\"page\" title=\"Page 1\">\n<div class=\"layoutArea\">\n<div class=\"column\">\n<p><strong>Dr. Ricardo Aguil\u00f3 Vega<\/strong><\/p>\n<p>Asepeyo Clinic, Madrid.<\/p>\n<p><strong>Dr. Fernando Jimenez Diaz<\/strong><\/p>\n<p>Faculty of Sports Sciences (UCLM), Toledo.<br \/>\nInternational Chair of Musculoskeletal Ultrasonography, UCAM.<\/p>\n<p><strong>Dr. Francisco Javier Ferreira Vilanova<\/strong><\/p>\n<\/div>\n<\/div>\n<div class=\"layoutArea\">\n<div class=\"column\">\n<p>Upper Extremity and Hand Surgery Unit, Guadalajara University Hospital. Na Sra. del Rosario Hospital, Madrid.<\/p>\n<p><strong>Dr. Alejandro Ortega Romero<\/strong><\/p>\n<p>Asepeyo Hospital, Coslada, Madrid.<\/p>\n<\/div>\n<\/div>\n<\/div>\n<\/div>\n<\/div>\n<\/div>\n<p><img loading=\"lazy\" decoding=\"async\" class=\"aligncenter wp-image-1802 size-full\" title=\"III COURSE ON APPLIED ULTRASOUND IN OCCUPATIONAL MEDICINE (UPPER LIMB)\" src=\"https:\/\/seeco.es\/wp-content\/uploads\/2022\/06\/04-WebinarMusculoesqueletica21-500x500-1.jpg\" alt=\"I WEBINAR ECOGRAF\u00cdA M\u00daSCULO ESQUEL\u00c9TICA: MIEMBRO SUPERIOR\" width=\"500\" height=\"500\" srcset=\"https:\/\/seeco.es\/wp-content\/uploads\/2022\/06\/04-WebinarMusculoesqueletica21-500x500-1.jpg 500w, https:\/\/seeco.es\/wp-content\/uploads\/2022\/06\/04-WebinarMusculoesqueletica21-500x500-1-300x300.jpg 300w, https:\/\/seeco.es\/wp-content\/uploads\/2022\/06\/04-WebinarMusculoesqueletica21-500x500-1-100x100.jpg 100w, https:\/\/seeco.es\/wp-content\/uploads\/2022\/06\/04-WebinarMusculoesqueletica21-500x500-1-80x80.jpg 80w, https:\/\/seeco.es\/wp-content\/uploads\/2022\/06\/04-WebinarMusculoesqueletica21-500x500-1-36x36.jpg 36w, https:\/\/seeco.es\/wp-content\/uploads\/2022\/06\/04-WebinarMusculoesqueletica21-500x500-1-180x180.jpg 180w\" sizes=\"auto, (max-width: 500px) 100vw, 500px\" \/><\/p>\n<p style=\"text-align: center;\"><strong>IMPORTANT:<\/strong><\/p>\n<p style=\"text-align: center;\"><strong>When purchasing the Webinar, we will contact you to provide you with the access data to the Webinar.<\/strong><\/p>\n<h2 style=\"text-align: center;\"><strong><span style=\"color: #3366ff;\">MORE INFORMATION OF INTEREST<\/span><\/strong><\/h2>\n<p style=\"text-align: center;\"><strong>Technical Secretariat of the Course<\/strong>:<br \/>\nTel.: +34 616 97 26 60, Pedro Roman<br \/>\n<a href=\"mailto:seeco@encuentrosprofesionales.com\">seeco@encuentrosprofesionales.com <\/a><\/p>\n<p>&nbsp;<\/p>","protected":false},"excerpt":{"rendered":"<p>I Webinar Ecograf\u00eda Musculo Esquel\u00e9tica: Miembro Superior Emitido el pasado 29 de enero de 2021 INSCRIPCIONES ABIERTAS Precio: 35\u20ac Oferta: 28\u20ac IMPORTANTE: Al realizar la compra del Webinar, nos pondremos en contacto contigo para facilitarte los datos de acceso al Webinar PROGRAMA: Aplicacio\u0301n de la ecografi\u0301a MSK en la patologi\u0301a laboral: Casos cli\u0301nicos. Diagno\u0301stico diferencial [&hellip;]<\/p>\n","protected":false},"featured_media":1802,"template":"","meta":[],"product_brand":[],"product_cat":[54],"product_tag":[],"class_list":{"0":"post-1807","1":"product","2":"type-product","3":"status-publish","4":"has-post-thumbnail","6":"product_cat-webinar-ecografia","8":"first","9":"instock","10":"sale","11":"virtual","12":"sold-individually","13":"taxable","14":"purchasable","15":"product-type-simple"},"yoast_head":"<!-- This site is optimized with the Yoast SEO plugin v27.5 - https:\/\/yoast.com\/product\/yoast-seo-wordpress\/ -->\n<title>Webinar Ecograf\u00eda Musculo Esquel\u00e9tica: Miembro Superior<\/title>\n<meta name=\"description\" content=\"Webinar Ecograf\u00eda Musculo Esquel\u00e9tica: Miembro Superior, organizado por SEECO (Sociedad Espa\u00f1ola de Ecograf\u00eda). Te lo vas a perder !!!\" \/>\n<meta name=\"robots\" content=\"index, follow, max-snippet:-1, max-image-preview:large, max-video-preview:-1\" \/>\n<link rel=\"canonical\" href=\"https:\/\/seeco.es\/en\/curso-ecografia\/webinar-ecografia-musculo-esqueletica-miembro-superior\/\" \/>\n<meta property=\"og:locale\" content=\"en_GB\" \/>\n<meta property=\"og:type\" content=\"article\" \/>\n<meta property=\"og:title\" content=\"Webinar Ecograf\u00eda Musculo Esquel\u00e9tica: Miembro Superior\" \/>\n<meta property=\"og:description\" content=\"Webinar Ecograf\u00eda Musculo Esquel\u00e9tica: Miembro Superior, organizado por SEECO (Sociedad Espa\u00f1ola de Ecograf\u00eda). Te lo vas a perder !!!\" \/>\n<meta property=\"og:url\" content=\"https:\/\/seeco.es\/en\/curso-ecografia\/webinar-ecografia-musculo-esqueletica-miembro-superior\/\" \/>\n<meta property=\"og:site_name\" content=\"SEECO\" \/>\n<meta property=\"article:modified_time\" content=\"2022-06-01T11:43:23+00:00\" \/>\n<meta property=\"og:image\" content=\"https:\/\/seeco.es\/wp-content\/uploads\/2022\/06\/04-WebinarMusculoesqueletica21-500x500-1.jpg\" \/>\n\t<meta property=\"og:image:width\" content=\"500\" \/>\n\t<meta property=\"og:image:height\" content=\"500\" \/>\n\t<meta property=\"og:image:type\" content=\"image\/jpeg\" \/>\n<meta name=\"twitter:card\" content=\"summary_large_image\" \/>\n<meta name=\"twitter:label1\" content=\"Estimated reading time\" \/>\n\t<meta name=\"twitter:data1\" content=\"1 minute\" \/>\n<script type=\"application\/ld+json\" class=\"yoast-schema-graph\">{\"@context\":\"https:\\\/\\\/schema.org\",\"@graph\":[{\"@type\":\"WebPage\",\"@id\":\"https:\\\/\\\/seeco.es\\\/curso-ecografia\\\/webinar-ecografia-musculo-esqueletica-miembro-superior\\\/\",\"url\":\"https:\\\/\\\/seeco.es\\\/curso-ecografia\\\/webinar-ecografia-musculo-esqueletica-miembro-superior\\\/\",\"name\":\"Webinar Ecograf\u00eda Musculo Esquel\u00e9tica: Miembro Superior\",\"isPartOf\":{\"@id\":\"https:\\\/\\\/seeco.es\\\/#website\"},\"primaryImageOfPage\":{\"@id\":\"https:\\\/\\\/seeco.es\\\/curso-ecografia\\\/webinar-ecografia-musculo-esqueletica-miembro-superior\\\/#primaryimage\"},\"image\":{\"@id\":\"https:\\\/\\\/seeco.es\\\/curso-ecografia\\\/webinar-ecografia-musculo-esqueletica-miembro-superior\\\/#primaryimage\"},\"thumbnailUrl\":\"https:\\\/\\\/seeco.es\\\/wp-content\\\/uploads\\\/2022\\\/06\\\/04-WebinarMusculoesqueletica21-500x500-1.jpg\",\"datePublished\":\"2022-06-01T11:19:24+00:00\",\"dateModified\":\"2022-06-01T11:43:23+00:00\",\"description\":\"Webinar Ecograf\u00eda Musculo Esquel\u00e9tica: Miembro Superior, organizado por SEECO (Sociedad Espa\u00f1ola de Ecograf\u00eda). Te lo vas a perder !!!\",\"breadcrumb\":{\"@id\":\"https:\\\/\\\/seeco.es\\\/curso-ecografia\\\/webinar-ecografia-musculo-esqueletica-miembro-superior\\\/#breadcrumb\"},\"inLanguage\":\"en-GB\",\"potentialAction\":[{\"@type\":\"ReadAction\",\"target\":[\"https:\\\/\\\/seeco.es\\\/curso-ecografia\\\/webinar-ecografia-musculo-esqueletica-miembro-superior\\\/\"]}]},{\"@type\":\"ImageObject\",\"inLanguage\":\"en-GB\",\"@id\":\"https:\\\/\\\/seeco.es\\\/curso-ecografia\\\/webinar-ecografia-musculo-esqueletica-miembro-superior\\\/#primaryimage\",\"url\":\"https:\\\/\\\/seeco.es\\\/wp-content\\\/uploads\\\/2022\\\/06\\\/04-WebinarMusculoesqueletica21-500x500-1.jpg\",\"contentUrl\":\"https:\\\/\\\/seeco.es\\\/wp-content\\\/uploads\\\/2022\\\/06\\\/04-WebinarMusculoesqueletica21-500x500-1.jpg\",\"width\":500,\"height\":500,\"caption\":\"I WEBINAR ECOGRAF\u00cdA M\u00daSCULO ESQUEL\u00c9TICA: MIEMBRO SUPERIOR\"},{\"@type\":\"BreadcrumbList\",\"@id\":\"https:\\\/\\\/seeco.es\\\/curso-ecografia\\\/webinar-ecografia-musculo-esqueletica-miembro-superior\\\/#breadcrumb\",\"itemListElement\":[{\"@type\":\"ListItem\",\"position\":1,\"name\":\"Portada\",\"item\":\"https:\\\/\\\/seeco.es\\\/seeco\\\/\"},{\"@type\":\"ListItem\",\"position\":2,\"name\":\"Tienda\",\"item\":\"https:\\\/\\\/seeco.es\\\/en\\\/tienda\\\/\"},{\"@type\":\"ListItem\",\"position\":3,\"name\":\"I Webinar Ecograf\u00eda Musculo Esquel\u00e9tica: Miembro Superior\"}]},{\"@type\":\"WebSite\",\"@id\":\"https:\\\/\\\/seeco.es\\\/#website\",\"url\":\"https:\\\/\\\/seeco.es\\\/\",\"name\":\"SEECO\",\"description\":\"Sociedad Espa\u00f1ola de Ecograf\u00eda\",\"potentialAction\":[{\"@type\":\"SearchAction\",\"target\":{\"@type\":\"EntryPoint\",\"urlTemplate\":\"https:\\\/\\\/seeco.es\\\/?s={search_term_string}\"},\"query-input\":{\"@type\":\"PropertyValueSpecification\",\"valueRequired\":true,\"valueName\":\"search_term_string\"}}],\"inLanguage\":\"en-GB\"}]}<\/script>\n<!-- \/ Yoast SEO plugin. -->","yoast_head_json":{"title":"Musculoskeletal Ultrasound Webinar: Upper Extremity","description":"Musculoskeletal Ultrasound Webinar: Upper Extremity, organized by SEECO (Spanish Society of Ultrasound). You&#039;re going to miss it!!!","robots":{"index":"index","follow":"follow","max-snippet":"max-snippet:-1","max-image-preview":"max-image-preview:large","max-video-preview":"max-video-preview:-1"},"canonical":"https:\/\/seeco.es\/en\/curso-ecografia\/webinar-ecografia-musculo-esqueletica-miembro-superior\/","og_locale":"en_GB","og_type":"article","og_title":"Webinar Ecograf\u00eda Musculo Esquel\u00e9tica: Miembro Superior","og_description":"Webinar Ecograf\u00eda Musculo Esquel\u00e9tica: Miembro Superior, organizado por SEECO (Sociedad Espa\u00f1ola de Ecograf\u00eda). Te lo vas a perder !!!","og_url":"https:\/\/seeco.es\/en\/curso-ecografia\/webinar-ecografia-musculo-esqueletica-miembro-superior\/","og_site_name":"SEECO","article_modified_time":"2022-06-01T11:43:23+00:00","og_image":[{"width":500,"height":500,"url":"https:\/\/seeco.es\/wp-content\/uploads\/2022\/06\/04-WebinarMusculoesqueletica21-500x500-1.jpg","type":"image\/jpeg"}],"twitter_card":"summary_large_image","twitter_misc":{"Estimated reading time":"1 minute"},"schema":{"@context":"https:\/\/schema.org","@graph":[{"@type":"WebPage","@id":"https:\/\/seeco.es\/curso-ecografia\/webinar-ecografia-musculo-esqueletica-miembro-superior\/","url":"https:\/\/seeco.es\/curso-ecografia\/webinar-ecografia-musculo-esqueletica-miembro-superior\/","name":"Musculoskeletal Ultrasound Webinar: Upper Extremity","isPartOf":{"@id":"https:\/\/seeco.es\/#website"},"primaryImageOfPage":{"@id":"https:\/\/seeco.es\/curso-ecografia\/webinar-ecografia-musculo-esqueletica-miembro-superior\/#primaryimage"},"image":{"@id":"https:\/\/seeco.es\/curso-ecografia\/webinar-ecografia-musculo-esqueletica-miembro-superior\/#primaryimage"},"thumbnailUrl":"https:\/\/seeco.es\/wp-content\/uploads\/2022\/06\/04-WebinarMusculoesqueletica21-500x500-1.jpg","datePublished":"2022-06-01T11:19:24+00:00","dateModified":"2022-06-01T11:43:23+00:00","description":"Musculoskeletal Ultrasound Webinar: Upper Extremity, organized by SEECO (Spanish Society of Ultrasound). You&#039;re going to miss it!!!","breadcrumb":{"@id":"https:\/\/seeco.es\/curso-ecografia\/webinar-ecografia-musculo-esqueletica-miembro-superior\/#breadcrumb"},"inLanguage":"en-GB","potentialAction":[{"@type":"ReadAction","target":["https:\/\/seeco.es\/curso-ecografia\/webinar-ecografia-musculo-esqueletica-miembro-superior\/"]}]},{"@type":"ImageObject","inLanguage":"en-GB","@id":"https:\/\/seeco.es\/curso-ecografia\/webinar-ecografia-musculo-esqueletica-miembro-superior\/#primaryimage","url":"https:\/\/seeco.es\/wp-content\/uploads\/2022\/06\/04-WebinarMusculoesqueletica21-500x500-1.jpg","contentUrl":"https:\/\/seeco.es\/wp-content\/uploads\/2022\/06\/04-WebinarMusculoesqueletica21-500x500-1.jpg","width":500,"height":500,"caption":"I WEBINAR ECOGRAF\u00cdA M\u00daSCULO ESQUEL\u00c9TICA: MIEMBRO SUPERIOR"},{"@type":"BreadcrumbList","@id":"https:\/\/seeco.es\/curso-ecografia\/webinar-ecografia-musculo-esqueletica-miembro-superior\/#breadcrumb","itemListElement":[{"@type":"ListItem","position":1,"name":"Portada","item":"https:\/\/seeco.es\/seeco\/"},{"@type":"ListItem","position":2,"name":"Tienda","item":"https:\/\/seeco.es\/en\/tienda\/"},{"@type":"ListItem","position":3,"name":"I Webinar Ecograf\u00eda Musculo Esquel\u00e9tica: Miembro Superior"}]},{"@type":"WebSite","@id":"https:\/\/seeco.es\/#website","url":"https:\/\/seeco.es\/","name":"SEECO","description":"Spanish Society of Ultrasound","potentialAction":[{"@type":"SearchAction","target":{"@type":"EntryPoint","urlTemplate":"https:\/\/seeco.es\/?s={search_term_string}"},"query-input":{"@type":"PropertyValueSpecification","valueRequired":true,"valueName":"search_term_string"}}],"inLanguage":"en-GB"}]}},"_links":{"self":[{"href":"https:\/\/seeco.es\/en\/wp-json\/wp\/v2\/product\/1807","targetHints":{"allow":["GET"]}}],"collection":[{"href":"https:\/\/seeco.es\/en\/wp-json\/wp\/v2\/product"}],"about":[{"href":"https:\/\/seeco.es\/en\/wp-json\/wp\/v2\/types\/product"}],"wp:featuredmedia":[{"embeddable":true,"href":"https:\/\/seeco.es\/en\/wp-json\/wp\/v2\/media\/1802"}],"wp:attachment":[{"href":"https:\/\/seeco.es\/en\/wp-json\/wp\/v2\/media?parent=1807"}],"wp:term":[{"taxonomy":"product_brand","embeddable":true,"href":"https:\/\/seeco.es\/en\/wp-json\/wp\/v2\/product_brand?post=1807"},{"taxonomy":"product_cat","embeddable":true,"href":"https:\/\/seeco.es\/en\/wp-json\/wp\/v2\/product_cat?post=1807"},{"taxonomy":"product_tag","embeddable":true,"href":"https:\/\/seeco.es\/en\/wp-json\/wp\/v2\/product_tag?post=1807"}],"curies":[{"name":"wp","href":"https:\/\/api.w.org\/{rel}","templated":true}]}}