{"id":1515,"date":"2021-06-18T17:22:41","date_gmt":"2021-06-18T17:22:41","guid":{"rendered":"https:\/\/seeco.es\/?post_type=product&#038;p=1515"},"modified":"2024-11-04T11:06:38","modified_gmt":"2024-11-04T11:06:38","slug":"i-webinar-en-ecografia-tiroidea","status":"publish","type":"product","link":"https:\/\/seeco.es\/en\/curso-ecografia\/i-webinar-en-ecografia-tiroidea\/","title":{"rendered":"I Webinar on Thyroid Ultrasound"},"content":{"rendered":"<h2 class=\"tribe-events-single-event-title summary entry-title\" style=\"text-align: center;\">I Webinar on Thyroid Ultrasound<\/h2>\n<p style=\"text-align: center;\">Issued on June 25, 2021<\/p>\n<p style=\"text-align: center;\"><strong>OPEN REGISTRATIONS<\/strong><\/p>\n<p style=\"text-align: center;\">Price: <del>36,30\u20ac<\/del><\/p>\n<h3 style=\"text-align: center;\">Offer: 29\u20ac<\/h3>\n<p style=\"text-align: center;\"><strong>IMPORTANT:<\/strong><\/p>\n<p style=\"text-align: center;\"><strong>When purchasing the Webinar, we will contact you to provide you with the access data to the Webinar.<\/strong><\/p>\n<p><strong>PROGRAM:<\/strong><\/p>\n<ul>\n<li>Errors in performing thyroid and parathyroid ultrasound.<\/li>\n<li>Ultrasound of the thyroid nodule (reminder). Jos\u00e9 Ignacio Ja\u00e9n<\/li>\n<li>Update on thyroid nodular pathology. Julia Sastre<\/li>\n<li>Clinical cases.<\/li>\n<li>Discussion.<\/li>\n<\/ul>\n<p><strong>FACULTY:<\/strong><\/p>\n<ul>\n<li>Dr. Jos\u00e9 Ignacio Ja\u00e9n: Family Physician, Sonographer, Toledo.<\/li>\n<li>Dr. Julia Sastre: Endocrinology Department. Virgen de la Salud Hospital, Toledo.<\/li>\n<\/ul>\n<p><img loading=\"lazy\" decoding=\"async\" class=\"aligncenter wp-image-1755 size-full\" title=\"III COURSE ON APPLIED ULTRASOUND IN OCCUPATIONAL MEDICINE (UPPER LIMB)\" src=\"https:\/\/seeco.es\/wp-content\/uploads\/2021\/06\/04-WebinarTiroides21-500x500-1.jpeg\" alt=\"Webinar en Ecograf\u00eda Tiroidea\" width=\"240\" height=\"240\" srcset=\"https:\/\/seeco.es\/wp-content\/uploads\/2021\/06\/04-WebinarTiroides21-500x500-1.jpeg 240w, https:\/\/seeco.es\/wp-content\/uploads\/2021\/06\/04-WebinarTiroides21-500x500-1-100x100.jpeg 100w, https:\/\/seeco.es\/wp-content\/uploads\/2021\/06\/04-WebinarTiroides21-500x500-1-80x80.jpeg 80w, https:\/\/seeco.es\/wp-content\/uploads\/2021\/06\/04-WebinarTiroides21-500x500-1-36x36.jpeg 36w, https:\/\/seeco.es\/wp-content\/uploads\/2021\/06\/04-WebinarTiroides21-500x500-1-180x180.jpeg 180w\" sizes=\"auto, (max-width: 240px) 100vw, 240px\" \/><\/p>\n<p style=\"text-align: center;\"><strong>IMPORTANT:<\/strong><\/p>\n<p style=\"text-align: center;\"><strong>When purchasing the Webinar, we will contact you to provide you with the access data to the Webinar.<\/strong><\/p>\n<h2 style=\"text-align: center;\"><strong><span style=\"color: #3366ff;\">MORE INFORMATION OF INTEREST<\/span><\/strong><\/h2>\n<p style=\"text-align: center;\"><strong>Technical Secretariat of the Course<\/strong>:<br \/>\nTel.: +34 616 97 26 60, Pedro Roman<br \/>\n<a href=\"mailto:seeco@encuentrosprofesionales.com\">seeco@encuentrosprofesionales.com <\/a><\/p>\n<p>&nbsp;<\/p>","protected":false},"excerpt":{"rendered":"<p>I Webinar en Ecograf\u00eda Tiroidea Emitida el pasado d\u00eda 25 de junio de 2021 INSCRIPCIONES ABIERTAS Precio: 36,30\u20ac Oferta: 29\u20ac IMPORTANTE: Al realizar la compra del Webinar, nos pondremos en contacto contigo para facilitarte los datos de acceso al Webinar PROGRAMA: Errores en la realizaci\u00f3n de la ecograf\u00eda de tiroides y paratiroides. Ecograf\u00eda del n\u00f3dulo [&hellip;]<\/p>\n","protected":false},"featured_media":1794,"template":"","meta":[],"product_brand":[],"product_cat":[54],"product_tag":[],"class_list":{"0":"post-1515","1":"product","2":"type-product","3":"status-publish","4":"has-post-thumbnail","6":"product_cat-webinar-ecografia","8":"first","9":"instock","10":"sale","11":"virtual","12":"sold-individually","13":"taxable","14":"purchasable","15":"product-type-simple"},"yoast_head":"<!-- This site is optimized with the Yoast SEO plugin v27.5 - https:\/\/yoast.com\/product\/yoast-seo-wordpress\/ -->\n<title>I Webinar en Ecograf\u00eda Tiroidea, organizado por SEECO<\/title>\n<meta name=\"description\" content=\"I Webinar de Ecograf\u00eda Tiroidea, organizado por SEECO (Sociedad Espa\u00f1ola de Ecograf\u00eda). Te lo vas a perder !!!\" \/>\n<meta name=\"robots\" content=\"index, follow, max-snippet:-1, max-image-preview:large, max-video-preview:-1\" \/>\n<link rel=\"canonical\" href=\"https:\/\/seeco.es\/en\/curso-ecografia\/i-webinar-en-ecografia-tiroidea\/\" \/>\n<meta property=\"og:locale\" content=\"en_GB\" \/>\n<meta property=\"og:type\" content=\"article\" \/>\n<meta property=\"og:title\" content=\"I Webinar en Ecograf\u00eda Tiroidea, organizado por SEECO\" \/>\n<meta property=\"og:description\" content=\"I Webinar de Ecograf\u00eda Tiroidea, organizado por SEECO (Sociedad Espa\u00f1ola de Ecograf\u00eda). Te lo vas a perder !!!\" \/>\n<meta property=\"og:url\" content=\"https:\/\/seeco.es\/en\/curso-ecografia\/i-webinar-en-ecografia-tiroidea\/\" \/>\n<meta property=\"og:site_name\" content=\"SEECO\" \/>\n<meta property=\"article:modified_time\" content=\"2024-11-04T11:06:38+00:00\" \/>\n<meta property=\"og:image\" content=\"https:\/\/seeco.es\/wp-content\/uploads\/2021\/06\/04-WebinarTiroides21-500x500-1.jpg\" \/>\n\t<meta property=\"og:image:width\" content=\"500\" \/>\n\t<meta property=\"og:image:height\" content=\"500\" \/>\n\t<meta property=\"og:image:type\" content=\"image\/jpeg\" \/>\n<meta name=\"twitter:card\" content=\"summary_large_image\" \/>\n<meta name=\"twitter:label1\" content=\"Estimated reading time\" \/>\n\t<meta name=\"twitter:data1\" content=\"1 minute\" \/>\n<script type=\"application\/ld+json\" class=\"yoast-schema-graph\">{\"@context\":\"https:\\\/\\\/schema.org\",\"@graph\":[{\"@type\":\"WebPage\",\"@id\":\"https:\\\/\\\/seeco.es\\\/curso-ecografia\\\/i-webinar-en-ecografia-tiroidea\\\/\",\"url\":\"https:\\\/\\\/seeco.es\\\/curso-ecografia\\\/i-webinar-en-ecografia-tiroidea\\\/\",\"name\":\"I Webinar en Ecograf\u00eda Tiroidea, organizado por SEECO\",\"isPartOf\":{\"@id\":\"https:\\\/\\\/seeco.es\\\/#website\"},\"primaryImageOfPage\":{\"@id\":\"https:\\\/\\\/seeco.es\\\/curso-ecografia\\\/i-webinar-en-ecografia-tiroidea\\\/#primaryimage\"},\"image\":{\"@id\":\"https:\\\/\\\/seeco.es\\\/curso-ecografia\\\/i-webinar-en-ecografia-tiroidea\\\/#primaryimage\"},\"thumbnailUrl\":\"https:\\\/\\\/seeco.es\\\/wp-content\\\/uploads\\\/2021\\\/06\\\/04-WebinarTiroides21-500x500-1.jpg\",\"datePublished\":\"2021-06-18T17:22:41+00:00\",\"dateModified\":\"2024-11-04T11:06:38+00:00\",\"description\":\"I Webinar de Ecograf\u00eda Tiroidea, organizado por SEECO (Sociedad Espa\u00f1ola de Ecograf\u00eda). Te lo vas a perder !!!\",\"breadcrumb\":{\"@id\":\"https:\\\/\\\/seeco.es\\\/curso-ecografia\\\/i-webinar-en-ecografia-tiroidea\\\/#breadcrumb\"},\"inLanguage\":\"en-GB\",\"potentialAction\":[{\"@type\":\"ReadAction\",\"target\":[\"https:\\\/\\\/seeco.es\\\/curso-ecografia\\\/i-webinar-en-ecografia-tiroidea\\\/\"]}]},{\"@type\":\"ImageObject\",\"inLanguage\":\"en-GB\",\"@id\":\"https:\\\/\\\/seeco.es\\\/curso-ecografia\\\/i-webinar-en-ecografia-tiroidea\\\/#primaryimage\",\"url\":\"https:\\\/\\\/seeco.es\\\/wp-content\\\/uploads\\\/2021\\\/06\\\/04-WebinarTiroides21-500x500-1.jpg\",\"contentUrl\":\"https:\\\/\\\/seeco.es\\\/wp-content\\\/uploads\\\/2021\\\/06\\\/04-WebinarTiroides21-500x500-1.jpg\",\"width\":500,\"height\":500,\"caption\":\"Webinar Ecograf\u00eda Tiroidea\"},{\"@type\":\"BreadcrumbList\",\"@id\":\"https:\\\/\\\/seeco.es\\\/curso-ecografia\\\/i-webinar-en-ecografia-tiroidea\\\/#breadcrumb\",\"itemListElement\":[{\"@type\":\"ListItem\",\"position\":1,\"name\":\"Portada\",\"item\":\"https:\\\/\\\/seeco.es\\\/seeco\\\/\"},{\"@type\":\"ListItem\",\"position\":2,\"name\":\"Tienda\",\"item\":\"https:\\\/\\\/seeco.es\\\/en\\\/tienda\\\/\"},{\"@type\":\"ListItem\",\"position\":3,\"name\":\"I Webinar en Ecograf\u00eda Tiroidea\"}]},{\"@type\":\"WebSite\",\"@id\":\"https:\\\/\\\/seeco.es\\\/#website\",\"url\":\"https:\\\/\\\/seeco.es\\\/\",\"name\":\"SEECO\",\"description\":\"Sociedad Espa\u00f1ola de Ecograf\u00eda\",\"potentialAction\":[{\"@type\":\"SearchAction\",\"target\":{\"@type\":\"EntryPoint\",\"urlTemplate\":\"https:\\\/\\\/seeco.es\\\/?s={search_term_string}\"},\"query-input\":{\"@type\":\"PropertyValueSpecification\",\"valueRequired\":true,\"valueName\":\"search_term_string\"}}],\"inLanguage\":\"en-GB\"}]}<\/script>\n<!-- \/ Yoast SEO plugin. -->","yoast_head_json":{"title":"I Webinar on Thyroid Ultrasound, organized by SEECO","description":"I Thyroid Ultrasound Webinar, organized by SEECO (Spanish Society of Ultrasound). You&#039;re going to miss it!!!","robots":{"index":"index","follow":"follow","max-snippet":"max-snippet:-1","max-image-preview":"max-image-preview:large","max-video-preview":"max-video-preview:-1"},"canonical":"https:\/\/seeco.es\/en\/curso-ecografia\/i-webinar-en-ecografia-tiroidea\/","og_locale":"en_GB","og_type":"article","og_title":"I Webinar en Ecograf\u00eda Tiroidea, organizado por SEECO","og_description":"I Webinar de Ecograf\u00eda Tiroidea, organizado por SEECO (Sociedad Espa\u00f1ola de Ecograf\u00eda). Te lo vas a perder !!!","og_url":"https:\/\/seeco.es\/en\/curso-ecografia\/i-webinar-en-ecografia-tiroidea\/","og_site_name":"SEECO","article_modified_time":"2024-11-04T11:06:38+00:00","og_image":[{"width":500,"height":500,"url":"https:\/\/seeco.es\/wp-content\/uploads\/2021\/06\/04-WebinarTiroides21-500x500-1.jpg","type":"image\/jpeg"}],"twitter_card":"summary_large_image","twitter_misc":{"Estimated reading time":"1 minute"},"schema":{"@context":"https:\/\/schema.org","@graph":[{"@type":"WebPage","@id":"https:\/\/seeco.es\/curso-ecografia\/i-webinar-en-ecografia-tiroidea\/","url":"https:\/\/seeco.es\/curso-ecografia\/i-webinar-en-ecografia-tiroidea\/","name":"I Webinar on Thyroid Ultrasound, organized by SEECO","isPartOf":{"@id":"https:\/\/seeco.es\/#website"},"primaryImageOfPage":{"@id":"https:\/\/seeco.es\/curso-ecografia\/i-webinar-en-ecografia-tiroidea\/#primaryimage"},"image":{"@id":"https:\/\/seeco.es\/curso-ecografia\/i-webinar-en-ecografia-tiroidea\/#primaryimage"},"thumbnailUrl":"https:\/\/seeco.es\/wp-content\/uploads\/2021\/06\/04-WebinarTiroides21-500x500-1.jpg","datePublished":"2021-06-18T17:22:41+00:00","dateModified":"2024-11-04T11:06:38+00:00","description":"I Thyroid Ultrasound Webinar, organized by SEECO (Spanish Society of Ultrasound). You&#039;re going to miss it!!!","breadcrumb":{"@id":"https:\/\/seeco.es\/curso-ecografia\/i-webinar-en-ecografia-tiroidea\/#breadcrumb"},"inLanguage":"en-GB","potentialAction":[{"@type":"ReadAction","target":["https:\/\/seeco.es\/curso-ecografia\/i-webinar-en-ecografia-tiroidea\/"]}]},{"@type":"ImageObject","inLanguage":"en-GB","@id":"https:\/\/seeco.es\/curso-ecografia\/i-webinar-en-ecografia-tiroidea\/#primaryimage","url":"https:\/\/seeco.es\/wp-content\/uploads\/2021\/06\/04-WebinarTiroides21-500x500-1.jpg","contentUrl":"https:\/\/seeco.es\/wp-content\/uploads\/2021\/06\/04-WebinarTiroides21-500x500-1.jpg","width":500,"height":500,"caption":"Webinar Ecograf\u00eda Tiroidea"},{"@type":"BreadcrumbList","@id":"https:\/\/seeco.es\/curso-ecografia\/i-webinar-en-ecografia-tiroidea\/#breadcrumb","itemListElement":[{"@type":"ListItem","position":1,"name":"Portada","item":"https:\/\/seeco.es\/seeco\/"},{"@type":"ListItem","position":2,"name":"Tienda","item":"https:\/\/seeco.es\/en\/tienda\/"},{"@type":"ListItem","position":3,"name":"I Webinar en Ecograf\u00eda Tiroidea"}]},{"@type":"WebSite","@id":"https:\/\/seeco.es\/#website","url":"https:\/\/seeco.es\/","name":"SEECO","description":"Spanish Society of Ultrasound","potentialAction":[{"@type":"SearchAction","target":{"@type":"EntryPoint","urlTemplate":"https:\/\/seeco.es\/?s={search_term_string}"},"query-input":{"@type":"PropertyValueSpecification","valueRequired":true,"valueName":"search_term_string"}}],"inLanguage":"en-GB"}]}},"_links":{"self":[{"href":"https:\/\/seeco.es\/en\/wp-json\/wp\/v2\/product\/1515","targetHints":{"allow":["GET"]}}],"collection":[{"href":"https:\/\/seeco.es\/en\/wp-json\/wp\/v2\/product"}],"about":[{"href":"https:\/\/seeco.es\/en\/wp-json\/wp\/v2\/types\/product"}],"wp:featuredmedia":[{"embeddable":true,"href":"https:\/\/seeco.es\/en\/wp-json\/wp\/v2\/media\/1794"}],"wp:attachment":[{"href":"https:\/\/seeco.es\/en\/wp-json\/wp\/v2\/media?parent=1515"}],"wp:term":[{"taxonomy":"product_brand","embeddable":true,"href":"https:\/\/seeco.es\/en\/wp-json\/wp\/v2\/product_brand?post=1515"},{"taxonomy":"product_cat","embeddable":true,"href":"https:\/\/seeco.es\/en\/wp-json\/wp\/v2\/product_cat?post=1515"},{"taxonomy":"product_tag","embeddable":true,"href":"https:\/\/seeco.es\/en\/wp-json\/wp\/v2\/product_tag?post=1515"}],"curies":[{"name":"wp","href":"https:\/\/api.w.org\/{rel}","templated":true}]}}