{"id":3357,"date":"2025-09-10T12:37:37","date_gmt":"2025-09-10T12:37:37","guid":{"rendered":"https:\/\/seeco.es\/?page_id=3357"},"modified":"2025-09-10T12:51:45","modified_gmt":"2025-09-10T12:51:45","slug":"curso-hibrido-de-mano-y-muneca-nivel-i","status":"publish","type":"page","link":"https:\/\/seeco.es\/en\/curso-hibrido-de-mano-y-muneca-nivel-i\/","title":{"rendered":"Curso H\u00edbrido de Ecograf\u00eda Mano y Mu\u00f1eca (NIVEL I)"},"content":{"rendered":"<style type=\"text\/css\" data-created_by=\"avia_inline_auto\" id=\"style-css-av-mfdyqoow-aa7d52ffa9ffa5f85face81a64d82f31\">\n#top .av-special-heading.av-mfdyqoow-aa7d52ffa9ffa5f85face81a64d82f31{\npadding-bottom:10px;\n}\nbody .av-special-heading.av-mfdyqoow-aa7d52ffa9ffa5f85face81a64d82f31 .av-special-heading-tag .heading-char{\nfont-size:25px;\n}\n.av-special-heading.av-mfdyqoow-aa7d52ffa9ffa5f85face81a64d82f31 .av-subheading{\nfont-size:15px;\n}\n<\/style>\n<div  class='av-special-heading av-mfdyqoow-aa7d52ffa9ffa5f85face81a64d82f31 av-special-heading-h1 blockquote modern-quote modern-centered  avia-builder-el-0  el_before_av_hr  avia-builder-el-first'><h1 class='av-special-heading-tag'  itemprop=\"headline\"  >Curso H\u00edbrido de Ecograf\u00eda Mano y Mu\u00f1eca (NIVEL I)<\/h1><div class='av-subheading av-subheading_below'><p>SEECO (Spanish Society of Ultrasound)<\/p>\n<\/div><div class=\"special-heading-border\"><div class=\"special-heading-inner-border\"><\/div><\/div><\/div>\n\n<style type=\"text\/css\" data-created_by=\"avia_inline_auto\" id=\"style-css-av-mfdz4mta-bd7690d77e393aca01628a1380706214\">\n#top .hr.hr-invisible.av-mfdz4mta-bd7690d77e393aca01628a1380706214{\nheight:50px;\n}\n<\/style>\n<div  class='hr av-mfdz4mta-bd7690d77e393aca01628a1380706214 hr-invisible  avia-builder-el-1  el_after_av_heading  el_before_av_one_fifth'><span class='hr-inner'><span class=\"hr-inner-style\"><\/span><\/span><\/div>\n<div  class='flex_column av-5inzq5-aeb6b3e3e60c5366749b8d57669ea368 av_one_fifth  avia-builder-el-2  el_after_av_hr  el_before_av_three_fifth  first flex_column_div'     ><\/div>\n<div  class='flex_column av-4ohqsd-a19bf3c850a340dcdef6b852b80070a3 av_three_fifth  avia-builder-el-3  el_after_av_one_fifth  el_before_av_one_fifth  flex_column_div'     ><section  class='av_textblock_section av-mfdywmgu-fd155c023460ce8a56a90b6c0cbb6615'   itemscope=\"itemscope\" itemtype=\"https:\/\/schema.org\/CreativeWork\" ><div class='avia_textblock'  itemprop=\"text\" ><h3>\u00bfQuieres dar tus primeros pasos en la ecograf\u00eda musculoesquel\u00e9tica aplicada a la mano y la mu\u00f1eca?<\/h3>\n<blockquote>\n<p>Este curso h\u00edbrido est\u00e1 dise\u00f1ado para que aprendas de forma <strong>sencilla, pr\u00e1ctica y progresiva<\/strong>, combinando la flexibilidad del aprendizaje online con la experiencia directa de la pr\u00e1ctica presencial.<\/p>\n<\/blockquote>\n<h4><strong>Presentaci\u00f3n del Dr. Jim\u00e9nez y Dr. Ferreira<\/strong><\/h4>\n<h3 style=\"padding: 56.25% 0 0 0; position: relative;\"><iframe style=\"position: absolute; top: 0; left: 0; width: 100%; height: 100%;\" title=\"Video introduccion\" src=\"https:\/\/player.vimeo.com\/video\/1090393593?title=0&amp;byline=0&amp;portrait=0&amp;badge=0&amp;autopause=0&amp;player_id=0&amp;app_id=58479\" frameborder=\"0\"><\/iframe><\/h3>\n<\/div><\/section><\/div><div  class='flex_column av-bodrh-19f2505ab8033fd0443adf6a83d2e5fa av_one_fifth  avia-builder-el-5  el_after_av_three_fifth  el_before_av_one_half  flex_column_div'     ><\/div><\/p>\n<div class='flex_column_table av-5fbyql-eb1b58acf1946e1f5540be9576248334 sc-av_one_half av-equal-height-column-flextable'>\n<style type=\"text\/css\" data-created_by=\"avia_inline_auto\" id=\"style-css-av-5fbyql-eb1b58acf1946e1f5540be9576248334\">\n.flex_column.av-5fbyql-eb1b58acf1946e1f5540be9576248334{\nborder-width:1px;\nborder-color:#bfbfbf;\nborder-style:solid;\n-webkit-border-radius:10px 10px 10px 10px;\n-moz-border-radius:10px 10px 10px 10px;\nborder-radius:10px 10px 10px 10px;\npadding:15px 15px 15px 15px;\nbackground-color:#f4f4f4;\n}\n<\/style>\n<div  class='flex_column av-5fbyql-eb1b58acf1946e1f5540be9576248334 av_one_half  avia-builder-el-6  el_after_av_one_fifth  el_before_av_one_half  first flex_column_table_cell av-equal-height-column av-align-top  column-top-margin'     ><p>\n<style type=\"text\/css\" data-created_by=\"avia_inline_auto\" id=\"style-css-av-mfdyry2y-40c267eef8f8f8524f7a035a5dcdc56f\">\n.avia-image-container.av-mfdyry2y-40c267eef8f8f8524f7a035a5dcdc56f img.avia_image{\n-webkit-box-shadow:none;\n-moz-box-shadow:none;\nbox-shadow:none;\n}\n.avia-image-container.av-mfdyry2y-40c267eef8f8f8524f7a035a5dcdc56f .av-image-caption-overlay-center{\ncolor:#ffffff;\n}\n<\/style>\n<div  class='avia-image-container av-mfdyry2y-40c267eef8f8f8524f7a035a5dcdc56f av-styling- av-img-linked avia-align-center  avia-builder-el-7  el_before_av_button  avia-builder-el-first'   itemprop=\"image\" itemscope=\"itemscope\" itemtype=\"https:\/\/schema.org\/ImageObject\" ><div class=\"avia-image-container-inner\"><div class=\"avia-image-overlay-wrap\"><a href=\"https:\/\/seeco.es\/en\/curso-ecografia\/curso-hibrido-de-mano-y-muneca-nivel-i-teorico\/\" class='avia_image'  target=\"_blank\"  rel=\"noopener noreferrer\" aria-label='Curso H\u00edbrido de Mano y Mu\u00f1eca (NIVEL I) - TE\u00d3RICO'><img decoding=\"async\" fetchpriority=\"high\" class='wp-image-3347 avia-img-lazy-loading-not-3347 avia_image' src=\"https:\/\/seeco.es\/wp-content\/uploads\/2025\/06\/04-ManoMuneca1-25-600x600-TEORICO.jpg\" alt='Curso H\u00edbrido de Mano y Mu\u00f1eca (NIVEL I) - TE\u00d3RICO' title='Curso H\u00edbrido de Mano y Mu\u00f1eca (NIVEL I) - TE\u00d3RICO'  height=\"600\" width=\"600\"  itemprop=\"thumbnailUrl\" srcset=\"https:\/\/seeco.es\/wp-content\/uploads\/2025\/06\/04-ManoMuneca1-25-600x600-TEORICO.jpg 600w, https:\/\/seeco.es\/wp-content\/uploads\/2025\/06\/04-ManoMuneca1-25-600x600-TEORICO-300x300.jpg 300w, https:\/\/seeco.es\/wp-content\/uploads\/2025\/06\/04-ManoMuneca1-25-600x600-TEORICO-80x80.jpg 80w, https:\/\/seeco.es\/wp-content\/uploads\/2025\/06\/04-ManoMuneca1-25-600x600-TEORICO-12x12.jpg 12w, https:\/\/seeco.es\/wp-content\/uploads\/2025\/06\/04-ManoMuneca1-25-600x600-TEORICO-36x36.jpg 36w, https:\/\/seeco.es\/wp-content\/uploads\/2025\/06\/04-ManoMuneca1-25-600x600-TEORICO-180x180.jpg 180w, https:\/\/seeco.es\/wp-content\/uploads\/2025\/06\/04-ManoMuneca1-25-600x600-TEORICO-120x120.jpg 120w, https:\/\/seeco.es\/wp-content\/uploads\/2025\/06\/04-ManoMuneca1-25-600x600-TEORICO-450x450.jpg 450w, https:\/\/seeco.es\/wp-content\/uploads\/2025\/06\/04-ManoMuneca1-25-600x600-TEORICO-100x100.jpg 100w\" sizes=\"(max-width: 600px) 100vw, 600px\" \/><\/a><\/div><\/div><\/div><br \/>\n<div  class='avia-button-wrap av-mfdz18b0-f57ca8d4088a445670b1cbeb49408e86-wrap avia-button-center  avia-builder-el-8  el_after_av_image  avia-builder-el-last'><a href='https:\/\/seeco.es\/en\/curso-ecografia\/curso-hibrido-de-mano-y-muneca-nivel-i-teorico\/'  class='avia-button av-mfdz18b0-f57ca8d4088a445670b1cbeb49408e86 av-link-btn avia-icon_select-no avia-size-large avia-position-center avia-color-theme-color'  target=\"_blank\"  rel=\"noopener noreferrer\"  aria-label=\"M\u00c1S INFO\"><span class='avia_iconbox_title' >M\u00c1S INFO<\/span><\/a><\/div><\/p><\/div>\n<div class='av-flex-placeholder'><\/div>\n<style type=\"text\/css\" data-created_by=\"avia_inline_auto\" id=\"style-css-av-2v7cl9-74d53df3400536292fff65781210fd6f\">\n.flex_column.av-2v7cl9-74d53df3400536292fff65781210fd6f{\nborder-width:1px;\nborder-color:#bfbfbf;\nborder-style:solid;\n-webkit-border-radius:10px 10px 10px 10px;\n-moz-border-radius:10px 10px 10px 10px;\nborder-radius:10px 10px 10px 10px;\npadding:15px 15px 15px 15px;\nbackground-color:#f4f4f4;\n}\n<\/style>\n<div  class='flex_column av-2v7cl9-74d53df3400536292fff65781210fd6f av_one_half  avia-builder-el-9  el_after_av_one_half  avia-builder-el-last  flex_column_table_cell av-equal-height-column av-align-top  column-top-margin'     ><p>\n<style type=\"text\/css\" data-created_by=\"avia_inline_auto\" id=\"style-css-av-mfdz1wmx-f37736ab269b7990e411668a53bb58aa\">\n.avia-image-container.av-mfdz1wmx-f37736ab269b7990e411668a53bb58aa img.avia_image{\n-webkit-box-shadow:none;\n-moz-box-shadow:none;\nbox-shadow:none;\n}\n.avia-image-container.av-mfdz1wmx-f37736ab269b7990e411668a53bb58aa .av-image-caption-overlay-center{\ncolor:#ffffff;\n}\n<\/style>\n<div  class='avia-image-container av-mfdz1wmx-f37736ab269b7990e411668a53bb58aa av-styling- av-img-linked avia-align-center  avia-builder-el-10  el_before_av_button  avia-builder-el-first'   itemprop=\"image\" itemscope=\"itemscope\" itemtype=\"https:\/\/schema.org\/ImageObject\" ><div class=\"avia-image-container-inner\"><div class=\"avia-image-overlay-wrap\"><a href=\"https:\/\/seeco.es\/en\/curso-ecografia\/curso-hibrido-de-mano-y-muneca-nivel-i-practico\/\" class='avia_image'  target=\"_blank\"  rel=\"noopener noreferrer\" aria-label='Curso H\u00edbrido de Mano y Mu\u00f1eca (NIVEL I) - TE\u00d3RICO'><img decoding=\"async\" fetchpriority=\"high\" class='wp-image-3348 avia-img-lazy-loading-not-3348 avia_image' src=\"https:\/\/seeco.es\/wp-content\/uploads\/2025\/06\/04-ManoMuneca1-25-600x600-PRACTICO.jpg\" alt='Curso H\u00edbrido de Mano y Mu\u00f1eca (NIVEL I) - TE\u00d3RICO' title='Curso H\u00edbrido de Mano y Mu\u00f1eca (NIVEL I) - TE\u00d3RICO'  height=\"600\" width=\"600\"  itemprop=\"thumbnailUrl\" srcset=\"https:\/\/seeco.es\/wp-content\/uploads\/2025\/06\/04-ManoMuneca1-25-600x600-PRACTICO.jpg 600w, https:\/\/seeco.es\/wp-content\/uploads\/2025\/06\/04-ManoMuneca1-25-600x600-PRACTICO-300x300.jpg 300w, https:\/\/seeco.es\/wp-content\/uploads\/2025\/06\/04-ManoMuneca1-25-600x600-PRACTICO-80x80.jpg 80w, https:\/\/seeco.es\/wp-content\/uploads\/2025\/06\/04-ManoMuneca1-25-600x600-PRACTICO-12x12.jpg 12w, https:\/\/seeco.es\/wp-content\/uploads\/2025\/06\/04-ManoMuneca1-25-600x600-PRACTICO-36x36.jpg 36w, https:\/\/seeco.es\/wp-content\/uploads\/2025\/06\/04-ManoMuneca1-25-600x600-PRACTICO-180x180.jpg 180w, https:\/\/seeco.es\/wp-content\/uploads\/2025\/06\/04-ManoMuneca1-25-600x600-PRACTICO-120x120.jpg 120w, https:\/\/seeco.es\/wp-content\/uploads\/2025\/06\/04-ManoMuneca1-25-600x600-PRACTICO-450x450.jpg 450w, https:\/\/seeco.es\/wp-content\/uploads\/2025\/06\/04-ManoMuneca1-25-600x600-PRACTICO-100x100.jpg 100w\" sizes=\"(max-width: 600px) 100vw, 600px\" \/><\/a><\/div><\/div><\/div><br \/>\n<div  class='avia-button-wrap av-mfdz25jo-928229f664e95b3cec9a0bc9b3480ade-wrap avia-button-center  avia-builder-el-11  el_after_av_image  avia-builder-el-last'><a href='https:\/\/seeco.es\/en\/curso-ecografia\/curso-hibrido-de-mano-y-muneca-nivel-i-practico\/'  class='avia-button av-mfdz25jo-928229f664e95b3cec9a0bc9b3480ade av-link-btn avia-icon_select-no avia-size-large avia-position-center avia-color-theme-color'  target=\"_blank\"  rel=\"noopener noreferrer\"  aria-label=\"M\u00c1S INFO\"><span class='avia_iconbox_title' >M\u00c1S INFO<\/span><\/a><\/div><\/p><\/div><\/div><!--close column table wrapper. Autoclose: 1 -->","protected":false},"excerpt":{"rendered":"","protected":false},"author":140,"featured_media":3342,"parent":0,"menu_order":0,"comment_status":"closed","ping_status":"closed","template":"","meta":{"footnotes":""},"class_list":["post-3357","page","type-page","status-publish","has-post-thumbnail","hentry"],"yoast_head":"<!-- This site is optimized with the Yoast SEO plugin v27.4 - https:\/\/yoast.com\/product\/yoast-seo-wordpress\/ -->\n<title>Curso H\u00edbrido de Ecograf\u00eda Mano y Mu\u00f1eca (NIVEL I) - SEECO<\/title>\n<meta name=\"description\" content=\"Ecograf\u00eda Mano y Mu\u00f1eca. Este curso h\u00edbrido est\u00e1 dise\u00f1ado para que aprendas de forma sencilla, pr\u00e1ctica y progresiva, combinando la flexibilidad del aprendizaje online con la experiencia directa de la pr\u00e1ctica presencial.\" \/>\n<meta name=\"robots\" content=\"index, follow, max-snippet:-1, max-image-preview:large, max-video-preview:-1\" \/>\n<link rel=\"canonical\" href=\"https:\/\/seeco.es\/en\/curso-hibrido-de-mano-y-muneca-nivel-i\/\" \/>\n<meta property=\"og:locale\" content=\"en_GB\" \/>\n<meta property=\"og:type\" content=\"article\" \/>\n<meta property=\"og:title\" content=\"Curso H\u00edbrido de Ecograf\u00eda Mano y Mu\u00f1eca (NIVEL I) - SEECO\" \/>\n<meta property=\"og:description\" content=\"Ecograf\u00eda Mano y Mu\u00f1eca. Este curso h\u00edbrido est\u00e1 dise\u00f1ado para que aprendas de forma sencilla, pr\u00e1ctica y progresiva, combinando la flexibilidad del aprendizaje online con la experiencia directa de la pr\u00e1ctica presencial.\" \/>\n<meta property=\"og:url\" content=\"https:\/\/seeco.es\/en\/curso-hibrido-de-mano-y-muneca-nivel-i\/\" \/>\n<meta property=\"og:site_name\" content=\"SEECO\" \/>\n<meta property=\"article:modified_time\" content=\"2025-09-10T12:51:45+00:00\" \/>\n<meta property=\"og:image\" content=\"https:\/\/seeco.es\/wp-content\/uploads\/2025\/09\/04-ManoMuneca1-25-600x600-1.jpg\" \/>\n\t<meta property=\"og:image:width\" content=\"600\" \/>\n\t<meta property=\"og:image:height\" content=\"600\" \/>\n\t<meta property=\"og:image:type\" content=\"image\/jpeg\" \/>\n<meta name=\"twitter:card\" content=\"summary_large_image\" \/>\n<meta name=\"twitter:label1\" content=\"Estimated reading time\" \/>\n\t<meta name=\"twitter:data1\" content=\"1 minute\" \/>\n<script type=\"application\/ld+json\" class=\"yoast-schema-graph\">{\"@context\":\"https:\\\/\\\/schema.org\",\"@graph\":[{\"@type\":\"WebPage\",\"@id\":\"https:\\\/\\\/seeco.es\\\/curso-hibrido-de-mano-y-muneca-nivel-i\\\/\",\"url\":\"https:\\\/\\\/seeco.es\\\/curso-hibrido-de-mano-y-muneca-nivel-i\\\/\",\"name\":\"Curso H\u00edbrido de Ecograf\u00eda Mano y Mu\u00f1eca (NIVEL I) - SEECO\",\"isPartOf\":{\"@id\":\"https:\\\/\\\/seeco.es\\\/#website\"},\"primaryImageOfPage\":{\"@id\":\"https:\\\/\\\/seeco.es\\\/curso-hibrido-de-mano-y-muneca-nivel-i\\\/#primaryimage\"},\"image\":{\"@id\":\"https:\\\/\\\/seeco.es\\\/curso-hibrido-de-mano-y-muneca-nivel-i\\\/#primaryimage\"},\"thumbnailUrl\":\"https:\\\/\\\/seeco.es\\\/wp-content\\\/uploads\\\/2025\\\/09\\\/04-ManoMuneca1-25-600x600-1.jpg\",\"datePublished\":\"2025-09-10T12:37:37+00:00\",\"dateModified\":\"2025-09-10T12:51:45+00:00\",\"description\":\"Ecograf\u00eda Mano y Mu\u00f1eca. Este curso h\u00edbrido est\u00e1 dise\u00f1ado para que aprendas de forma sencilla, pr\u00e1ctica y progresiva, combinando la flexibilidad del aprendizaje online con la experiencia directa de la pr\u00e1ctica presencial.\",\"breadcrumb\":{\"@id\":\"https:\\\/\\\/seeco.es\\\/curso-hibrido-de-mano-y-muneca-nivel-i\\\/#breadcrumb\"},\"inLanguage\":\"en-GB\",\"potentialAction\":[{\"@type\":\"ReadAction\",\"target\":[\"https:\\\/\\\/seeco.es\\\/curso-hibrido-de-mano-y-muneca-nivel-i\\\/\"]}]},{\"@type\":\"ImageObject\",\"inLanguage\":\"en-GB\",\"@id\":\"https:\\\/\\\/seeco.es\\\/curso-hibrido-de-mano-y-muneca-nivel-i\\\/#primaryimage\",\"url\":\"https:\\\/\\\/seeco.es\\\/wp-content\\\/uploads\\\/2025\\\/09\\\/04-ManoMuneca1-25-600x600-1.jpg\",\"contentUrl\":\"https:\\\/\\\/seeco.es\\\/wp-content\\\/uploads\\\/2025\\\/09\\\/04-ManoMuneca1-25-600x600-1.jpg\",\"width\":600,\"height\":600,\"caption\":\"Curso H\u00edbrido de Mano y Mu\u00f1eca (NIVEL I)\"},{\"@type\":\"BreadcrumbList\",\"@id\":\"https:\\\/\\\/seeco.es\\\/curso-hibrido-de-mano-y-muneca-nivel-i\\\/#breadcrumb\",\"itemListElement\":[{\"@type\":\"ListItem\",\"position\":1,\"name\":\"Portada\",\"item\":\"https:\\\/\\\/seeco.es\\\/seeco\\\/\"},{\"@type\":\"ListItem\",\"position\":2,\"name\":\"Curso H\u00edbrido de Ecograf\u00eda Mano y Mu\u00f1eca (NIVEL I)\"}]},{\"@type\":\"WebSite\",\"@id\":\"https:\\\/\\\/seeco.es\\\/#website\",\"url\":\"https:\\\/\\\/seeco.es\\\/\",\"name\":\"SEECO\",\"description\":\"Sociedad Espa\u00f1ola de Ecograf\u00eda\",\"potentialAction\":[{\"@type\":\"SearchAction\",\"target\":{\"@type\":\"EntryPoint\",\"urlTemplate\":\"https:\\\/\\\/seeco.es\\\/?s={search_term_string}\"},\"query-input\":{\"@type\":\"PropertyValueSpecification\",\"valueRequired\":true,\"valueName\":\"search_term_string\"}}],\"inLanguage\":\"en-GB\"}]}<\/script>\n<!-- \/ Yoast SEO plugin. -->","yoast_head_json":{"title":"Curso H\u00edbrido de Ecograf\u00eda Mano y Mu\u00f1eca (NIVEL I) - SEECO","description":"Ecograf\u00eda Mano y Mu\u00f1eca. Este curso h\u00edbrido est\u00e1 dise\u00f1ado para que aprendas de forma sencilla, pr\u00e1ctica y progresiva, combinando la flexibilidad del aprendizaje online con la experiencia directa de la pr\u00e1ctica presencial.","robots":{"index":"index","follow":"follow","max-snippet":"max-snippet:-1","max-image-preview":"max-image-preview:large","max-video-preview":"max-video-preview:-1"},"canonical":"https:\/\/seeco.es\/en\/curso-hibrido-de-mano-y-muneca-nivel-i\/","og_locale":"en_GB","og_type":"article","og_title":"Curso H\u00edbrido de Ecograf\u00eda Mano y Mu\u00f1eca (NIVEL I) - SEECO","og_description":"Ecograf\u00eda Mano y Mu\u00f1eca. Este curso h\u00edbrido est\u00e1 dise\u00f1ado para que aprendas de forma sencilla, pr\u00e1ctica y progresiva, combinando la flexibilidad del aprendizaje online con la experiencia directa de la pr\u00e1ctica presencial.","og_url":"https:\/\/seeco.es\/en\/curso-hibrido-de-mano-y-muneca-nivel-i\/","og_site_name":"SEECO","article_modified_time":"2025-09-10T12:51:45+00:00","og_image":[{"width":600,"height":600,"url":"https:\/\/seeco.es\/wp-content\/uploads\/2025\/09\/04-ManoMuneca1-25-600x600-1.jpg","type":"image\/jpeg"}],"twitter_card":"summary_large_image","twitter_misc":{"Estimated reading time":"1 minute"},"schema":{"@context":"https:\/\/schema.org","@graph":[{"@type":"WebPage","@id":"https:\/\/seeco.es\/curso-hibrido-de-mano-y-muneca-nivel-i\/","url":"https:\/\/seeco.es\/curso-hibrido-de-mano-y-muneca-nivel-i\/","name":"Curso H\u00edbrido de Ecograf\u00eda Mano y Mu\u00f1eca (NIVEL I) - SEECO","isPartOf":{"@id":"https:\/\/seeco.es\/#website"},"primaryImageOfPage":{"@id":"https:\/\/seeco.es\/curso-hibrido-de-mano-y-muneca-nivel-i\/#primaryimage"},"image":{"@id":"https:\/\/seeco.es\/curso-hibrido-de-mano-y-muneca-nivel-i\/#primaryimage"},"thumbnailUrl":"https:\/\/seeco.es\/wp-content\/uploads\/2025\/09\/04-ManoMuneca1-25-600x600-1.jpg","datePublished":"2025-09-10T12:37:37+00:00","dateModified":"2025-09-10T12:51:45+00:00","description":"Ecograf\u00eda Mano y Mu\u00f1eca. Este curso h\u00edbrido est\u00e1 dise\u00f1ado para que aprendas de forma sencilla, pr\u00e1ctica y progresiva, combinando la flexibilidad del aprendizaje online con la experiencia directa de la pr\u00e1ctica presencial.","breadcrumb":{"@id":"https:\/\/seeco.es\/curso-hibrido-de-mano-y-muneca-nivel-i\/#breadcrumb"},"inLanguage":"en-GB","potentialAction":[{"@type":"ReadAction","target":["https:\/\/seeco.es\/curso-hibrido-de-mano-y-muneca-nivel-i\/"]}]},{"@type":"ImageObject","inLanguage":"en-GB","@id":"https:\/\/seeco.es\/curso-hibrido-de-mano-y-muneca-nivel-i\/#primaryimage","url":"https:\/\/seeco.es\/wp-content\/uploads\/2025\/09\/04-ManoMuneca1-25-600x600-1.jpg","contentUrl":"https:\/\/seeco.es\/wp-content\/uploads\/2025\/09\/04-ManoMuneca1-25-600x600-1.jpg","width":600,"height":600,"caption":"Curso H\u00edbrido de Mano y Mu\u00f1eca (NIVEL I)"},{"@type":"BreadcrumbList","@id":"https:\/\/seeco.es\/curso-hibrido-de-mano-y-muneca-nivel-i\/#breadcrumb","itemListElement":[{"@type":"ListItem","position":1,"name":"Portada","item":"https:\/\/seeco.es\/seeco\/"},{"@type":"ListItem","position":2,"name":"Curso H\u00edbrido de Ecograf\u00eda Mano y Mu\u00f1eca (NIVEL I)"}]},{"@type":"WebSite","@id":"https:\/\/seeco.es\/#website","url":"https:\/\/seeco.es\/","name":"SEECO","description":"Spanish Society of Ultrasound","potentialAction":[{"@type":"SearchAction","target":{"@type":"EntryPoint","urlTemplate":"https:\/\/seeco.es\/?s={search_term_string}"},"query-input":{"@type":"PropertyValueSpecification","valueRequired":true,"valueName":"search_term_string"}}],"inLanguage":"en-GB"}]}},"_links":{"self":[{"href":"https:\/\/seeco.es\/en\/wp-json\/wp\/v2\/pages\/3357","targetHints":{"allow":["GET"]}}],"collection":[{"href":"https:\/\/seeco.es\/en\/wp-json\/wp\/v2\/pages"}],"about":[{"href":"https:\/\/seeco.es\/en\/wp-json\/wp\/v2\/types\/page"}],"author":[{"embeddable":true,"href":"https:\/\/seeco.es\/en\/wp-json\/wp\/v2\/users\/140"}],"replies":[{"embeddable":true,"href":"https:\/\/seeco.es\/en\/wp-json\/wp\/v2\/comments?post=3357"}],"version-history":[{"count":1,"href":"https:\/\/seeco.es\/en\/wp-json\/wp\/v2\/pages\/3357\/revisions"}],"predecessor-version":[{"id":3994,"href":"https:\/\/seeco.es\/en\/wp-json\/wp\/v2\/pages\/3357\/revisions\/3994"}],"wp:featuredmedia":[{"embeddable":true,"href":"https:\/\/seeco.es\/en\/wp-json\/wp\/v2\/media\/3342"}],"wp:attachment":[{"href":"https:\/\/seeco.es\/en\/wp-json\/wp\/v2\/media?parent=3357"}],"curies":[{"name":"wp","href":"https:\/\/api.w.org\/{rel}","templated":true}]}}