{"id":2591,"date":"2025-03-12T14:56:28","date_gmt":"2025-03-12T14:56:28","guid":{"rendered":"https:\/\/seeco.es\/?page_id=2591"},"modified":"2025-03-19T08:23:43","modified_gmt":"2025-03-19T08:23:43","slug":"publicaciones","status":"publish","type":"page","link":"https:\/\/seeco.es\/en\/publicaciones\/","title":{"rendered":"Publications"},"content":{"rendered":"<div id='welcome'  class='av-layout-grid-container av-3awz3-a9bfdd986ac87fa403c1806d5c8e4030 entry-content-wrapper main_color av-fixed-cells  avia-builder-el-0  el_before_av_layout_row  avia-builder-el-first   container_wrap fullsize'  >\n\n<style type=\"text\/css\" data-created_by=\"avia_inline_auto\" id=\"style-css-av-8yjyz3-e695dcfd068a9d58dc992a032c0cbd18\">\n.flex_cell.av-8yjyz3-e695dcfd068a9d58dc992a032c0cbd18{\nvertical-align:top;\nheight:15px;\nmin-height:15px;\nbackground-color:#404040;\n}\n.responsive #top #wrap_all .flex_cell.av-8yjyz3-e695dcfd068a9d58dc992a032c0cbd18{\npadding:0px 0px 0px 0px !important;\n}\n<\/style>\n<div class='flex_cell av-8yjyz3-e695dcfd068a9d58dc992a032c0cbd18 av-gridrow-cell av_one_fourth no_margin  avia-builder-el-1  el_before_av_cell_one_fourth  avia-builder-el-first  content-align-top av-zero-padding'  ><div class='flex_cell_inner'><\/div><\/div>\n<style type=\"text\/css\" data-created_by=\"avia_inline_auto\" id=\"style-css-av-8x6l73-ef1a6fa297853b1f59192e95807dc106\">\n.flex_cell.av-8x6l73-ef1a6fa297853b1f59192e95807dc106{\nvertical-align:top;\nheight:15px;\nmin-height:15px;\nbackground-color:#525252;\n}\n.responsive #top #wrap_all .flex_cell.av-8x6l73-ef1a6fa297853b1f59192e95807dc106{\npadding:0px 0px 0px 0px !important;\n}\n<\/style>\n<div class='flex_cell av-8x6l73-ef1a6fa297853b1f59192e95807dc106 av-gridrow-cell av_one_fourth no_margin  avia-builder-el-2  el_after_av_cell_one_fourth  el_before_av_cell_one_fourth  content-align-top av-zero-padding'  ><div class='flex_cell_inner'><\/div><\/div>\n<style type=\"text\/css\" data-created_by=\"avia_inline_auto\" id=\"style-css-av-8red1z-38b122ac33e482a015f6df770aa11858\">\n.flex_cell.av-8red1z-38b122ac33e482a015f6df770aa11858{\nvertical-align:top;\nheight:15px;\nmin-height:15px;\nbackground-color:#737373;\n}\n.responsive #top #wrap_all .flex_cell.av-8red1z-38b122ac33e482a015f6df770aa11858{\npadding:0px 0px 0px 0px !important;\n}\n<\/style>\n<div class='flex_cell av-8red1z-38b122ac33e482a015f6df770aa11858 av-gridrow-cell av_one_fourth no_margin  avia-builder-el-3  el_after_av_cell_one_fourth  el_before_av_cell_one_fourth  content-align-top av-zero-padding'  ><div class='flex_cell_inner'><\/div><\/div>\n<style type=\"text\/css\" data-created_by=\"avia_inline_auto\" id=\"style-css-av-8kh9gn-2d0b8c4af60c050146e46f5d8cbf709f\">\n.flex_cell.av-8kh9gn-2d0b8c4af60c050146e46f5d8cbf709f{\nvertical-align:top;\nheight:15px;\nmin-height:15px;\nbackground-color:#999999;\n}\n.responsive #top #wrap_all .flex_cell.av-8kh9gn-2d0b8c4af60c050146e46f5d8cbf709f{\npadding:0px 0px 0px 0px !important;\n}\n<\/style>\n<div class='flex_cell av-8kh9gn-2d0b8c4af60c050146e46f5d8cbf709f av-gridrow-cell av_one_fourth no_margin  avia-builder-el-4  el_after_av_cell_one_fourth  avia-builder-el-last  content-align-top av-zero-padding'  ><div class='flex_cell_inner'><\/div><\/div>\n<\/div>\n<div id='av-layout-grid-2'  class='av-layout-grid-container av-6ywyx9-0b03199c9c821af21c1bec04f6e89d11 entry-content-wrapper main_color av-flex-cells  avia-builder-el-5  el_after_av_layout_row  el_before_av_layout_row  grid-row-not-first  container_wrap fullsize'  >\n\n<style type=\"text\/css\" data-created_by=\"avia_inline_auto\" id=\"style-css-av-6xa4v9-4b719b0beee9198b78b8dff158a5b5de\">\n.flex_cell.av-6xa4v9-4b719b0beee9198b78b8dff158a5b5de{\nvertical-align:top;\n}\n.responsive #top #wrap_all .flex_cell.av-6xa4v9-4b719b0beee9198b78b8dff158a5b5de{\npadding:100px 100px 100px 100px !important;\n}\n<\/style>\n<div class='flex_cell av-6xa4v9-4b719b0beee9198b78b8dff158a5b5de av-gridrow-cell av_one_half no_margin  avia-builder-el-6  el_before_av_cell_one_half  avia-builder-el-first  content-align-top'  ><div class='flex_cell_inner'><p>\n<style type=\"text\/css\" data-created_by=\"avia_inline_auto\" id=\"style-css-av-k2awzcqz-26dc662fa3466ddbc2e6150b29e0bab0\">\n#top .av-special-heading.av-k2awzcqz-26dc662fa3466ddbc2e6150b29e0bab0{\npadding-bottom:30px;\nfont-size:50px;\n}\nbody .av-special-heading.av-k2awzcqz-26dc662fa3466ddbc2e6150b29e0bab0 .av-special-heading-tag .heading-char{\nfont-size:25px;\n}\n#top #wrap_all .av-special-heading.av-k2awzcqz-26dc662fa3466ddbc2e6150b29e0bab0 .av-special-heading-tag{\nfont-size:50px;\n}\n.av-special-heading.av-k2awzcqz-26dc662fa3466ddbc2e6150b29e0bab0 .av-subheading{\nfont-size:15px;\n}\n\n@media only screen and (min-width: 480px) and (max-width: 767px){ \n#top #wrap_all .av-special-heading.av-k2awzcqz-26dc662fa3466ddbc2e6150b29e0bab0 .av-special-heading-tag{\nfont-size:0.8em;\n}\n}\n\n@media only screen and (max-width: 479px){ \n#top #wrap_all .av-special-heading.av-k2awzcqz-26dc662fa3466ddbc2e6150b29e0bab0 .av-special-heading-tag{\nfont-size:0.8em;\n}\n}\n<\/style>\n<div  class='av-special-heading av-k2awzcqz-26dc662fa3466ddbc2e6150b29e0bab0 av-special-heading-h1 blockquote modern-quote  avia-builder-el-7  el_before_av_blog  avia-builder-el-first  av-inherit-size'><h1 class='av-special-heading-tag'  itemprop=\"headline\"  >PUBLICATIONS<\/h1><div class='av-subheading av-subheading_below'><p>SEECO<\/p>\n<\/div><div class=\"special-heading-border\"><div class=\"special-heading-inner-border\"><\/div><\/div><\/div><br \/>\n<div  class='av-alb-blogposts template-blog  av-blog-meta-author-disabled av-blog-meta-comments-disabled av-blog-meta-category-disabled av-blog-meta-date-disabled av-blog-meta-html-info-disabled av-blog-meta-tag-disabled'  itemscope=\"itemscope\" itemtype=\"https:\/\/schema.org\/Blog\" ><article class=\"post-entry post-entry-type-standard post-entry-519 post-loop-1 post-parity-odd bloglist-compact with-slider post-519 post type-post status-publish format-standard has-post-thumbnail hentry category-publicaciones\"  itemscope=\"itemscope\" itemtype=\"https:\/\/schema.org\/BlogPosting\" ><div class=\"blog-meta\"><\/div><div class='entry-content-wrapper clearfix standard-content'><header class=\"entry-content-header\" aria-label=\"Post: Principios B\u00e1sicos F\u00edsicos y T\u00e9cnicos de la Ecograf\u00eda Diagn\u00f3stica + Anatom\u00eda Ecogr\u00e1fica del Abdomen\"><span class='fallback-post-type-icon avia-svg-icon avia-font-svg_entypo-fontello' data-av_svg_icon='pencil' data-av_iconset='svg_entypo-fontello'><svg version=\"1.1\" xmlns=\"http:\/\/www.w3.org\/2000\/svg\" width=\"25\" height=\"32\" viewbox=\"0 0 25 32\" preserveaspectratio=\"xMidYMid meet\" role=\"graphics-symbol\" aria-hidden=\"true\">\n<path d=\"M22.976 5.44q1.024 1.024 1.504 2.048t0.48 1.536v0.512l-8.064 8.064-9.28 9.216-7.616 1.664 1.6-7.68 9.28-9.216 8.064-8.064q1.728-0.384 4.032 1.92zM7.168 25.92l0.768-0.768q-0.064-1.408-1.664-3.008-0.704-0.704-1.44-1.12t-1.12-0.416l-0.448-0.064-0.704 0.768-0.576 2.56q0.896 0.512 1.472 1.088 0.768 0.768 1.152 1.536z\"><\/path>\n<\/svg><\/span><h2 class='post-title entry-title'  itemprop=\"headline\" ><a href=\"https:\/\/seeco.es\/en\/principios-basicos-fisicos-y-tecnicos-de-la-ecografia-diagnostica\/\" rel=\"bookmark\" title=\"Permanent Link: Principios B\u00e1sicos F\u00edsicos y T\u00e9cnicos de la Ecograf\u00eda Diagn\u00f3stica + Anatom\u00eda Ecogr\u00e1fica del Abdomen\">Basic Physical and Technical Principles of Diagnostic Ultrasound + Ultrasound Anatomy of the Abdomen<span class=\"post-format-icon minor-meta\"><\/span><\/a><\/h2><\/header><footer class=\"entry-footer\"><\/footer><div class='post_delimiter'><\/div><\/div><div class=\"post_author_timeline\"><\/div><span class='hidden'>\n\t\t\t\t<span class='av-structured-data'  itemprop=\"image\" itemscope=\"itemscope\" itemtype=\"https:\/\/schema.org\/ImageObject\" >\n\t\t\t\t\t\t<span itemprop='url'>https:\/\/seeco.es\/wp-content\/uploads\/2019\/10\/Cuadernos-de-Ecograf\u00eda.jpg<\/span>\n\t\t\t\t\t\t<span itemprop='height'>350<\/span>\n\t\t\t\t\t\t<span itemprop='width'>900<\/span>\n\t\t\t\t<\/span>\n\t\t\t\t<span class='av-structured-data'  itemprop=\"publisher\" itemtype=\"https:\/\/schema.org\/Organization\" itemscope=\"itemscope\" >\n\t\t\t\t\t\t<span itemprop='name'>Laura<\/span>\n\t\t\t\t\t\t<span itemprop='logo' itemscope itemtype='https:\/\/schema.org\/ImageObject'>\n\t\t\t\t\t\t\t<span itemprop='url'>https:\/\/seeco.es\/wp-content\/uploads\/2021\/03\/LogoSeeco-300x78.png<\/span>\n\t\t\t\t\t\t<\/span>\n\t\t\t\t<\/span><span class='av-structured-data'  itemprop=\"author\" itemscope=\"itemscope\" itemtype=\"https:\/\/schema.org\/Person\" ><span itemprop='name'>Laura<\/span><\/span><span class='av-structured-data'  itemprop=\"datePublished\" datetime=\"2019-10-28T15:34:31+00:00\" >2019-10-28 15:34:31<\/span><span class='av-structured-data'  itemprop=\"dateModified\" itemtype=\"https:\/\/schema.org\/dateModified\" >2025-09-17 05:23:42<\/span><span class='av-structured-data'  itemprop=\"mainEntityOfPage\" itemtype=\"https:\/\/schema.org\/mainEntityOfPage\" ><span itemprop='name'>Basic Physical and Technical Principles of Diagnostic Ultrasound + Ultrasound Anatomy of the Abdomen<\/span><\/span><\/span><\/article><article class=\"post-entry post-entry-type-standard post-entry-542 post-loop-2 post-parity-even bloglist-compact with-slider post-542 post type-post status-publish format-standard has-post-thumbnail hentry category-publicaciones\"  itemscope=\"itemscope\" itemtype=\"https:\/\/schema.org\/BlogPosting\" ><div class=\"blog-meta\"><\/div><div class='entry-content-wrapper clearfix standard-content'><header class=\"entry-content-header\" aria-label=\"Post: Ecograf\u00eda de la V\u00eda Biliar (Colangiograf\u00eda Ultras\u00f3nica)\"><span class='fallback-post-type-icon avia-svg-icon avia-font-svg_entypo-fontello' data-av_svg_icon='pencil' data-av_iconset='svg_entypo-fontello'><svg version=\"1.1\" xmlns=\"http:\/\/www.w3.org\/2000\/svg\" width=\"25\" height=\"32\" viewbox=\"0 0 25 32\" preserveaspectratio=\"xMidYMid meet\" role=\"graphics-symbol\" aria-hidden=\"true\">\n<path d=\"M22.976 5.44q1.024 1.024 1.504 2.048t0.48 1.536v0.512l-8.064 8.064-9.28 9.216-7.616 1.664 1.6-7.68 9.28-9.216 8.064-8.064q1.728-0.384 4.032 1.92zM7.168 25.92l0.768-0.768q-0.064-1.408-1.664-3.008-0.704-0.704-1.44-1.12t-1.12-0.416l-0.448-0.064-0.704 0.768-0.576 2.56q0.896 0.512 1.472 1.088 0.768 0.768 1.152 1.536z\"><\/path>\n<\/svg><\/span><h2 class='post-title entry-title'  itemprop=\"headline\" ><a href=\"https:\/\/seeco.es\/en\/ecografia-de-la-via-biliar-colangiografia-ultrasonica\/\" rel=\"bookmark\" title=\"Permanent Link: Ecograf\u00eda de la V\u00eda Biliar (Colangiograf\u00eda Ultras\u00f3nica)\">Biliary Tract Ultrasound (Ultrasonic Cholangiography)<span class=\"post-format-icon minor-meta\"><\/span><\/a><\/h2><\/header><footer class=\"entry-footer\"><\/footer><div class='post_delimiter'><\/div><\/div><div class=\"post_author_timeline\"><\/div><span class='hidden'>\n\t\t\t\t<span class='av-structured-data'  itemprop=\"image\" itemscope=\"itemscope\" itemtype=\"https:\/\/schema.org\/ImageObject\" >\n\t\t\t\t\t\t<span itemprop='url'>https:\/\/seeco.es\/wp-content\/uploads\/2019\/10\/Cuadernos-de-Ecograf\u00eda.jpg<\/span>\n\t\t\t\t\t\t<span itemprop='height'>350<\/span>\n\t\t\t\t\t\t<span itemprop='width'>900<\/span>\n\t\t\t\t<\/span>\n\t\t\t\t<span class='av-structured-data'  itemprop=\"publisher\" itemtype=\"https:\/\/schema.org\/Organization\" itemscope=\"itemscope\" >\n\t\t\t\t\t\t<span itemprop='name'>Laura<\/span>\n\t\t\t\t\t\t<span itemprop='logo' itemscope itemtype='https:\/\/schema.org\/ImageObject'>\n\t\t\t\t\t\t\t<span itemprop='url'>https:\/\/seeco.es\/wp-content\/uploads\/2021\/03\/LogoSeeco-300x78.png<\/span>\n\t\t\t\t\t\t<\/span>\n\t\t\t\t<\/span><span class='av-structured-data'  itemprop=\"author\" itemscope=\"itemscope\" itemtype=\"https:\/\/schema.org\/Person\" ><span itemprop='name'>Laura<\/span><\/span><span class='av-structured-data'  itemprop=\"datePublished\" datetime=\"2019-10-26T15:49:20+00:00\" >2019-10-26 15:49:20<\/span><span class='av-structured-data'  itemprop=\"dateModified\" itemtype=\"https:\/\/schema.org\/dateModified\" >2025-09-17 05:24:52<\/span><span class='av-structured-data'  itemprop=\"mainEntityOfPage\" itemtype=\"https:\/\/schema.org\/mainEntityOfPage\" ><span itemprop='name'>Biliary Tract Ultrasound (Ultrasonic Cholangiography)<\/span><\/span><\/span><\/article><article class=\"post-entry post-entry-type-standard post-entry-545 post-loop-3 post-parity-odd bloglist-compact with-slider post-545 post type-post status-publish format-standard has-post-thumbnail hentry category-publicaciones\"  itemscope=\"itemscope\" itemtype=\"https:\/\/schema.org\/BlogPosting\" ><div class=\"blog-meta\"><\/div><div class='entry-content-wrapper clearfix standard-content'><header class=\"entry-content-header\" aria-label=\"Post: Ecograf\u00eda de la Ves\u00edcula Biliar (Colecistosonograf\u00eda)\"><span class='fallback-post-type-icon avia-svg-icon avia-font-svg_entypo-fontello' data-av_svg_icon='pencil' data-av_iconset='svg_entypo-fontello'><svg version=\"1.1\" xmlns=\"http:\/\/www.w3.org\/2000\/svg\" width=\"25\" height=\"32\" viewbox=\"0 0 25 32\" preserveaspectratio=\"xMidYMid meet\" role=\"graphics-symbol\" aria-hidden=\"true\">\n<path d=\"M22.976 5.44q1.024 1.024 1.504 2.048t0.48 1.536v0.512l-8.064 8.064-9.28 9.216-7.616 1.664 1.6-7.68 9.28-9.216 8.064-8.064q1.728-0.384 4.032 1.92zM7.168 25.92l0.768-0.768q-0.064-1.408-1.664-3.008-0.704-0.704-1.44-1.12t-1.12-0.416l-0.448-0.064-0.704 0.768-0.576 2.56q0.896 0.512 1.472 1.088 0.768 0.768 1.152 1.536z\"><\/path>\n<\/svg><\/span><h2 class='post-title entry-title'  itemprop=\"headline\" ><a href=\"https:\/\/seeco.es\/en\/ecografia-de-la-vesicula-biliar-colecistosonografia\/\" rel=\"bookmark\" title=\"Permanent Link: Ecograf\u00eda de la Ves\u00edcula Biliar (Colecistosonograf\u00eda)\">Gallbladder Ultrasound (Cholecystosonography)<span class=\"post-format-icon minor-meta\"><\/span><\/a><\/h2><\/header><footer class=\"entry-footer\"><\/footer><div class='post_delimiter'><\/div><\/div><div class=\"post_author_timeline\"><\/div><span class='hidden'>\n\t\t\t\t<span class='av-structured-data'  itemprop=\"image\" itemscope=\"itemscope\" itemtype=\"https:\/\/schema.org\/ImageObject\" >\n\t\t\t\t\t\t<span itemprop='url'>https:\/\/seeco.es\/wp-content\/uploads\/2019\/10\/Cuadernos-de-Ecograf\u00eda.jpg<\/span>\n\t\t\t\t\t\t<span itemprop='height'>350<\/span>\n\t\t\t\t\t\t<span itemprop='width'>900<\/span>\n\t\t\t\t<\/span>\n\t\t\t\t<span class='av-structured-data'  itemprop=\"publisher\" itemtype=\"https:\/\/schema.org\/Organization\" itemscope=\"itemscope\" >\n\t\t\t\t\t\t<span itemprop='name'>Laura<\/span>\n\t\t\t\t\t\t<span itemprop='logo' itemscope itemtype='https:\/\/schema.org\/ImageObject'>\n\t\t\t\t\t\t\t<span itemprop='url'>https:\/\/seeco.es\/wp-content\/uploads\/2021\/03\/LogoSeeco-300x78.png<\/span>\n\t\t\t\t\t\t<\/span>\n\t\t\t\t<\/span><span class='av-structured-data'  itemprop=\"author\" itemscope=\"itemscope\" itemtype=\"https:\/\/schema.org\/Person\" ><span itemprop='name'>Laura<\/span><\/span><span class='av-structured-data'  itemprop=\"datePublished\" datetime=\"2019-10-25T15:50:55+00:00\" >2019-10-25 15:50:55<\/span><span class='av-structured-data'  itemprop=\"dateModified\" itemtype=\"https:\/\/schema.org\/dateModified\" >2025-09-17 05:24:48<\/span><span class='av-structured-data'  itemprop=\"mainEntityOfPage\" itemtype=\"https:\/\/schema.org\/mainEntityOfPage\" ><span itemprop='name'>Gallbladder Ultrasound (Cholecystosonography)<\/span><\/span><\/span><\/article><article class=\"post-entry post-entry-type-standard post-entry-548 post-loop-4 post-parity-even post-entry-last bloglist-compact with-slider post-548 post type-post status-publish format-standard has-post-thumbnail hentry category-publicaciones\"  itemscope=\"itemscope\" itemtype=\"https:\/\/schema.org\/BlogPosting\" ><div class=\"blog-meta\"><\/div><div class='entry-content-wrapper clearfix standard-content'><header class=\"entry-content-header\" aria-label=\"Post: Obstetricia (I) \u2013 Embarazo y desarrollo fetal\"><span class='fallback-post-type-icon avia-svg-icon avia-font-svg_entypo-fontello' data-av_svg_icon='pencil' data-av_iconset='svg_entypo-fontello'><svg version=\"1.1\" xmlns=\"http:\/\/www.w3.org\/2000\/svg\" width=\"25\" height=\"32\" viewbox=\"0 0 25 32\" preserveaspectratio=\"xMidYMid meet\" role=\"graphics-symbol\" aria-hidden=\"true\">\n<path d=\"M22.976 5.44q1.024 1.024 1.504 2.048t0.48 1.536v0.512l-8.064 8.064-9.28 9.216-7.616 1.664 1.6-7.68 9.28-9.216 8.064-8.064q1.728-0.384 4.032 1.92zM7.168 25.92l0.768-0.768q-0.064-1.408-1.664-3.008-0.704-0.704-1.44-1.12t-1.12-0.416l-0.448-0.064-0.704 0.768-0.576 2.56q0.896 0.512 1.472 1.088 0.768 0.768 1.152 1.536z\"><\/path>\n<\/svg><\/span><h2 class='post-title entry-title'  itemprop=\"headline\" ><a href=\"https:\/\/seeco.es\/en\/obstetricia-i-embarazo-y-desarrollo-fetal\/\" rel=\"bookmark\" title=\"Permanent Link: Obstetricia (I) \u2013 Embarazo y desarrollo fetal\">Obstetrics (I) \u2013 Pregnancy and fetal development<span class=\"post-format-icon minor-meta\"><\/span><\/a><\/h2><\/header><footer class=\"entry-footer\"><\/footer><div class='post_delimiter'><\/div><\/div><div class=\"post_author_timeline\"><\/div><span class='hidden'>\n\t\t\t\t<span class='av-structured-data'  itemprop=\"image\" itemscope=\"itemscope\" itemtype=\"https:\/\/schema.org\/ImageObject\" >\n\t\t\t\t\t\t<span itemprop='url'>https:\/\/seeco.es\/wp-content\/uploads\/2019\/10\/Cuadernos-de-Ecograf\u00eda.jpg<\/span>\n\t\t\t\t\t\t<span itemprop='height'>350<\/span>\n\t\t\t\t\t\t<span itemprop='width'>900<\/span>\n\t\t\t\t<\/span>\n\t\t\t\t<span class='av-structured-data'  itemprop=\"publisher\" itemtype=\"https:\/\/schema.org\/Organization\" itemscope=\"itemscope\" >\n\t\t\t\t\t\t<span itemprop='name'>Laura<\/span>\n\t\t\t\t\t\t<span itemprop='logo' itemscope itemtype='https:\/\/schema.org\/ImageObject'>\n\t\t\t\t\t\t\t<span itemprop='url'>https:\/\/seeco.es\/wp-content\/uploads\/2021\/03\/LogoSeeco-300x78.png<\/span>\n\t\t\t\t\t\t<\/span>\n\t\t\t\t<\/span><span class='av-structured-data'  itemprop=\"author\" itemscope=\"itemscope\" itemtype=\"https:\/\/schema.org\/Person\" ><span itemprop='name'>Laura<\/span><\/span><span class='av-structured-data'  itemprop=\"datePublished\" datetime=\"2019-10-24T15:52:09+00:00\" >2019-10-24 15:52:09<\/span><span class='av-structured-data'  itemprop=\"dateModified\" itemtype=\"https:\/\/schema.org\/dateModified\" >2025-09-17 05:24:45<\/span><span class='av-structured-data'  itemprop=\"mainEntityOfPage\" itemtype=\"https:\/\/schema.org\/mainEntityOfPage\" ><span itemprop='name'>Obstetrics (I) \u2013 Pregnancy and fetal development<\/span><\/span><\/span><\/article><div class='bloglist-compact'><\/div><\/div><br \/>\n\n<style type=\"text\/css\" data-created_by=\"avia_inline_auto\" id=\"style-css-av-6bkwn1-fc9ab6c799fbcb8066e91807872695b9\">\n#top .hr.hr-invisible.av-6bkwn1-fc9ab6c799fbcb8066e91807872695b9{\nheight:20px;\n}\n<\/style>\n<div  class='hr av-6bkwn1-fc9ab6c799fbcb8066e91807872695b9 hr-invisible  avia-builder-el-0  el_before_av_three_fifth  avia-builder-el-first'><span class='hr-inner'><span class=\"hr-inner-style\"><\/span><\/span><\/div><\/p>\n<\/div><\/div>\n<style type=\"text\/css\" data-created_by=\"avia_inline_auto\" id=\"style-css-av-627udp-d66657b90db861cdd68bc24ee93faef5\">\n.flex_cell.av-627udp-d66657b90db861cdd68bc24ee93faef5{\nvertical-align:top;\nbackground:url(https:\/\/seeco.es\/wp-content\/uploads\/2019\/10\/PUBLICACIONES-SEECO-Sociedad-Espan\u0303ola-de-Ecografi\u0301a-III.jpg) 50% 50% no-repeat scroll ;\n}\n.responsive #top #wrap_all .flex_cell.av-627udp-d66657b90db861cdd68bc24ee93faef5{\npadding:100px 100px 100px 100px !important;\n}\n<\/style>\n<div class='flex_cell av-627udp-d66657b90db861cdd68bc24ee93faef5 av-gridrow-cell av_one_half no_margin content-align-top avia-full-stretch'  ><div class='flex_cell_inner'><\/div><\/div>\n<\/div>\n<\/div><\/div><\/div><!-- close content main div --><\/div><\/div><div id='welcome'  class='av-layout-grid-container av-3awz3-6-724e224aa3577a8fcd82d4f451a68988 entry-content-wrapper main_color av-fixed-cells  container_wrap fullsize'  >\n\n<style type=\"text\/css\" data-created_by=\"avia_inline_auto\" id=\"style-css-av-8yjyz3-5-c0babe95aec8f0c8dc17b23211448987\">\n.flex_cell.av-8yjyz3-5-c0babe95aec8f0c8dc17b23211448987{\nvertical-align:top;\nheight:15px;\nmin-height:15px;\nbackground-color:#404040;\n}\n.responsive #top #wrap_all .flex_cell.av-8yjyz3-5-c0babe95aec8f0c8dc17b23211448987{\npadding:0px 0px 0px 0px !important;\n}\n<\/style>\n<div class='flex_cell av-8yjyz3-5-c0babe95aec8f0c8dc17b23211448987 av-gridrow-cell av_one_fourth no_margin content-align-top av-zero-padding'  ><div class='flex_cell_inner'><\/div><\/div>\n<style type=\"text\/css\" data-created_by=\"avia_inline_auto\" id=\"style-css-av-8x6l73-4-160533cc25a7f333ddea6890c00dc70a\">\n.flex_cell.av-8x6l73-4-160533cc25a7f333ddea6890c00dc70a{\nvertical-align:top;\nheight:15px;\nmin-height:15px;\nbackground-color:#525252;\n}\n.responsive #top #wrap_all .flex_cell.av-8x6l73-4-160533cc25a7f333ddea6890c00dc70a{\npadding:0px 0px 0px 0px !important;\n}\n<\/style>\n<div class='flex_cell av-8x6l73-4-160533cc25a7f333ddea6890c00dc70a av-gridrow-cell av_one_fourth no_margin content-align-top av-zero-padding'  ><div class='flex_cell_inner'><\/div><\/div>\n<style type=\"text\/css\" data-created_by=\"avia_inline_auto\" id=\"style-css-av-8red1z-3-130d510e7b9055830775a6178a24ec05\">\n.flex_cell.av-8red1z-3-130d510e7b9055830775a6178a24ec05{\nvertical-align:top;\nheight:15px;\nmin-height:15px;\nbackground-color:#737373;\n}\n.responsive #top #wrap_all .flex_cell.av-8red1z-3-130d510e7b9055830775a6178a24ec05{\npadding:0px 0px 0px 0px !important;\n}\n<\/style>\n<div class='flex_cell av-8red1z-3-130d510e7b9055830775a6178a24ec05 av-gridrow-cell av_one_fourth no_margin content-align-top av-zero-padding'  ><div class='flex_cell_inner'><\/div><\/div>\n<style type=\"text\/css\" data-created_by=\"avia_inline_auto\" id=\"style-css-av-8kh9gn-2-815894421425d6ec8f8cb1dfa511a65b\">\n.flex_cell.av-8kh9gn-2-815894421425d6ec8f8cb1dfa511a65b{\nvertical-align:top;\nheight:15px;\nmin-height:15px;\nbackground-color:#999999;\n}\n.responsive #top #wrap_all .flex_cell.av-8kh9gn-2-815894421425d6ec8f8cb1dfa511a65b{\npadding:0px 0px 0px 0px !important;\n}\n<\/style>\n<div class='flex_cell av-8kh9gn-2-815894421425d6ec8f8cb1dfa511a65b av-gridrow-cell av_one_fourth no_margin content-align-top av-zero-padding'  ><div class='flex_cell_inner'><\/div><\/div>\n<\/div>","protected":false},"excerpt":{"rendered":"","protected":false},"author":140,"featured_media":0,"parent":0,"menu_order":0,"comment_status":"closed","ping_status":"closed","template":"","meta":{"footnotes":""},"class_list":["post-2591","page","type-page","status-publish","hentry"],"yoast_head":"<!-- This site is optimized with the Yoast SEO plugin v27.4 - https:\/\/yoast.com\/product\/yoast-seo-wordpress\/ -->\n<title>Publicaciones - SEECO<\/title>\n<meta name=\"robots\" content=\"noindex, nofollow\" \/>\n<meta property=\"og:locale\" content=\"en_GB\" \/>\n<meta property=\"og:type\" content=\"article\" \/>\n<meta property=\"og:title\" content=\"Publicaciones - SEECO\" \/>\n<meta property=\"og:url\" content=\"https:\/\/seeco.es\/en\/publicaciones\/\" \/>\n<meta property=\"og:site_name\" content=\"SEECO\" \/>\n<meta property=\"article:modified_time\" content=\"2025-03-19T08:23:43+00:00\" \/>\n<meta name=\"twitter:card\" content=\"summary_large_image\" \/>\n<meta name=\"twitter:label1\" content=\"Estimated reading time\" \/>\n\t<meta name=\"twitter:data1\" content=\"1 minute\" \/>\n<script type=\"application\/ld+json\" class=\"yoast-schema-graph\">{\"@context\":\"https:\\\/\\\/schema.org\",\"@graph\":[{\"@type\":\"WebPage\",\"@id\":\"https:\\\/\\\/seeco.es\\\/publicaciones\\\/\",\"url\":\"https:\\\/\\\/seeco.es\\\/publicaciones\\\/\",\"name\":\"Publicaciones - SEECO\",\"isPartOf\":{\"@id\":\"https:\\\/\\\/seeco.es\\\/#website\"},\"datePublished\":\"2025-03-12T14:56:28+00:00\",\"dateModified\":\"2025-03-19T08:23:43+00:00\",\"breadcrumb\":{\"@id\":\"https:\\\/\\\/seeco.es\\\/publicaciones\\\/#breadcrumb\"},\"inLanguage\":\"en-GB\",\"potentialAction\":[{\"@type\":\"ReadAction\",\"target\":[\"https:\\\/\\\/seeco.es\\\/publicaciones\\\/\"]}]},{\"@type\":\"BreadcrumbList\",\"@id\":\"https:\\\/\\\/seeco.es\\\/publicaciones\\\/#breadcrumb\",\"itemListElement\":[{\"@type\":\"ListItem\",\"position\":1,\"name\":\"Portada\",\"item\":\"https:\\\/\\\/seeco.es\\\/seeco\\\/\"},{\"@type\":\"ListItem\",\"position\":2,\"name\":\"Publicaciones\"}]},{\"@type\":\"WebSite\",\"@id\":\"https:\\\/\\\/seeco.es\\\/#website\",\"url\":\"https:\\\/\\\/seeco.es\\\/\",\"name\":\"SEECO\",\"description\":\"Sociedad Espa\u00f1ola de Ecograf\u00eda\",\"potentialAction\":[{\"@type\":\"SearchAction\",\"target\":{\"@type\":\"EntryPoint\",\"urlTemplate\":\"https:\\\/\\\/seeco.es\\\/?s={search_term_string}\"},\"query-input\":{\"@type\":\"PropertyValueSpecification\",\"valueRequired\":true,\"valueName\":\"search_term_string\"}}],\"inLanguage\":\"en-GB\"}]}<\/script>\n<!-- \/ Yoast SEO plugin. -->","yoast_head_json":{"title":"Publications - SEECO","robots":{"index":"noindex","follow":"nofollow"},"og_locale":"en_GB","og_type":"article","og_title":"Publicaciones - SEECO","og_url":"https:\/\/seeco.es\/en\/publicaciones\/","og_site_name":"SEECO","article_modified_time":"2025-03-19T08:23:43+00:00","twitter_card":"summary_large_image","twitter_misc":{"Estimated reading time":"1 minute"},"schema":{"@context":"https:\/\/schema.org","@graph":[{"@type":"WebPage","@id":"https:\/\/seeco.es\/publicaciones\/","url":"https:\/\/seeco.es\/publicaciones\/","name":"Publications - SEECO","isPartOf":{"@id":"https:\/\/seeco.es\/#website"},"datePublished":"2025-03-12T14:56:28+00:00","dateModified":"2025-03-19T08:23:43+00:00","breadcrumb":{"@id":"https:\/\/seeco.es\/publicaciones\/#breadcrumb"},"inLanguage":"en-GB","potentialAction":[{"@type":"ReadAction","target":["https:\/\/seeco.es\/publicaciones\/"]}]},{"@type":"BreadcrumbList","@id":"https:\/\/seeco.es\/publicaciones\/#breadcrumb","itemListElement":[{"@type":"ListItem","position":1,"name":"Portada","item":"https:\/\/seeco.es\/seeco\/"},{"@type":"ListItem","position":2,"name":"Publicaciones"}]},{"@type":"WebSite","@id":"https:\/\/seeco.es\/#website","url":"https:\/\/seeco.es\/","name":"SEECO","description":"Spanish Society of Ultrasound","potentialAction":[{"@type":"SearchAction","target":{"@type":"EntryPoint","urlTemplate":"https:\/\/seeco.es\/?s={search_term_string}"},"query-input":{"@type":"PropertyValueSpecification","valueRequired":true,"valueName":"search_term_string"}}],"inLanguage":"en-GB"}]}},"_links":{"self":[{"href":"https:\/\/seeco.es\/en\/wp-json\/wp\/v2\/pages\/2591","targetHints":{"allow":["GET"]}}],"collection":[{"href":"https:\/\/seeco.es\/en\/wp-json\/wp\/v2\/pages"}],"about":[{"href":"https:\/\/seeco.es\/en\/wp-json\/wp\/v2\/types\/page"}],"author":[{"embeddable":true,"href":"https:\/\/seeco.es\/en\/wp-json\/wp\/v2\/users\/140"}],"replies":[{"embeddable":true,"href":"https:\/\/seeco.es\/en\/wp-json\/wp\/v2\/comments?post=2591"}],"version-history":[{"count":1,"href":"https:\/\/seeco.es\/en\/wp-json\/wp\/v2\/pages\/2591\/revisions"}],"predecessor-version":[{"id":4006,"href":"https:\/\/seeco.es\/en\/wp-json\/wp\/v2\/pages\/2591\/revisions\/4006"}],"wp:attachment":[{"href":"https:\/\/seeco.es\/en\/wp-json\/wp\/v2\/media?parent=2591"}],"curies":[{"name":"wp","href":"https:\/\/api.w.org\/{rel}","templated":true}]}}